{"id":2716,"date":"2023-03-21T09:37:36","date_gmt":"2023-03-21T09:37:36","guid":{"rendered":"https:\/\/tecnologia.vamtam.com\/?page_id=2716"},"modified":"2025-02-14T15:27:41","modified_gmt":"2025-02-14T12:27:41","slug":"ag-ve-uygulama-performans-izleme-cozumleri","status":"publish","type":"page","link":"https:\/\/www.morten.com.tr\/en\/cozumlerimiz\/ag-ve-uygulama-performans-izleme-cozumleri\/","title":{"rendered":"Network and Application Performance Monitoring Solutions"},"content":{"rendered":"<div data-elementor-type=\"wp-page\" data-elementor-id=\"2716\" class=\"elementor elementor-2716\" data-elementor-post-type=\"page\">\n\t\t\t\t\t\t<section class=\"elementor-section elementor-top-section elementor-element elementor-element-836ab84 elementor-section-content-middle elementor-reverse-mobile elementor-section-boxed elementor-section-height-default elementor-section-height-default\" data-id=\"836ab84\" data-element_type=\"section\" data-e-type=\"section\">\n\t\t\t\t\t\t<div class=\"elementor-container elementor-column-gap-no\">\n\t\t\t\t\t<div class=\"elementor-column elementor-col-50 elementor-top-column elementor-element elementor-element-6524225\" data-id=\"6524225\" data-element_type=\"column\" data-e-type=\"column\">\n\t\t\t<div class=\"elementor-widget-wrap elementor-element-populated\">\n\t\t\t\t\t\t<div class=\"elementor-element elementor-element-88caf98 elementor-widget elementor-widget-text-editor\" data-id=\"88caf98\" data-element_type=\"widget\" data-e-type=\"widget\" data-widget_type=\"text-editor.default\">\n\t\t\t\t<div class=\"elementor-widget-container\">\n\t\t\t\t\t\t\t\t\t<p class=\"translation-block\">The efficient operation of the network infrastructure of businesses is critical for the uninterrupted and rapid progress of business processes. Our network performance analysis and monitoring solutions continuously monitor your network, detect potential problems in advance and provide proactive solutions. The relevant solutions instantly detect bottlenecks, delays or potential security threats within the network infrastructure. We continuously monitor your networks of various sizes, ensuring that they operate quickly, efficiently and securely.<\/p>\t\t\t\t\t\t\t\t<\/div>\n\t\t\t\t<\/div>\n\t\t\t\t\t<\/div>\n\t\t<\/div>\n\t\t\t\t<div class=\"elementor-column elementor-col-50 elementor-top-column elementor-element elementor-element-ee43d69\" data-id=\"ee43d69\" data-element_type=\"column\" data-e-type=\"column\" data-settings=\"{&quot;background_background&quot;:&quot;classic&quot;}\">\n\t\t\t<div class=\"elementor-widget-wrap elementor-element-populated\">\n\t\t\t\t\t\t<div class=\"elementor-element elementor-element-0a97bed elementor-widget elementor-widget-spacer\" data-id=\"0a97bed\" data-element_type=\"widget\" data-e-type=\"widget\" data-widget_type=\"spacer.default\">\n\t\t\t\t<div class=\"elementor-widget-container\">\n\t\t\t\t\t\t\t<div class=\"elementor-spacer\">\n\t\t\t<div class=\"elementor-spacer-inner\"><\/div>\n\t\t<\/div>\n\t\t\t\t\t\t<\/div>\n\t\t\t\t<\/div>\n\t\t\t\t\t<\/div>\n\t\t<\/div>\n\t\t\t\t\t<\/div>\n\t\t<\/section>\n\t\t<div class=\"elementor-element elementor-element-36f67ab e-grid e-con-boxed e-con e-parent\" data-id=\"36f67ab\" data-element_type=\"container\" data-e-type=\"container\">\n\t\t\t\t\t<div class=\"e-con-inner\">\n\t\t\t\t<div class=\"elementor-element elementor-element-83621d7 elementor-widget__width-initial elementor-cta--skin-classic elementor-animated-content elementor-bg-transform elementor-bg-transform-zoom-in elementor-widget elementor-widget-call-to-action\" data-id=\"83621d7\" data-element_type=\"widget\" data-e-type=\"widget\" data-widget_type=\"call-to-action.default\">\n\t\t\t\t<div class=\"elementor-widget-container\">\n\t\t\t\t\t\t\t<div class=\"elementor-cta\">\n\t\t\t\t\t\t\t<div class=\"elementor-cta__content\">\n\t\t\t\t\t\t\t\t\t<div class=\"elementor-content-item elementor-cta__content-item elementor-icon-wrapper elementor-cta__icon elementor-view-default\">\n\t\t\t\t\t\t<div class=\"elementor-icon\">\n\t\t\t\t\t\t\t<i aria-hidden=\"true\" class=\"vamtamtheme- vamtam-theme-Efficiency\"><\/i>\t\t\t\t\t\t<\/div>\n\t\t\t\t\t<\/div>\n\t\t\t\t\n\t\t\t\t\t\t\t\t\t<h3 class=\"elementor-cta__title elementor-cta__content-item elementor-content-item\">\n\t\t\t\t\t\tNetwork Performance Monitoring\t\t\t\t\t<\/h3>\n\t\t\t\t\n\t\t\t\t\t\t\t\t\t<div class=\"elementor-cta__description elementor-cta__content-item elementor-content-item\">\n\t\t\t\t\t\tThese are software tools used to continuously monitor and improve the health of a network. These solutions aim to detect potential problems in advance and provide administrators with solutions by monitoring the speed, efficiency and security of the network.\t\t\t\t\t<\/div>\n\t\t\t\t\n\t\t\t\t\t\t\t\t\t<div class=\"elementor-cta__button-wrapper elementor-cta__content-item elementor-content-item\">\n\t\t\t\t\t<a class=\"elementor-cta__button elementor-button elementor-size-\" href=\"https:\/\/www.morten.com.tr\/en\/cozumlerimiz\/ag-ve-uygulama-performans-izleme-cozumleri\/ag-performans-izleme\/\">\n\t\t\t\t\t\tShow More \t\t\t\t\t<\/a>\n\t\t\t\t\t<\/div>\n\t\t\t\t\t\t\t<\/div>\n\t\t\t\t\t\t<\/div>\n\t\t\t\t\t\t<\/div>\n\t\t\t\t<\/div>\n\t\t\t\t<div class=\"elementor-element elementor-element-b973681 elementor-cta--skin-classic elementor-animated-content elementor-bg-transform elementor-bg-transform-zoom-in elementor-widget elementor-widget-call-to-action\" data-id=\"b973681\" data-element_type=\"widget\" data-e-type=\"widget\" data-widget_type=\"call-to-action.default\">\n\t\t\t\t<div class=\"elementor-widget-container\">\n\t\t\t\t\t\t\t<div class=\"elementor-cta\">\n\t\t\t\t\t\t\t<div class=\"elementor-cta__content\">\n\t\t\t\t\t\t\t\t\t<div class=\"elementor-content-item elementor-cta__content-item elementor-icon-wrapper elementor-cta__icon elementor-view-default\">\n\t\t\t\t\t\t<div class=\"elementor-icon\">\n\t\t\t\t\t\t\t<svg xmlns=\"http:\/\/www.w3.org\/2000\/svg\" xmlns:xlink=\"http:\/\/www.w3.org\/1999\/xlink\" fill=\"#000000\" height=\"800px\" width=\"800px\" viewbox=\"0 0 439.479 439.479\"><g><path d=\"m407.18,60.082h-374.882c-17.81,0-32.298,14.489-32.298,32.299v226.626c0,17.81 14.488,32.299 32.298,32.299h106.252l-12.162,13.091h-18.23c-4.143,0-7.5,3.358-7.5,7.5s3.357,7.5 7.5,7.5h223.162c4.143,0 7.5-3.358 7.5-7.5s-3.357-7.5-7.5-7.5h-18.23l-12.162-13.091h106.252c17.81,0 32.299-14.489 32.299-32.299v-226.626c0-17.81-14.49-32.299-32.299-32.299zm-392.18,250.422v-209.62h409.479v209.621h-409.479zm17.298-235.423h374.882c7.24,0 13.447,4.475 16.021,10.801h-406.924c2.575-6.325 8.781-10.801 16.021-10.801zm260.318,289.314h-145.754l12.162-13.091h121.43l12.162,13.091zm114.564-28.09h-374.882c-7.24,0-13.446-4.475-16.021-10.801h406.924c-2.575,6.325-8.781,10.801-16.021,10.801z\"><\/path><path d=\"m374.171,159.137c-9.064-9.064-23.814-9.065-32.879,0-4.392,4.391-6.811,10.23-6.811,16.44 0,3.34 0.721,6.562 2.051,9.52l-59.872,47.207c-6.806-3.618-15.042-3.618-21.847,0l-59.883-47.216c3.825-8.549 2.259-18.944-4.748-25.95-9.065-9.064-23.813-9.066-32.88,0-7.006,7.007-8.573,17.401-4.748,25.95l-59.883,47.216c-8.789-4.672-19.965-3.317-27.363,4.08-9.064,9.065-9.064,23.814 0,32.879 4.533,4.532 10.486,6.799 16.439,6.799 5.954,0 11.907-2.266 16.44-6.799 7.006-7.007 8.573-17.401 4.748-25.95l59.883-47.216c3.403,1.809 7.162,2.719 10.923,2.719 3.762,0 7.521-0.91 10.924-2.719l59.883,47.216c-3.825,8.549-2.259,18.944 4.748,25.95 4.533,4.533 10.485,6.798 16.44,6.798 5.952,0 11.907-2.266 16.439-6.798 0,0 0,0 0.001,0 7.006-7.007 8.572-17.401 4.747-25.95l59.884-47.216c3.403,1.809 7.162,2.719 10.924,2.719 5.953,0 11.906-2.266 16.439-6.799 9.065-9.065 9.065-23.815 0.001-32.88zm-286.591,99.519c-3.214,3.216-8.449,3.217-11.665,0-3.217-3.217-3.217-8.45 0-11.666 1.607-1.608 3.72-2.412 5.832-2.412 2.113,0 4.226,0.804 5.833,2.412 3.217,3.216 3.217,8.45 1.42109e-14,11.666zm80.329-77.246c-3.217-3.217-3.217-8.45 0-11.666 1.607-1.608 3.72-2.412 5.832-2.412 2.113,0 4.226,0.804 5.833,2.412 3.217,3.217 3.217,8.45 0,11.666-3.213,3.216-8.448,3.217-11.665,0zm103.661,77.246c-3.217,3.217-8.452,3.216-11.667,0-3.217-3.217-3.217-8.45 0-11.666 1.607-1.608 3.72-2.412 5.833-2.412 2.112,0 4.226,0.804 5.833,2.412 3.217,3.216 3.217,8.45 0.001,11.666zm91.993-77.246c-3.215,3.216-8.449,3.216-11.666,0-1.559-1.558-2.416-3.629-2.416-5.833 0-2.203 0.857-4.275 2.417-5.833 1.607-1.608 3.72-2.412 5.833-2.412 2.112,0 4.225,0.804 5.832,2.412 3.217,3.216 3.217,8.449 0,11.666z\"><\/path><\/g><\/svg>\t\t\t\t\t\t<\/div>\n\t\t\t\t\t<\/div>\n\t\t\t\t\n\t\t\t\t\t\t\t\t\t<h3 class=\"elementor-cta__title elementor-cta__content-item elementor-content-item\">\n\t\t\t\t\t\tNetwork Monitoring Solutions\t\t\t\t\t<\/h3>\n\t\t\t\t\n\t\t\t\t\t\t\t\t\t<div class=\"elementor-cta__description elementor-cta__content-item elementor-content-item\">\n\t\t\t\t\t\tNetwork Monitoring solution is a system that monitors and analyzes all components of a network in real time.\t\t\t\t\t<\/div>\n\t\t\t\t\n\t\t\t\t\t\t\t\t\t<div class=\"elementor-cta__button-wrapper elementor-cta__content-item elementor-content-item\">\n\t\t\t\t\t<a class=\"elementor-cta__button elementor-button elementor-size-\" href=\"https:\/\/www.morten.com.tr\/en\/cozumlerimiz\/ag-ve-uygulama-performans-izleme-cozumleri\/ag-izleme-cozumu\/\">\n\t\t\t\t\t\tShow More \t\t\t\t\t<\/a>\n\t\t\t\t\t<\/div>\n\t\t\t\t\t\t\t<\/div>\n\t\t\t\t\t\t<\/div>\n\t\t\t\t\t\t<\/div>\n\t\t\t\t<\/div>\n\t\t\t\t<div class=\"elementor-element elementor-element-5bb06ec elementor-cta--skin-classic elementor-animated-content elementor-bg-transform elementor-bg-transform-zoom-in elementor-widget elementor-widget-call-to-action\" data-id=\"5bb06ec\" data-element_type=\"widget\" data-e-type=\"widget\" data-widget_type=\"call-to-action.default\">\n\t\t\t\t<div class=\"elementor-widget-container\">\n\t\t\t\t\t\t\t<div class=\"elementor-cta\">\n\t\t\t\t\t\t\t<div class=\"elementor-cta__content\">\n\t\t\t\t\t\t\t\t\t<div class=\"elementor-content-item elementor-cta__content-item elementor-icon-wrapper elementor-cta__icon elementor-view-default\">\n\t\t\t\t\t\t<div class=\"elementor-icon\">\n\t\t\t\t\t\t\t<svg xmlns=\"http:\/\/www.w3.org\/2000\/svg\" id=\"a\" viewbox=\"0 0 672.83 600.67\"><defs><style>      .cls-1 {        fill: none;      }      .cls-1, .cls-2 {        stroke: #030ec8;        stroke-linecap: round;        stroke-linejoin: round;        stroke-width: 16.67px;      }      .cls-2 {        fill: #fff;      }    <\/style><\/defs><path class=\"cls-2\" d=\"M516.71,363.23c.19-3.83.29-7.69.29-11.57,0-126.83-102.67-229.5-229.33-229.5S58.17,224.83,58.17,351.67c0,50.5,16.33,97.33,44,135.17l-34.33,34.33c-37.5-53-59.5-117.67-59.5-187.33C8.33,154.17,154,8.33,333.83,8.33s325.5,145.83,325.5,325.5c0,28.7-3.72,56.55-10.7,83.07\"><\/path><line class=\"cls-1\" x1=\"562.65\" y1=\"102.43\" x2=\"467.21\" y2=\"208.9\"><\/line><line class=\"cls-1\" x1=\"107.57\" y1=\"99.9\" x2=\"158.94\" y2=\"161.6\"><\/line><polygon class=\"cls-1\" points=\"128.91 235.25 412.08 395.06 364.42 438.05 128.91 235.25\"><\/polygon><circle class=\"cls-1\" cx=\"547.83\" cy=\"475.67\" r=\"116.67\"><\/circle><g><line class=\"cls-1\" x1=\"545.45\" y1=\"478.05\" x2=\"501.42\" y2=\"522.08\"><\/line><polyline class=\"cls-1\" points=\"562.88 412.99 535.38 440.49 545.45 478.05 583.01 488.12 610.51 460.62\"><\/polyline><\/g><\/svg>\t\t\t\t\t\t<\/div>\n\t\t\t\t\t<\/div>\n\t\t\t\t\n\t\t\t\t\t\t\t\t\t<h3 class=\"elementor-cta__title elementor-cta__content-item elementor-content-item\">\n\t\t\t\t\t\tApplication Performance Monitoring\t\t\t\t\t<\/h3>\n\t\t\t\t\n\t\t\t\t\t\t\t\t\t<div class=\"elementor-cta__description elementor-cta__content-item elementor-content-item\">\n\t\t\t\t\t\tApplication Performance Monitoring (APM) is a technology used to monitor, analyze and optimize the performance of a software application.\t\t\t\t\t<\/div>\n\t\t\t\t\n\t\t\t\t\t\t\t\t\t<div class=\"elementor-cta__button-wrapper elementor-cta__content-item elementor-content-item\">\n\t\t\t\t\t<a class=\"elementor-cta__button elementor-button elementor-size-\" href=\"https:\/\/www.morten.com.tr\/en\/cozumlerimiz\/ag-ve-uygulama-performans-izleme-cozumleri\/uygulama-performans-izleme\/\">\n\t\t\t\t\t\tShow More \t\t\t\t\t<\/a>\n\t\t\t\t\t<\/div>\n\t\t\t\t\t\t\t<\/div>\n\t\t\t\t\t\t<\/div>\n\t\t\t\t\t\t<\/div>\n\t\t\t\t<\/div>\n\t\t\t\t\t<\/div>\n\t\t\t\t<\/div>\n\t\t\t\t<\/div>","protected":false},"excerpt":{"rendered":"<p>Why hire an internal IT person, when you can have an entire team of IT experts for a fraction of the cost?<\/p>","protected":false},"author":1,"featured_media":0,"parent":465,"menu_order":0,"comment_status":"closed","ping_status":"closed","template":"","meta":{"_monsterinsights_skip_tracking":false,"_monsterinsights_sitenote_active":false,"_monsterinsights_sitenote_note":"","_monsterinsights_sitenote_category":0,"footnotes":""},"class_list":["post-2716","page","type-page","status-publish","hentry"],"yoast_head":"<!-- This site is optimized with the Yoast SEO Premium plugin v25.9 (Yoast SEO v25.9) - https:\/\/yoast.com\/wordpress\/plugins\/seo\/ -->\n<title>A\u011f ve Uygulama Performans \u0130zleme \u00c7\u00f6z\u00fcmleri - Morten<\/title>\n<meta name=\"description\" content=\"A\u011f ve Uygulama Performans \u0130zleme \u00c7\u00f6z\u00fcmleri - Morten\" \/>\n<meta name=\"robots\" content=\"index, follow, max-snippet:-1, max-image-preview:large, max-video-preview:-1\" \/>\n<link rel=\"canonical\" href=\"https:\/\/www.morten.com.tr\/en\/cozumlerimiz\/ag-ve-uygulama-performans-izleme-cozumleri\/\" \/>\n<meta property=\"og:locale\" content=\"en_US\" \/>\n<meta property=\"og:type\" content=\"article\" \/>\n<meta property=\"og:title\" content=\"A\u011f ve Uygulama Performans \u0130zleme \u00c7\u00f6z\u00fcmleri\" \/>\n<meta property=\"og:description\" content=\"A\u011f ve Uygulama Performans \u0130zleme \u00c7\u00f6z\u00fcmleri - Morten\" \/>\n<meta property=\"og:url\" content=\"https:\/\/www.morten.com.tr\/en\/cozumlerimiz\/ag-ve-uygulama-performans-izleme-cozumleri\/\" \/>\n<meta property=\"og:site_name\" content=\"Morten\" \/>\n<meta property=\"article:publisher\" content=\"https:\/\/www.facebook.com\/BTEgitimMorten\" \/>\n<meta property=\"article:modified_time\" content=\"2025-02-14T12:27:41+00:00\" \/>\n<meta name=\"twitter:card\" content=\"summary_large_image\" \/>\n<meta name=\"twitter:label1\" content=\"Est. reading time\" \/>\n\t<meta name=\"twitter:data1\" content=\"1 minute\" \/>\n<script type=\"application\/ld+json\" class=\"yoast-schema-graph\">{\"@context\":\"https:\/\/schema.org\",\"@graph\":[{\"@type\":\"WebPage\",\"@id\":\"https:\/\/www.morten.com.tr\/cozumlerimiz\/ag-ve-uygulama-performans-izleme-cozumleri\/\",\"url\":\"https:\/\/www.morten.com.tr\/cozumlerimiz\/ag-ve-uygulama-performans-izleme-cozumleri\/\",\"name\":\"A\u011f ve Uygulama Performans \u0130zleme \u00c7\u00f6z\u00fcmleri - Morten\",\"isPartOf\":{\"@id\":\"https:\/\/www.morten.com.tr\/#website\"},\"datePublished\":\"2023-03-21T09:37:36+00:00\",\"dateModified\":\"2025-02-14T12:27:41+00:00\",\"description\":\"A\u011f ve Uygulama Performans \u0130zleme \u00c7\u00f6z\u00fcmleri - Morten\",\"breadcrumb\":{\"@id\":\"https:\/\/www.morten.com.tr\/cozumlerimiz\/ag-ve-uygulama-performans-izleme-cozumleri\/#breadcrumb\"},\"inLanguage\":\"en-US\",\"potentialAction\":[{\"@type\":\"ReadAction\",\"target\":[\"https:\/\/www.morten.com.tr\/cozumlerimiz\/ag-ve-uygulama-performans-izleme-cozumleri\/\"]}]},{\"@type\":\"BreadcrumbList\",\"@id\":\"https:\/\/www.morten.com.tr\/cozumlerimiz\/ag-ve-uygulama-performans-izleme-cozumleri\/#breadcrumb\",\"itemListElement\":[{\"@type\":\"ListItem\",\"position\":1,\"name\":\"Home\",\"item\":\"https:\/\/www.morten.com.tr\/\"},{\"@type\":\"ListItem\",\"position\":2,\"name\":\"\u00c7\u00f6z\u00fcmlerimizY\u00f6nlendirme\",\"item\":\"https:\/\/morten.com.tr\/cozumlerimiz\/\"},{\"@type\":\"ListItem\",\"position\":3,\"name\":\"A\u011f ve Uygulama Performans \u0130zleme \u00c7\u00f6z\u00fcmleri\"}]},{\"@type\":\"WebSite\",\"@id\":\"https:\/\/www.morten.com.tr\/#website\",\"url\":\"https:\/\/www.morten.com.tr\/\",\"name\":\"Morten\",\"description\":\"\",\"publisher\":{\"@id\":\"https:\/\/www.morten.com.tr\/#organization\"},\"potentialAction\":[{\"@type\":\"SearchAction\",\"target\":{\"@type\":\"EntryPoint\",\"urlTemplate\":\"https:\/\/www.morten.com.tr\/?s={search_term_string}\"},\"query-input\":{\"@type\":\"PropertyValueSpecification\",\"valueRequired\":true,\"valueName\":\"search_term_string\"}}],\"inLanguage\":\"en-US\"},{\"@type\":\"Organization\",\"@id\":\"https:\/\/www.morten.com.tr\/#organization\",\"name\":\"Morten Bilgi ve \u0130leti\u015fim Hizmetleri A.\u015e.\",\"alternateName\":\"Morten\",\"url\":\"https:\/\/www.morten.com.tr\/\",\"logo\":{\"@type\":\"ImageObject\",\"inLanguage\":\"en-US\",\"@id\":\"https:\/\/www.morten.com.tr\/#\/schema\/logo\/image\/\",\"url\":\"https:\/\/www.morten.com.tr\/wp-content\/uploads\/2024\/11\/mortenbt.webp\",\"contentUrl\":\"https:\/\/www.morten.com.tr\/wp-content\/uploads\/2024\/11\/mortenbt.webp\",\"width\":265,\"height\":116,\"caption\":\"Morten Bilgi ve \u0130leti\u015fim Hizmetleri A.\u015e.\"},\"image\":{\"@id\":\"https:\/\/www.morten.com.tr\/#\/schema\/logo\/image\/\"},\"sameAs\":[\"https:\/\/www.facebook.com\/BTEgitimMorten\"]}]}<\/script>\n<!-- \/ Yoast SEO Premium plugin. -->","yoast_head_json":{"title":"A\u011f ve Uygulama Performans \u0130zleme \u00c7\u00f6z\u00fcmleri - Morten","description":"A\u011f ve Uygulama Performans \u0130zleme \u00c7\u00f6z\u00fcmleri - Morten","robots":{"index":"index","follow":"follow","max-snippet":"max-snippet:-1","max-image-preview":"max-image-preview:large","max-video-preview":"max-video-preview:-1"},"canonical":"https:\/\/www.morten.com.tr\/en\/cozumlerimiz\/ag-ve-uygulama-performans-izleme-cozumleri\/","og_locale":"en_US","og_type":"article","og_title":"A\u011f ve Uygulama Performans \u0130zleme \u00c7\u00f6z\u00fcmleri","og_description":"A\u011f ve Uygulama Performans \u0130zleme \u00c7\u00f6z\u00fcmleri - Morten","og_url":"https:\/\/www.morten.com.tr\/en\/cozumlerimiz\/ag-ve-uygulama-performans-izleme-cozumleri\/","og_site_name":"Morten","article_publisher":"https:\/\/www.facebook.com\/BTEgitimMorten","article_modified_time":"2025-02-14T12:27:41+00:00","twitter_card":"summary_large_image","twitter_misc":{"Est. reading time":"1 minute"},"schema":{"@context":"https:\/\/schema.org","@graph":[{"@type":"WebPage","@id":"https:\/\/www.morten.com.tr\/cozumlerimiz\/ag-ve-uygulama-performans-izleme-cozumleri\/","url":"https:\/\/www.morten.com.tr\/cozumlerimiz\/ag-ve-uygulama-performans-izleme-cozumleri\/","name":"A\u011f ve Uygulama Performans \u0130zleme \u00c7\u00f6z\u00fcmleri - Morten","isPartOf":{"@id":"https:\/\/www.morten.com.tr\/#website"},"datePublished":"2023-03-21T09:37:36+00:00","dateModified":"2025-02-14T12:27:41+00:00","description":"A\u011f ve Uygulama Performans \u0130zleme \u00c7\u00f6z\u00fcmleri - Morten","breadcrumb":{"@id":"https:\/\/www.morten.com.tr\/cozumlerimiz\/ag-ve-uygulama-performans-izleme-cozumleri\/#breadcrumb"},"inLanguage":"en-US","potentialAction":[{"@type":"ReadAction","target":["https:\/\/www.morten.com.tr\/cozumlerimiz\/ag-ve-uygulama-performans-izleme-cozumleri\/"]}]},{"@type":"BreadcrumbList","@id":"https:\/\/www.morten.com.tr\/cozumlerimiz\/ag-ve-uygulama-performans-izleme-cozumleri\/#breadcrumb","itemListElement":[{"@type":"ListItem","position":1,"name":"Home","item":"https:\/\/www.morten.com.tr\/"},{"@type":"ListItem","position":2,"name":"\u00c7\u00f6z\u00fcmlerimizY\u00f6nlendirme","item":"https:\/\/morten.com.tr\/cozumlerimiz\/"},{"@type":"ListItem","position":3,"name":"A\u011f ve Uygulama Performans \u0130zleme \u00c7\u00f6z\u00fcmleri"}]},{"@type":"WebSite","@id":"https:\/\/www.morten.com.tr\/#website","url":"https:\/\/www.morten.com.tr\/","name":"Morten","description":"","publisher":{"@id":"https:\/\/www.morten.com.tr\/#organization"},"potentialAction":[{"@type":"SearchAction","target":{"@type":"EntryPoint","urlTemplate":"https:\/\/www.morten.com.tr\/?s={search_term_string}"},"query-input":{"@type":"PropertyValueSpecification","valueRequired":true,"valueName":"search_term_string"}}],"inLanguage":"en-US"},{"@type":"Organization","@id":"https:\/\/www.morten.com.tr\/#organization","name":"Morten Information and Communication Services Inc.","alternateName":"Morten","url":"https:\/\/www.morten.com.tr\/","logo":{"@type":"ImageObject","inLanguage":"en-US","@id":"https:\/\/www.morten.com.tr\/#\/schema\/logo\/image\/","url":"https:\/\/www.morten.com.tr\/wp-content\/uploads\/2024\/11\/mortenbt.webp","contentUrl":"https:\/\/www.morten.com.tr\/wp-content\/uploads\/2024\/11\/mortenbt.webp","width":265,"height":116,"caption":"Morten Bilgi ve \u0130leti\u015fim Hizmetleri A.\u015e."},"image":{"@id":"https:\/\/www.morten.com.tr\/#\/schema\/logo\/image\/"},"sameAs":["https:\/\/www.facebook.com\/BTEgitimMorten"]}]}},"_links":{"self":[{"href":"https:\/\/www.morten.com.tr\/en\/wp-json\/wp\/v2\/pages\/2716"}],"collection":[{"href":"https:\/\/www.morten.com.tr\/en\/wp-json\/wp\/v2\/pages"}],"about":[{"href":"https:\/\/www.morten.com.tr\/en\/wp-json\/wp\/v2\/types\/page"}],"author":[{"embeddable":true,"href":"https:\/\/www.morten.com.tr\/en\/wp-json\/wp\/v2\/users\/1"}],"replies":[{"embeddable":true,"href":"https:\/\/www.morten.com.tr\/en\/wp-json\/wp\/v2\/comments?post=2716"}],"version-history":[{"count":59,"href":"https:\/\/www.morten.com.tr\/en\/wp-json\/wp\/v2\/pages\/2716\/revisions"}],"predecessor-version":[{"id":996527,"href":"https:\/\/www.morten.com.tr\/en\/wp-json\/wp\/v2\/pages\/2716\/revisions\/996527"}],"up":[{"embeddable":true,"href":"https:\/\/www.morten.com.tr\/en\/wp-json\/wp\/v2\/pages\/465"}],"wp:attachment":[{"href":"https:\/\/www.morten.com.tr\/en\/wp-json\/wp\/v2\/media?parent=2716"}],"curies":[{"name":"wp","href":"https:\/\/api.w.org\/{rel}","templated":true}]}}