{"id":3712,"date":"2023-03-25T14:03:01","date_gmt":"2023-03-25T14:03:01","guid":{"rendered":"https:\/\/tecnologia.vamtam.com\/?page_id=3712"},"modified":"2026-04-13T09:05:29","modified_gmt":"2026-04-13T06:05:29","slug":"sectrail-cm","status":"publish","type":"page","link":"https:\/\/www.morten.com.tr\/en\/sectrail-cm\/","title":{"rendered":"Sectrail CM"},"content":{"rendered":"\t\t<div data-elementor-type=\"wp-page\" data-elementor-id=\"3712\" class=\"elementor elementor-3712\" data-elementor-post-type=\"page\">\n\t\t\t\t\t\t<section class=\"elementor-section elementor-top-section elementor-element elementor-element-17f67ad elementor-section-full_width elementor-section-content-top elementor-section-stretched elementor-section-height-default elementor-section-height-default\" data-id=\"17f67ad\" data-element_type=\"section\" data-e-type=\"section\" data-settings=\"{&quot;background_background&quot;:&quot;classic&quot;,&quot;background_motion_fx_motion_fx_scrolling&quot;:&quot;yes&quot;,&quot;background_motion_fx_translateY_effect&quot;:&quot;yes&quot;,&quot;background_motion_fx_translateY_speed&quot;:{&quot;unit&quot;:&quot;px&quot;,&quot;size&quot;:2,&quot;sizes&quot;:[]},&quot;background_motion_fx_devices&quot;:[&quot;desktop&quot;],&quot;stretch_section&quot;:&quot;section-stretched&quot;,&quot;background_motion_fx_translateY_affectedRange&quot;:{&quot;unit&quot;:&quot;%&quot;,&quot;size&quot;:&quot;&quot;,&quot;sizes&quot;:{&quot;start&quot;:0,&quot;end&quot;:100}}}\">\n\t\t\t\t\t\t<div class=\"elementor-container elementor-column-gap-default\">\n\t\t\t\t\t<div class=\"elementor-column elementor-col-100 elementor-top-column elementor-element elementor-element-724ae45\" data-id=\"724ae45\" data-element_type=\"column\" data-e-type=\"column\">\n\t\t\t<div class=\"elementor-widget-wrap elementor-element-populated\">\n\t\t\t\t\t\t<div class=\"elementor-element elementor-element-c3215f4 elementor-widget elementor-widget-spacer\" data-id=\"c3215f4\" data-element_type=\"widget\" data-e-type=\"widget\" data-widget_type=\"spacer.default\">\n\t\t\t\t<div class=\"elementor-widget-container\">\n\t\t\t\t\t\t\t<div class=\"elementor-spacer\">\n\t\t\t<div class=\"elementor-spacer-inner\"><\/div>\n\t\t<\/div>\n\t\t\t\t\t\t<\/div>\n\t\t\t\t<\/div>\n\t\t\t\t<div class=\"elementor-element elementor-element-d55b60c elementor-widget__width-initial elementor-widget elementor-widget-heading\" data-id=\"d55b60c\" data-element_type=\"widget\" data-e-type=\"widget\" data-widget_type=\"heading.default\">\n\t\t\t\t<div class=\"elementor-widget-container\">\n\t\t\t\t\t<span class=\"elementor-heading-title elementor-size-default\">\u00dcR\u00dcNLER\u0130M\u0130Z<\/span>\t\t\t\t<\/div>\n\t\t\t\t<\/div>\n\t\t\t\t<div class=\"elementor-element elementor-element-d23acb8 animated-slow elementor-invisible elementor-widget elementor-widget-theme-post-title elementor-page-title elementor-widget-heading\" data-id=\"d23acb8\" data-element_type=\"widget\" data-e-type=\"widget\" data-settings=\"{&quot;_animation&quot;:&quot;fadeIn&quot;,&quot;_animation_tablet&quot;:&quot;none&quot;}\" data-widget_type=\"theme-post-title.default\">\n\t\t\t\t<div class=\"elementor-widget-container\">\n\t\t\t\t\t<h1 class=\"elementor-heading-title elementor-size-default\">Sectrail CM<\/h1>\t\t\t\t<\/div>\n\t\t\t\t<\/div>\n\t\t\t\t<div class=\"vamtam-has-theme-widget-styles elementor-element elementor-element-65f9fcc elementor-widget elementor-widget-button\" data-id=\"65f9fcc\" data-element_type=\"widget\" data-e-type=\"widget\" data-widget_type=\"button.default\">\n\t\t\t\t<div class=\"elementor-widget-container\">\n\t\t\t\t\t\t\t\t\t<div class=\"elementor-button-wrapper\">\n\t\t\t\t\t<a class=\"elementor-button elementor-button-link elementor-size-sm\" href=\"https:\/\/www.bntpro.com\/urunlerimiz\/sectrail-certificate-manager\/\" target=\"_blank\">\n\t\t\t\t\t\t<span class=\"elementor-button-content-wrapper\">\n\t\t\t\t\t\t<span class=\"elementor-button-icon\">\n\t\t\t\t<i aria-hidden=\"true\" class=\"fas fa-arrow-right\"><\/i>\t\t\t<\/span>\n\t\t\t\t\t\t\t\t\t<span class=\"elementor-button-text\">Detaylar \u0130\u00e7in T\u0131klay\u0131n\u0131z <\/span>\n\t\t\t\t\t<\/span>\n\t\t\t\t\t<\/a>\n\t\t\t\t<\/div>\n\t\t\t\t\t\t\t\t<\/div>\n\t\t\t\t<\/div>\n\t\t\t\t<div class=\"elementor-element elementor-element-0c0c157 elementor-widget elementor-widget-spacer\" data-id=\"0c0c157\" data-element_type=\"widget\" data-e-type=\"widget\" data-widget_type=\"spacer.default\">\n\t\t\t\t<div class=\"elementor-widget-container\">\n\t\t\t\t\t\t\t<div class=\"elementor-spacer\">\n\t\t\t<div class=\"elementor-spacer-inner\"><\/div>\n\t\t<\/div>\n\t\t\t\t\t\t<\/div>\n\t\t\t\t<\/div>\n\t\t\t\t\t<\/div>\n\t\t<\/div>\n\t\t\t\t\t<\/div>\n\t\t<\/section>\n\t\t\t\t<section class=\"elementor-section elementor-top-section elementor-element elementor-element-449e78a elementor-reverse-mobile elementor-section-boxed elementor-section-height-default elementor-section-height-default\" data-id=\"449e78a\" data-element_type=\"section\" data-e-type=\"section\" data-settings=\"{&quot;background_background&quot;:&quot;classic&quot;}\">\n\t\t\t\t\t\t<div class=\"elementor-container elementor-column-gap-default\">\n\t\t\t\t\t<div class=\"elementor-column elementor-col-100 elementor-top-column elementor-element elementor-element-cc72053\" data-id=\"cc72053\" data-element_type=\"column\" data-e-type=\"column\">\n\t\t\t<div class=\"elementor-widget-wrap elementor-element-populated\">\n\t\t\t\t\t\t<div class=\"elementor-element elementor-element-668af90 elementor-widget elementor-widget-heading\" data-id=\"668af90\" data-element_type=\"widget\" data-e-type=\"widget\" data-widget_type=\"heading.default\">\n\t\t\t\t<div class=\"elementor-widget-container\">\n\t\t\t\t\t<h2 class=\"elementor-heading-title elementor-size-default\">SecTrail Certificate Manager\n<\/h2>\t\t\t\t<\/div>\n\t\t\t\t<\/div>\n\t\t\t\t<div class=\"elementor-element elementor-element-2f26b90 elementor-widget elementor-widget-text-editor\" data-id=\"2f26b90\" data-element_type=\"widget\" data-e-type=\"widget\" data-widget_type=\"text-editor.default\">\n\t\t\t\t<div class=\"elementor-widget-container\">\n\t\t\t\t\t\t\t\t\t<p>Veri A\u011flar\u0131 \u00fczerinde \u00e7al\u0131\u015fan aktif cihazlar\u0131n ve sunucular\u0131n TLS\/SSL protokolleri i\u00e7in kulland\u0131klar\u0131 digital sertifikalar\u0131n\u0131n y\u00f6netimini yapmak i\u00e7in kullan\u0131l\u0131r. SecTrail CM, hali haz\u0131rda bir\u00e7ok kurum ve \u015firkette insan fakt\u00f6r\u00fc kullan\u0131larak yap\u0131lan digital sertifika y\u00f6netimini m\u00fcdahaleye gerek b\u0131rakmadan kendisi yapar.<\/p>\t\t\t\t\t\t\t\t<\/div>\n\t\t\t\t<\/div>\n\t\t\t\t\t<\/div>\n\t\t<\/div>\n\t\t\t\t\t<\/div>\n\t\t<\/section>\n\t\t\t\t<section class=\"elementor-section elementor-top-section elementor-element elementor-element-903e6d6 elementor-section-content-middle elementor-section-boxed elementor-section-height-default elementor-section-height-default\" data-id=\"903e6d6\" data-element_type=\"section\" data-e-type=\"section\">\n\t\t\t\t\t\t<div class=\"elementor-container elementor-column-gap-no\">\n\t\t\t\t\t<div class=\"elementor-column elementor-col-100 elementor-top-column elementor-element elementor-element-9371778\" data-id=\"9371778\" data-element_type=\"column\" data-e-type=\"column\">\n\t\t\t<div class=\"elementor-widget-wrap elementor-element-populated\">\n\t\t\t\t\t\t<div class=\"elementor-element elementor-element-4b6d3e9 elementor-widget elementor-widget-heading\" data-id=\"4b6d3e9\" data-element_type=\"widget\" data-e-type=\"widget\" data-widget_type=\"heading.default\">\n\t\t\t\t<div class=\"elementor-widget-container\">\n\t\t\t\t\t<h3 class=\"elementor-heading-title elementor-size-default\">SecTrail CM Neden Gereklidir?\n<\/h3>\t\t\t\t<\/div>\n\t\t\t\t<\/div>\n\t\t\t\t<section class=\"elementor-section elementor-inner-section elementor-element elementor-element-ba3d50a elementor-section-boxed elementor-section-height-default elementor-section-height-default\" data-id=\"ba3d50a\" data-element_type=\"section\" data-e-type=\"section\">\n\t\t\t\t\t\t<div class=\"elementor-container elementor-column-gap-default\">\n\t\t\t\t\t<div class=\"elementor-column elementor-col-25 elementor-inner-column elementor-element elementor-element-5b61de8\" data-id=\"5b61de8\" data-element_type=\"column\" data-e-type=\"column\">\n\t\t\t<div class=\"elementor-widget-wrap elementor-element-populated\">\n\t\t\t\t\t\t<div class=\"vamtam-has-theme-widget-styles elementor-element elementor-element-0c6a3bd elementor-mobile-position-inline-start elementor-view-framed elementor-shape-square elementor-position-block-start elementor-widget elementor-widget-icon-box\" data-id=\"0c6a3bd\" data-element_type=\"widget\" data-e-type=\"widget\" data-widget_type=\"icon-box.default\">\n\t\t\t\t<div class=\"elementor-widget-container\">\n\t\t\t\t\t\t\t<div class=\"elementor-icon-box-wrapper\">\n\n\t\t\t\t\t\t<div class=\"elementor-icon-box-icon\">\n\t\t\t\t<span  class=\"elementor-icon\">\n\t\t\t\t<i aria-hidden=\"true\" class=\"far fa-file-alt\"><\/i>\t\t\t\t<\/span>\n\t\t\t<\/div>\n\t\t\t\n\t\t\t\t\t\t<div class=\"elementor-icon-box-content\">\n\n\t\t\t\t\t\t\t\t\t<h3 class=\"elementor-icon-box-title\">\n\t\t\t\t\t\t<span  >\n\t\t\t\t\t\t\tDigital sertifika y\u00f6netiminin birden fazla say\u0131da cihaz ve sunucuda e\u015f zamanl\u0131 olarak yap\u0131lmas\u0131 gereken durumlarda SecTrail CM kullan\u0131labilir.\t\t\t\t\t\t<\/span>\n\t\t\t\t\t<\/h3>\n\t\t\t\t\n\t\t\t\t\t\t\t\t\t<p class=\"elementor-icon-box-description\">\n\t\t\t\t\t\t\n\t\t\t\t\t<\/p>\n\t\t\t\t\n\t\t\t<\/div>\n\t\t\t\n\t\t<\/div>\n\t\t\t\t\t\t<\/div>\n\t\t\t\t<\/div>\n\t\t\t\t\t<\/div>\n\t\t<\/div>\n\t\t\t\t<div class=\"elementor-column elementor-col-25 elementor-inner-column elementor-element elementor-element-0a146e9\" data-id=\"0a146e9\" data-element_type=\"column\" data-e-type=\"column\">\n\t\t\t<div class=\"elementor-widget-wrap elementor-element-populated\">\n\t\t\t\t\t\t<div class=\"vamtam-has-theme-widget-styles elementor-element elementor-element-f98e98d elementor-mobile-position-inline-start elementor-view-framed elementor-shape-square elementor-position-block-start elementor-widget elementor-widget-icon-box\" data-id=\"f98e98d\" data-element_type=\"widget\" data-e-type=\"widget\" data-widget_type=\"icon-box.default\">\n\t\t\t\t<div class=\"elementor-widget-container\">\n\t\t\t\t\t\t\t<div class=\"elementor-icon-box-wrapper\">\n\n\t\t\t\t\t\t<div class=\"elementor-icon-box-icon\">\n\t\t\t\t<span  class=\"elementor-icon\">\n\t\t\t\t<i aria-hidden=\"true\" class=\"fas fa-redo\"><\/i>\t\t\t\t<\/span>\n\t\t\t<\/div>\n\t\t\t\n\t\t\t\t\t\t<div class=\"elementor-icon-box-content\">\n\n\t\t\t\t\t\t\t\t\t<h3 class=\"elementor-icon-box-title\">\n\t\t\t\t\t\t<span  >\n\t\t\t\t\t\t\tSecTrail CM, y\u00f6netimi alt\u0131ndaki cihaz ve sunuculardaki sertifikalar\u0131n ne zaman yenilenmesi gerekti\u011fi raporlay\u0131p takip edebilirken ayn\u0131 zamanda bu sertifikalar\u0131n yenilenme i\u015flemini de otomatize eder.\t\t\t\t\t\t<\/span>\n\t\t\t\t\t<\/h3>\n\t\t\t\t\n\t\t\t\t\n\t\t\t<\/div>\n\t\t\t\n\t\t<\/div>\n\t\t\t\t\t\t<\/div>\n\t\t\t\t<\/div>\n\t\t\t\t\t<\/div>\n\t\t<\/div>\n\t\t\t\t<div class=\"elementor-column elementor-col-25 elementor-inner-column elementor-element elementor-element-341c6d0\" data-id=\"341c6d0\" data-element_type=\"column\" data-e-type=\"column\">\n\t\t\t<div class=\"elementor-widget-wrap elementor-element-populated\">\n\t\t\t\t\t\t<div class=\"vamtam-has-theme-widget-styles elementor-element elementor-element-ad5c45c elementor-mobile-position-inline-start elementor-view-framed elementor-shape-square elementor-position-block-start elementor-widget elementor-widget-icon-box\" data-id=\"ad5c45c\" data-element_type=\"widget\" data-e-type=\"widget\" data-widget_type=\"icon-box.default\">\n\t\t\t\t<div class=\"elementor-widget-container\">\n\t\t\t\t\t\t\t<div class=\"elementor-icon-box-wrapper\">\n\n\t\t\t\t\t\t<div class=\"elementor-icon-box-icon\">\n\t\t\t\t<span  class=\"elementor-icon\">\n\t\t\t\t<i aria-hidden=\"true\" class=\"fas fa-envelope-open-text\"><\/i>\t\t\t\t<\/span>\n\t\t\t<\/div>\n\t\t\t\n\t\t\t\t\t\t<div class=\"elementor-icon-box-content\">\n\n\t\t\t\t\t\t\t\t\t<h3 class=\"elementor-icon-box-title\">\n\t\t\t\t\t\t<span  >\n\t\t\t\t\t\t\tSecTrail CM \u2018\u0131n e\u015f zamanl\u0131 olarak sertifika y\u00f6netimi yapabilece\u011fi node say\u0131s\u0131 10 Bindir.\t\t\t\t\t\t<\/span>\n\t\t\t\t\t<\/h3>\n\t\t\t\t\n\t\t\t\t\n\t\t\t<\/div>\n\t\t\t\n\t\t<\/div>\n\t\t\t\t\t\t<\/div>\n\t\t\t\t<\/div>\n\t\t\t\t\t<\/div>\n\t\t<\/div>\n\t\t\t\t<div class=\"elementor-column elementor-col-25 elementor-inner-column elementor-element elementor-element-04e1eef\" data-id=\"04e1eef\" data-element_type=\"column\" data-e-type=\"column\">\n\t\t\t<div class=\"elementor-widget-wrap elementor-element-populated\">\n\t\t\t\t\t\t<div class=\"vamtam-has-theme-widget-styles elementor-element elementor-element-bf064f6 elementor-mobile-position-inline-start elementor-view-framed elementor-shape-square elementor-position-block-start elementor-widget elementor-widget-icon-box\" data-id=\"bf064f6\" data-element_type=\"widget\" data-e-type=\"widget\" data-widget_type=\"icon-box.default\">\n\t\t\t\t<div class=\"elementor-widget-container\">\n\t\t\t\t\t\t\t<div class=\"elementor-icon-box-wrapper\">\n\n\t\t\t\t\t\t<div class=\"elementor-icon-box-icon\">\n\t\t\t\t<span  class=\"elementor-icon\">\n\t\t\t\t<i aria-hidden=\"true\" class=\"fas fa-business-time\"><\/i>\t\t\t\t<\/span>\n\t\t\t<\/div>\n\t\t\t\n\t\t\t\t\t\t<div class=\"elementor-icon-box-content\">\n\n\t\t\t\t\t\t\t\t\t<h3 class=\"elementor-icon-box-title\">\n\t\t\t\t\t\t<span  >\n\t\t\t\t\t\t\tSecTrail CM, sertifika otoriteleri taraf\u0131ndan verilen sertifikalar\u0131n hala ge\u00e7erli olup olmad\u0131\u011f\u0131n\u0131 belirli periyotlarla kontrol eder. Dolay\u0131s\u0131yla sadece zaman k\u0131s\u0131t\u0131 nedeni harici farkl\u0131 nedenlerle geri al\u0131nan sertifikalar i\u00e7in de uyar\u0131 mekanizmas\u0131na sahiptir.\t\t\t\t\t\t<\/span>\n\t\t\t\t\t<\/h3>\n\t\t\t\t\n\t\t\t\t\n\t\t\t<\/div>\n\t\t\t\n\t\t<\/div>\n\t\t\t\t\t\t<\/div>\n\t\t\t\t<\/div>\n\t\t\t\t\t<\/div>\n\t\t<\/div>\n\t\t\t\t\t<\/div>\n\t\t<\/section>\n\t\t\t\t\t<\/div>\n\t\t<\/div>\n\t\t\t\t\t<\/div>\n\t\t<\/section>\n\t\t<div class=\"elementor-element elementor-element-b0de2ad e-flex e-con-boxed e-con e-parent\" data-id=\"b0de2ad\" data-element_type=\"container\" data-e-type=\"container\">\n\t\t\t\t\t<div class=\"e-con-inner\">\n\t\t\t\t<div class=\"elementor-element elementor-element-c1a03b6 elementor-widget elementor-widget-video\" data-id=\"c1a03b6\" data-element_type=\"widget\" data-e-type=\"widget\" data-settings=\"{&quot;youtube_url&quot;:&quot;https:\\\/\\\/www.youtube.com\\\/watch?v=-DzrduG1ZoA&quot;,&quot;video_type&quot;:&quot;youtube&quot;,&quot;controls&quot;:&quot;yes&quot;}\" data-widget_type=\"video.default\">\n\t\t\t\t<div class=\"elementor-widget-container\">\n\t\t\t\t\t\t\t<div class=\"elementor-wrapper elementor-open-inline\">\n\t\t\t<div class=\"elementor-video\"><\/div>\t\t<\/div>\n\t\t\t\t\t\t<\/div>\n\t\t\t\t<\/div>\n\t\t\t\t\t<\/div>\n\t\t\t\t<\/div>\n\t\t\t\t<\/div>\n\t\t","protected":false},"excerpt":{"rendered":"<p>Why hire an internal IT person, when you can have an entire team of IT experts for a fraction of the cost?<\/p>","protected":false},"author":1,"featured_media":0,"parent":0,"menu_order":0,"comment_status":"closed","ping_status":"closed","template":"","meta":{"_monsterinsights_skip_tracking":false,"_monsterinsights_sitenote_active":false,"_monsterinsights_sitenote_note":"","_monsterinsights_sitenote_category":0,"footnotes":""},"class_list":["post-3712","page","type-page","status-publish","hentry"],"yoast_head":"<!-- This site is optimized with the Yoast SEO Premium plugin v25.9 (Yoast SEO v25.9) - https:\/\/yoast.com\/wordpress\/plugins\/seo\/ -->\n<title>Sectrail CM - Morten<\/title>\n<meta name=\"description\" content=\"A\u011f cihazlar\u0131n\u0131z\u0131n konfig\u00fcrasyonlar\u0131n\u0131 merkezi olarak y\u00f6netin, de\u011fi\u015fiklikleri izleyin ve uyumluluk denetimi yap\u0131n.\" \/>\n<meta name=\"robots\" content=\"index, follow, max-snippet:-1, max-image-preview:large, max-video-preview:-1\" \/>\n<link rel=\"canonical\" href=\"https:\/\/www.morten.com.tr\/en\/sectrail-cm\/\" \/>\n<meta property=\"og:locale\" content=\"en_US\" \/>\n<meta property=\"og:type\" content=\"article\" \/>\n<meta property=\"og:title\" content=\"Sectrail CM\" \/>\n<meta property=\"og:description\" content=\"A\u011f cihazlar\u0131n\u0131z\u0131n konfig\u00fcrasyonlar\u0131n\u0131 merkezi olarak y\u00f6netin, de\u011fi\u015fiklikleri izleyin ve uyumluluk denetimi yap\u0131n.\" \/>\n<meta property=\"og:url\" content=\"https:\/\/www.morten.com.tr\/en\/sectrail-cm\/\" \/>\n<meta property=\"og:site_name\" content=\"Morten\" \/>\n<meta property=\"article:publisher\" content=\"https:\/\/www.facebook.com\/BTEgitimMorten\" \/>\n<meta property=\"article:modified_time\" content=\"2026-04-13T06:05:29+00:00\" \/>\n<meta name=\"twitter:card\" content=\"summary_large_image\" \/>\n<meta name=\"twitter:label1\" content=\"Est. reading time\" \/>\n\t<meta name=\"twitter:data1\" content=\"1 minute\" \/>\n<script type=\"application\/ld+json\" class=\"yoast-schema-graph\">{\"@context\":\"https:\/\/schema.org\",\"@graph\":[{\"@type\":\"WebPage\",\"@id\":\"https:\/\/www.morten.com.tr\/sectrail-cm\/\",\"url\":\"https:\/\/www.morten.com.tr\/sectrail-cm\/\",\"name\":\"Sectrail CM - Morten\",\"isPartOf\":{\"@id\":\"https:\/\/www.morten.com.tr\/#website\"},\"datePublished\":\"2023-03-25T14:03:01+00:00\",\"dateModified\":\"2026-04-13T06:05:29+00:00\",\"description\":\"A\u011f cihazlar\u0131n\u0131z\u0131n konfig\u00fcrasyonlar\u0131n\u0131 merkezi olarak y\u00f6netin, de\u011fi\u015fiklikleri izleyin ve uyumluluk denetimi yap\u0131n.\",\"breadcrumb\":{\"@id\":\"https:\/\/www.morten.com.tr\/sectrail-cm\/#breadcrumb\"},\"inLanguage\":\"en-US\",\"potentialAction\":[{\"@type\":\"ReadAction\",\"target\":[\"https:\/\/www.morten.com.tr\/sectrail-cm\/\"]}]},{\"@type\":\"BreadcrumbList\",\"@id\":\"https:\/\/www.morten.com.tr\/sectrail-cm\/#breadcrumb\",\"itemListElement\":[{\"@type\":\"ListItem\",\"position\":1,\"name\":\"Home\",\"item\":\"https:\/\/www.morten.com.tr\/\"},{\"@type\":\"ListItem\",\"position\":2,\"name\":\"Sectrail CM\"}]},{\"@type\":\"WebSite\",\"@id\":\"https:\/\/www.morten.com.tr\/#website\",\"url\":\"https:\/\/www.morten.com.tr\/\",\"name\":\"Morten\",\"description\":\"\",\"publisher\":{\"@id\":\"https:\/\/www.morten.com.tr\/#organization\"},\"potentialAction\":[{\"@type\":\"SearchAction\",\"target\":{\"@type\":\"EntryPoint\",\"urlTemplate\":\"https:\/\/www.morten.com.tr\/?s={search_term_string}\"},\"query-input\":{\"@type\":\"PropertyValueSpecification\",\"valueRequired\":true,\"valueName\":\"search_term_string\"}}],\"inLanguage\":\"en-US\"},{\"@type\":\"Organization\",\"@id\":\"https:\/\/www.morten.com.tr\/#organization\",\"name\":\"Morten Bilgi ve \u0130leti\u015fim Hizmetleri A.\u015e.\",\"alternateName\":\"Morten\",\"url\":\"https:\/\/www.morten.com.tr\/\",\"logo\":{\"@type\":\"ImageObject\",\"inLanguage\":\"en-US\",\"@id\":\"https:\/\/www.morten.com.tr\/#\/schema\/logo\/image\/\",\"url\":\"https:\/\/www.morten.com.tr\/wp-content\/uploads\/2024\/11\/mortenbt.webp\",\"contentUrl\":\"https:\/\/www.morten.com.tr\/wp-content\/uploads\/2024\/11\/mortenbt.webp\",\"width\":265,\"height\":116,\"caption\":\"Morten Bilgi ve \u0130leti\u015fim Hizmetleri A.\u015e.\"},\"image\":{\"@id\":\"https:\/\/www.morten.com.tr\/#\/schema\/logo\/image\/\"},\"sameAs\":[\"https:\/\/www.facebook.com\/BTEgitimMorten\"]}]}<\/script>\n<!-- \/ Yoast SEO Premium plugin. -->","yoast_head_json":{"title":"Sectrail CM - Morten","description":"A\u011f cihazlar\u0131n\u0131z\u0131n konfig\u00fcrasyonlar\u0131n\u0131 merkezi olarak y\u00f6netin, de\u011fi\u015fiklikleri izleyin ve uyumluluk denetimi yap\u0131n.","robots":{"index":"index","follow":"follow","max-snippet":"max-snippet:-1","max-image-preview":"max-image-preview:large","max-video-preview":"max-video-preview:-1"},"canonical":"https:\/\/www.morten.com.tr\/en\/sectrail-cm\/","og_locale":"en_US","og_type":"article","og_title":"Sectrail CM","og_description":"A\u011f cihazlar\u0131n\u0131z\u0131n konfig\u00fcrasyonlar\u0131n\u0131 merkezi olarak y\u00f6netin, de\u011fi\u015fiklikleri izleyin ve uyumluluk denetimi yap\u0131n.","og_url":"https:\/\/www.morten.com.tr\/en\/sectrail-cm\/","og_site_name":"Morten","article_publisher":"https:\/\/www.facebook.com\/BTEgitimMorten","article_modified_time":"2026-04-13T06:05:29+00:00","twitter_card":"summary_large_image","twitter_misc":{"Est. reading time":"1 minute"},"schema":{"@context":"https:\/\/schema.org","@graph":[{"@type":"WebPage","@id":"https:\/\/www.morten.com.tr\/sectrail-cm\/","url":"https:\/\/www.morten.com.tr\/sectrail-cm\/","name":"Sectrail CM - Morten","isPartOf":{"@id":"https:\/\/www.morten.com.tr\/#website"},"datePublished":"2023-03-25T14:03:01+00:00","dateModified":"2026-04-13T06:05:29+00:00","description":"A\u011f cihazlar\u0131n\u0131z\u0131n konfig\u00fcrasyonlar\u0131n\u0131 merkezi olarak y\u00f6netin, de\u011fi\u015fiklikleri izleyin ve uyumluluk denetimi yap\u0131n.","breadcrumb":{"@id":"https:\/\/www.morten.com.tr\/sectrail-cm\/#breadcrumb"},"inLanguage":"en-US","potentialAction":[{"@type":"ReadAction","target":["https:\/\/www.morten.com.tr\/sectrail-cm\/"]}]},{"@type":"BreadcrumbList","@id":"https:\/\/www.morten.com.tr\/sectrail-cm\/#breadcrumb","itemListElement":[{"@type":"ListItem","position":1,"name":"Home","item":"https:\/\/www.morten.com.tr\/"},{"@type":"ListItem","position":2,"name":"Sectrail CM"}]},{"@type":"WebSite","@id":"https:\/\/www.morten.com.tr\/#website","url":"https:\/\/www.morten.com.tr\/","name":"Morten","description":"","publisher":{"@id":"https:\/\/www.morten.com.tr\/#organization"},"potentialAction":[{"@type":"SearchAction","target":{"@type":"EntryPoint","urlTemplate":"https:\/\/www.morten.com.tr\/?s={search_term_string}"},"query-input":{"@type":"PropertyValueSpecification","valueRequired":true,"valueName":"search_term_string"}}],"inLanguage":"en-US"},{"@type":"Organization","@id":"https:\/\/www.morten.com.tr\/#organization","name":"Morten Information and Communication Services Inc.","alternateName":"Morten","url":"https:\/\/www.morten.com.tr\/","logo":{"@type":"ImageObject","inLanguage":"en-US","@id":"https:\/\/www.morten.com.tr\/#\/schema\/logo\/image\/","url":"https:\/\/www.morten.com.tr\/wp-content\/uploads\/2024\/11\/mortenbt.webp","contentUrl":"https:\/\/www.morten.com.tr\/wp-content\/uploads\/2024\/11\/mortenbt.webp","width":265,"height":116,"caption":"Morten Bilgi ve \u0130leti\u015fim Hizmetleri A.\u015e."},"image":{"@id":"https:\/\/www.morten.com.tr\/#\/schema\/logo\/image\/"},"sameAs":["https:\/\/www.facebook.com\/BTEgitimMorten"]}]}},"_links":{"self":[{"href":"https:\/\/www.morten.com.tr\/en\/wp-json\/wp\/v2\/pages\/3712"}],"collection":[{"href":"https:\/\/www.morten.com.tr\/en\/wp-json\/wp\/v2\/pages"}],"about":[{"href":"https:\/\/www.morten.com.tr\/en\/wp-json\/wp\/v2\/types\/page"}],"author":[{"embeddable":true,"href":"https:\/\/www.morten.com.tr\/en\/wp-json\/wp\/v2\/users\/1"}],"replies":[{"embeddable":true,"href":"https:\/\/www.morten.com.tr\/en\/wp-json\/wp\/v2\/comments?post=3712"}],"version-history":[{"count":22,"href":"https:\/\/www.morten.com.tr\/en\/wp-json\/wp\/v2\/pages\/3712\/revisions"}],"predecessor-version":[{"id":998081,"href":"https:\/\/www.morten.com.tr\/en\/wp-json\/wp\/v2\/pages\/3712\/revisions\/998081"}],"wp:attachment":[{"href":"https:\/\/www.morten.com.tr\/en\/wp-json\/wp\/v2\/media?parent=3712"}],"curies":[{"name":"wp","href":"https:\/\/api.w.org\/{rel}","templated":true}]}}