{"id":469,"date":"2023-03-13T10:50:28","date_gmt":"2023-03-13T10:50:28","guid":{"rendered":"https:\/\/tecnologia.vamtam.com\/?page_id=469"},"modified":"2025-02-03T14:38:09","modified_gmt":"2025-02-03T11:38:09","slug":"veri-depolama-cozumleri","status":"publish","type":"page","link":"https:\/\/www.morten.com.tr\/en\/cozumlerimiz\/veri-depolama-cozumleri\/","title":{"rendered":"Data Storage Solutions"},"content":{"rendered":"<div data-elementor-type=\"wp-page\" data-elementor-id=\"469\" class=\"elementor elementor-469\" data-elementor-post-type=\"page\">\n\t\t\t\t\t\t<section class=\"elementor-section elementor-top-section elementor-element elementor-element-ba9c224 elementor-section-content-middle elementor-section-boxed elementor-section-height-default elementor-section-height-default\" data-id=\"ba9c224\" data-element_type=\"section\" data-e-type=\"section\">\n\t\t\t\t\t\t<div class=\"elementor-container elementor-column-gap-no\">\n\t\t\t\t\t<div class=\"elementor-column elementor-col-50 elementor-top-column elementor-element elementor-element-d29c044\" data-id=\"d29c044\" data-element_type=\"column\" data-e-type=\"column\" data-settings=\"{&quot;background_background&quot;:&quot;classic&quot;}\">\n\t\t\t<div class=\"elementor-widget-wrap elementor-element-populated\">\n\t\t\t\t\t\t<div class=\"elementor-element elementor-element-048756d elementor-widget elementor-widget-spacer\" data-id=\"048756d\" data-element_type=\"widget\" data-e-type=\"widget\" data-widget_type=\"spacer.default\">\n\t\t\t\t<div class=\"elementor-widget-container\">\n\t\t\t\t\t\t\t<div class=\"elementor-spacer\">\n\t\t\t<div class=\"elementor-spacer-inner\"><\/div>\n\t\t<\/div>\n\t\t\t\t\t\t<\/div>\n\t\t\t\t<\/div>\n\t\t\t\t\t<\/div>\n\t\t<\/div>\n\t\t\t\t<div class=\"elementor-column elementor-col-50 elementor-top-column elementor-element elementor-element-b2a90ec\" data-id=\"b2a90ec\" data-element_type=\"column\" data-e-type=\"column\">\n\t\t\t<div class=\"elementor-widget-wrap elementor-element-populated\">\n\t\t\t\t\t\t<div class=\"elementor-element elementor-element-6e41dbb elementor-widget elementor-widget-heading\" data-id=\"6e41dbb\" data-element_type=\"widget\" data-e-type=\"widget\" data-widget_type=\"heading.default\">\n\t\t\t\t<div class=\"elementor-widget-container\">\n\t\t\t\t\t<h3 class=\"elementor-heading-title elementor-size-default\"><a href=\"https:\/\/www.morten.com.tr\/en\/cozumlerimiz\/guvenlik-cozumleri\/\" target=\"_blank\">Data Center SAN Solutions<\/a><\/h3>\t\t\t\t<\/div>\n\t\t\t\t<\/div>\n\t\t\t\t<div class=\"elementor-element elementor-element-c3ba6a3 elementor-widget elementor-widget-text-editor\" data-id=\"c3ba6a3\" data-element_type=\"widget\" data-e-type=\"widget\" data-widget_type=\"text-editor.default\">\n\t\t\t\t<div class=\"elementor-widget-container\">\n\t\t\t\t\t\t\t\t\t<p class=\"translation-block\">In the modern business world, managing data reliably, quickly and without interruption is vital. Storage Area Network (SAN) solutions provide high-performance, scalable and reliable storage infrastructures for data centers. SAN technology increases the efficiency of businesses by supporting critical workloads, while ensuring the security and accessibility of data.<\/p>\t\t\t\t\t\t\t\t<\/div>\n\t\t\t\t<\/div>\n\t\t\t\t\t<\/div>\n\t\t<\/div>\n\t\t\t\t\t<\/div>\n\t\t<\/section>\n\t\t<div class=\"elementor-element elementor-element-ecb0706 e-flex e-con-boxed e-con e-parent\" data-id=\"ecb0706\" data-element_type=\"container\" data-e-type=\"container\">\n\t\t\t\t\t<div class=\"e-con-inner\">\n\t\t\t\t\t<\/div>\n\t\t\t\t<\/div>\n\t\t<div class=\"elementor-element elementor-element-ee6e310 e-grid e-con-boxed e-con e-parent\" data-id=\"ee6e310\" data-element_type=\"container\" data-e-type=\"container\">\n\t\t\t\t\t<div class=\"e-con-inner\">\n\t\t\t\t<div class=\"elementor-element elementor-element-a39e429 elementor-cta--skin-classic elementor-animated-content elementor-bg-transform elementor-bg-transform-zoom-in elementor-widget elementor-widget-call-to-action\" data-id=\"a39e429\" data-element_type=\"widget\" data-e-type=\"widget\" data-widget_type=\"call-to-action.default\">\n\t\t\t\t<div class=\"elementor-widget-container\">\n\t\t\t\t\t\t\t<div class=\"elementor-cta\">\n\t\t\t\t\t\t\t<div class=\"elementor-cta__content\">\n\t\t\t\t\t\t\t\t\t<div class=\"elementor-content-item elementor-cta__content-item elementor-icon-wrapper elementor-cta__icon elementor-view-default\">\n\t\t\t\t\t\t<div class=\"elementor-icon\">\n\t\t\t\t\t\t\t<svg xmlns=\"http:\/\/www.w3.org\/2000\/svg\" id=\"Layer_1\" data-name=\"Layer 1\" viewbox=\"0 0 115.26 122.88\"><defs><style>      .cls-1 {        fill: #030ec8;        fill-rule: evenodd;      }    <\/style><\/defs><path class=\"cls-1\" d=\"M7.91,37.95h99.43c.14,0,.28,0,.42,0,.47-.09.89-.32,1.22-.65.42-.42.69-1.01.69-1.64V7.9c0-.64-.26-1.22-.69-1.64-.42-.42-1.01-.69-1.64-.69H7.91c-.64,0-1.22.26-1.64.69-.42.42-.69,1-.69,1.64v27.77c0,.64.26,1.22.69,1.64.33.33.75.56,1.22.65.14-.01.28-.01.42-.01h0ZM75.97,98.85h7.66v-17.33h-50.42v17.33h7.67v7.65h35.08v-7.65h.01ZM92.43,81.52v17.33h7.67v7.65h15.16v8.8h-15.16v7.58h-24.13v-7.58h-35.09v7.58h-24.13v-7.58H0v-8.8h16.75v-7.65h7.66v-17.33H7.91c-2.17,0-4.15-.89-5.58-2.32C.9,77.77,0,75.79,0,73.62v-27.77c0-1.94.7-3.71,1.87-5.09C.72,39.38,0,37.61,0,35.67V7.9C0,5.72.9,3.75,2.33,2.32,3.76.89,5.74,0,7.91,0h99.43c2.18,0,4.15.89,5.58,2.32,1.43,1.43,2.32,3.41,2.32,5.58v27.77c0,1.94-.7,3.71-1.87,5.09,1.16,1.38,1.87,3.16,1.87,5.09v27.77c0,2.17-.89,4.15-2.32,5.58s-3.41,2.32-5.58,2.32h-14.91ZM15.49,14.22h5.84v15.12h-5.84v-15.12h0ZM95.77,17.15c2.56,0,4.63,2.07,4.63,4.63s-2.07,4.63-4.63,4.63-4.63-2.07-4.63-4.63,2.07-4.63,4.63-4.63h0ZM78.13,17.15c2.56,0,4.63,2.07,4.63,4.63s-2.07,4.63-4.63,4.63-4.63-2.07-4.63-4.63,2.07-4.63,4.63-4.63h0ZM47.78,14.22h5.84v15.12h-5.84v-15.12h0ZM31.63,14.22h5.84v15.12h-5.84v-15.12h0ZM15.49,52.17h5.84v15.12h-5.84v-15.12h0ZM47.78,52.17h5.84v15.12h-5.84v-15.12h0ZM31.63,52.17h5.84v15.12h-5.84v-15.12h0ZM107.77,43.56c-.14,0-.28,0-.42,0H7.91c-.14,0-.28,0-.42,0-.47.09-.89.32-1.22.65-.42.42-.69,1.01-.69,1.64v27.77c0,.64.26,1.22.69,1.64.42.42,1.01.69,1.64.69h99.43c.64,0,1.22-.26,1.64-.69.42-.42.69-1.01.69-1.64v-27.77c0-.64-.26-1.22-.69-1.64-.32-.33-.74-.57-1.21-.65h0ZM88.03,105.39c3.03,0,5.48,2.45,5.48,5.48s-2.45,5.48-5.48,5.48-5.48-2.45-5.48-5.48c0-3.03,2.46-5.48,5.48-5.48h0ZM28.81,105.39c3.03,0,5.48,2.45,5.48,5.48s-2.45,5.48-5.48,5.48-5.48-2.45-5.48-5.48c0-3.03,2.46-5.48,5.48-5.48h0Z\"><\/path><\/svg>\t\t\t\t\t\t<\/div>\n\t\t\t\t\t<\/div>\n\t\t\t\t\n\t\t\t\t\t\t\t\t\t<h3 class=\"elementor-cta__title elementor-cta__content-item elementor-content-item\">\n\t\t\t\t\t\tSAN (Storage Area Network) Solutions\t\t\t\t\t<\/h3>\n\t\t\t\t\n\t\t\t\t\t\t\t\t\t<div class=\"elementor-cta__description elementor-cta__content-item elementor-content-item\">\n\t\t\t\t\t\tSAN (Storage Area Network) provides high-speed data transfer, enabling applications and servers to access data faster.\t\t\t\t\t<\/div>\n\t\t\t\t\n\t\t\t\t\t\t\t\t\t<div class=\"elementor-cta__button-wrapper elementor-cta__content-item elementor-content-item\">\n\t\t\t\t\t<a class=\"elementor-cta__button elementor-button elementor-size-\" href=\"https:\/\/www.morten.com.tr\/en\/cozumlerimiz\/sunucu-ve-sanallastirma-cozumleri\/san-storage-area-network-cozumleri\/\">\n\t\t\t\t\t\tShow More \t\t\t\t\t<\/a>\n\t\t\t\t\t<\/div>\n\t\t\t\t\t\t\t<\/div>\n\t\t\t\t\t\t<\/div>\n\t\t\t\t\t\t<\/div>\n\t\t\t\t<\/div>\n\t\t\t\t<div class=\"elementor-element elementor-element-635b34c elementor-cta--skin-classic elementor-animated-content elementor-bg-transform elementor-bg-transform-zoom-in elementor-widget elementor-widget-call-to-action\" data-id=\"635b34c\" data-element_type=\"widget\" data-e-type=\"widget\" data-widget_type=\"call-to-action.default\">\n\t\t\t\t<div class=\"elementor-widget-container\">\n\t\t\t\t\t\t\t<div class=\"elementor-cta\">\n\t\t\t\t\t\t\t<div class=\"elementor-cta__content\">\n\t\t\t\t\t\t\t\t\t<div class=\"elementor-content-item elementor-cta__content-item elementor-icon-wrapper elementor-cta__icon elementor-view-default\">\n\t\t\t\t\t\t<div class=\"elementor-icon\">\n\t\t\t\t\t\t\t<svg xmlns=\"http:\/\/www.w3.org\/2000\/svg\" viewbox=\"0 0 64 64\"><g><path d=\"M60,2H52a2,2,0,0,0-2,2v6H45a3,3,0,0,0-3,3V24h2V13a1,1,0,0,1,1-1h5v6a2,2,0,0,0,2,2h8a2,2,0,0,0,2-2V4A2,2,0,0,0,60,2ZM52,18V4h8V18Z\"><\/path><path d=\"M50,32a6.991,6.991,0,0,0-9.386-6.577,8.989,8.989,0,0,0-17.1-.4A7,7,0,1,0,23,39H43A7.008,7.008,0,0,0,50,32ZM18,32a5.006,5.006,0,0,1,5-5,5.123,5.123,0,0,1,1.027.106A1.008,1.008,0,0,0,25.2,26.36a6.99,6.99,0,0,1,13.718.646,1,1,0,0,0,1.507.715A5,5,0,1,1,43,37H23A5.006,5.006,0,0,1,18,32Z\"><\/path><path d=\"M3,12H7v2H5v2H9v2a3,3,0,0,0,3,3h7a1,1,0,0,1,1,1v2h2V22a3,3,0,0,0-3-3H12a1,1,0,0,1-1-1V16h4V14H13V12h4a1,1,0,0,0,1-1V3a1,1,0,0,0-1-1H3A1,1,0,0,0,2,3v8A1,1,0,0,0,3,12Zm8,2H9V12h2ZM4,4H16v6H4Z\"><\/path><path d=\"M56.707,43.293A1,1,0,0,0,56,43H52a1,1,0,0,0-.707.293l-2,2A1,1,0,0,0,49,46V58a1,1,0,0,0,1,1h8a1,1,0,0,0,1-1V46a1,1,0,0,0-.293-.707ZM57,57H51V46.414L52.414,45h3.172L57,46.414Z\"><\/path><rect x=\"52\" y=\"47\" width=\"4\" height=\"2\"><\/rect><rect x=\"53\" y=\"15\" width=\"6\" height=\"2\"><\/rect><path d=\"M59,40H49a3,3,0,0,0-3,3v9H43a1,1,0,0,1-1-1V40H40V51a3,3,0,0,0,3,3h3v5a3,3,0,0,0,3,3H59a3,3,0,0,0,3-3V43A3,3,0,0,0,59,40Zm1,19a1,1,0,0,1-1,1H49a1,1,0,0,1-1-1V43a1,1,0,0,1,1-1H59a1,1,0,0,1,1,1Z\"><\/path><circle cx=\"54\" cy=\"54\" r=\"2\"><\/circle><path d=\"M20,51a1,1,0,0,1-1,1H16V47c0-2.072-3.516-3-7-3s-7,.928-7,3V59c0,2.072,3.516,3,7,3s7-.928,7-3V54h3a3,3,0,0,0,3-3V40H20Zm-6,3.905C13.738,55.246,12.027,56,9,56s-4.738-.754-5-1.095V53.2A13.945,13.945,0,0,0,9,54a13.945,13.945,0,0,0,5-.8ZM4,49.2A13.945,13.945,0,0,0,9,50a13.945,13.945,0,0,0,5-.8v1.708C13.738,51.246,12.027,52,9,52s-4.738-.754-5-1.095ZM9,46c2.764,0,4.439.63,4.909,1-.47.37-2.145,1-4.909,1s-4.439-.63-4.909-1C4.561,46.63,6.236,46,9,46ZM9,60c-2.989,0-4.706-.737-5-1.085V57.2A13.945,13.945,0,0,0,9,58a13.945,13.945,0,0,0,5-.8v1.718C13.706,59.263,11.989,60,9,60Z\"><\/path><\/g><\/svg>\t\t\t\t\t\t<\/div>\n\t\t\t\t\t<\/div>\n\t\t\t\t\n\t\t\t\t\t\t\t\t\t<h3 class=\"elementor-cta__title elementor-cta__content-item elementor-content-item\">\n\t\t\t\t\t\tStorage Units Solutions\t\t\t\t\t<\/h3>\n\t\t\t\t\n\t\t\t\t\t\t\t\t\t<div class=\"elementor-cta__description elementor-cta__content-item elementor-content-item\">\n\t\t\t\t\t\tStorage units enable data to be stored in a central area, facilitating access and management.\t\t\t\t\t<\/div>\n\t\t\t\t\n\t\t\t\t\t\t\t\t\t<div class=\"elementor-cta__button-wrapper elementor-cta__content-item elementor-content-item\">\n\t\t\t\t\t<a class=\"elementor-cta__button elementor-button elementor-size-\" href=\"https:\/\/www.morten.com.tr\/en\/cozumlerimiz\/sunucu-ve-sanallastirma-cozumleri\/depolama-uniteleri-storage-cozumleri\/\">\n\t\t\t\t\t\tShow More \t\t\t\t\t<\/a>\n\t\t\t\t\t<\/div>\n\t\t\t\t\t\t\t<\/div>\n\t\t\t\t\t\t<\/div>\n\t\t\t\t\t\t<\/div>\n\t\t\t\t<\/div>\n\t\t\t\t\t<\/div>\n\t\t\t\t<\/div>\n\t\t\t\t<\/div>","protected":false},"excerpt":{"rendered":"<p>Why hire an internal IT person, when you can have an entire team of IT experts for a fraction of the cost?<\/p>","protected":false},"author":1,"featured_media":0,"parent":465,"menu_order":0,"comment_status":"closed","ping_status":"closed","template":"","meta":{"_monsterinsights_skip_tracking":false,"_monsterinsights_sitenote_active":false,"_monsterinsights_sitenote_note":"","_monsterinsights_sitenote_category":0,"footnotes":""},"class_list":["post-469","page","type-page","status-publish","hentry"],"yoast_head":"<!-- This site is optimized with the Yoast SEO Premium plugin v25.9 (Yoast SEO v25.9) - https:\/\/yoast.com\/wordpress\/plugins\/seo\/ -->\n<title>Veri Depolama \u00c7\u00f6z\u00fcmleri - Morten<\/title>\n<meta name=\"description\" content=\"Veri Depolama \u00c7\u00f6z\u00fcmleri - Morten\" \/>\n<meta name=\"robots\" content=\"index, follow, max-snippet:-1, max-image-preview:large, max-video-preview:-1\" \/>\n<link rel=\"canonical\" href=\"https:\/\/morten.com.tr\/cozumlerimiz\/veri-depolama-cozumleri\/\" \/>\n<meta property=\"og:locale\" content=\"en_US\" \/>\n<meta property=\"og:type\" content=\"article\" \/>\n<meta property=\"og:title\" content=\"Veri Depolama \u00c7\u00f6z\u00fcmleri\" \/>\n<meta property=\"og:description\" content=\"Veri Depolama \u00c7\u00f6z\u00fcmleri - Morten\" \/>\n<meta property=\"og:url\" content=\"https:\/\/morten.com.tr\/cozumlerimiz\/veri-depolama-cozumleri\/\" \/>\n<meta property=\"og:site_name\" content=\"Morten\" \/>\n<meta property=\"article:publisher\" content=\"https:\/\/www.facebook.com\/BTEgitimMorten\" \/>\n<meta property=\"article:modified_time\" content=\"2025-02-03T11:38:09+00:00\" \/>\n<meta name=\"twitter:card\" content=\"summary_large_image\" \/>\n<meta name=\"twitter:label1\" content=\"Est. reading time\" \/>\n\t<meta name=\"twitter:data1\" content=\"1 minute\" \/>\n<script type=\"application\/ld+json\" class=\"yoast-schema-graph\">{\"@context\":\"https:\/\/schema.org\",\"@graph\":[{\"@type\":\"WebPage\",\"@id\":\"https:\/\/morten.com.tr\/cozumlerimiz\/veri-depolama-cozumleri\/\",\"url\":\"https:\/\/morten.com.tr\/cozumlerimiz\/veri-depolama-cozumleri\/\",\"name\":\"Veri Depolama \u00c7\u00f6z\u00fcmleri - Morten\",\"isPartOf\":{\"@id\":\"https:\/\/www.morten.com.tr\/#website\"},\"datePublished\":\"2023-03-13T10:50:28+00:00\",\"dateModified\":\"2025-02-03T11:38:09+00:00\",\"description\":\"Veri Depolama \u00c7\u00f6z\u00fcmleri - Morten\",\"breadcrumb\":{\"@id\":\"https:\/\/morten.com.tr\/cozumlerimiz\/veri-depolama-cozumleri\/#breadcrumb\"},\"inLanguage\":\"en-US\",\"potentialAction\":[{\"@type\":\"ReadAction\",\"target\":[\"https:\/\/morten.com.tr\/cozumlerimiz\/veri-depolama-cozumleri\/\"]}]},{\"@type\":\"BreadcrumbList\",\"@id\":\"https:\/\/morten.com.tr\/cozumlerimiz\/veri-depolama-cozumleri\/#breadcrumb\",\"itemListElement\":[{\"@type\":\"ListItem\",\"position\":1,\"name\":\"Home\",\"item\":\"https:\/\/www.morten.com.tr\/\"},{\"@type\":\"ListItem\",\"position\":2,\"name\":\"\u00c7\u00f6z\u00fcmlerimizY\u00f6nlendirme\",\"item\":\"https:\/\/morten.com.tr\/cozumlerimiz\/\"},{\"@type\":\"ListItem\",\"position\":3,\"name\":\"Veri Depolama \u00c7\u00f6z\u00fcmleri\"}]},{\"@type\":\"WebSite\",\"@id\":\"https:\/\/www.morten.com.tr\/#website\",\"url\":\"https:\/\/www.morten.com.tr\/\",\"name\":\"Morten\",\"description\":\"\",\"publisher\":{\"@id\":\"https:\/\/www.morten.com.tr\/#organization\"},\"potentialAction\":[{\"@type\":\"SearchAction\",\"target\":{\"@type\":\"EntryPoint\",\"urlTemplate\":\"https:\/\/www.morten.com.tr\/?s={search_term_string}\"},\"query-input\":{\"@type\":\"PropertyValueSpecification\",\"valueRequired\":true,\"valueName\":\"search_term_string\"}}],\"inLanguage\":\"en-US\"},{\"@type\":\"Organization\",\"@id\":\"https:\/\/www.morten.com.tr\/#organization\",\"name\":\"Morten Bilgi ve \u0130leti\u015fim Hizmetleri A.\u015e.\",\"alternateName\":\"Morten\",\"url\":\"https:\/\/www.morten.com.tr\/\",\"logo\":{\"@type\":\"ImageObject\",\"inLanguage\":\"en-US\",\"@id\":\"https:\/\/www.morten.com.tr\/#\/schema\/logo\/image\/\",\"url\":\"https:\/\/www.morten.com.tr\/wp-content\/uploads\/2024\/11\/mortenbt.webp\",\"contentUrl\":\"https:\/\/www.morten.com.tr\/wp-content\/uploads\/2024\/11\/mortenbt.webp\",\"width\":265,\"height\":116,\"caption\":\"Morten Bilgi ve \u0130leti\u015fim Hizmetleri A.\u015e.\"},\"image\":{\"@id\":\"https:\/\/www.morten.com.tr\/#\/schema\/logo\/image\/\"},\"sameAs\":[\"https:\/\/www.facebook.com\/BTEgitimMorten\"]}]}<\/script>\n<!-- \/ Yoast SEO Premium plugin. -->","yoast_head_json":{"title":"Veri Depolama \u00c7\u00f6z\u00fcmleri - Morten","description":"Veri Depolama \u00c7\u00f6z\u00fcmleri - Morten","robots":{"index":"index","follow":"follow","max-snippet":"max-snippet:-1","max-image-preview":"max-image-preview:large","max-video-preview":"max-video-preview:-1"},"canonical":"https:\/\/morten.com.tr\/cozumlerimiz\/veri-depolama-cozumleri\/","og_locale":"en_US","og_type":"article","og_title":"Veri Depolama \u00c7\u00f6z\u00fcmleri","og_description":"Veri Depolama \u00c7\u00f6z\u00fcmleri - Morten","og_url":"https:\/\/morten.com.tr\/cozumlerimiz\/veri-depolama-cozumleri\/","og_site_name":"Morten","article_publisher":"https:\/\/www.facebook.com\/BTEgitimMorten","article_modified_time":"2025-02-03T11:38:09+00:00","twitter_card":"summary_large_image","twitter_misc":{"Est. reading time":"1 minute"},"schema":{"@context":"https:\/\/schema.org","@graph":[{"@type":"WebPage","@id":"https:\/\/morten.com.tr\/cozumlerimiz\/veri-depolama-cozumleri\/","url":"https:\/\/morten.com.tr\/cozumlerimiz\/veri-depolama-cozumleri\/","name":"Veri Depolama \u00c7\u00f6z\u00fcmleri - Morten","isPartOf":{"@id":"https:\/\/www.morten.com.tr\/#website"},"datePublished":"2023-03-13T10:50:28+00:00","dateModified":"2025-02-03T11:38:09+00:00","description":"Veri Depolama \u00c7\u00f6z\u00fcmleri - Morten","breadcrumb":{"@id":"https:\/\/morten.com.tr\/cozumlerimiz\/veri-depolama-cozumleri\/#breadcrumb"},"inLanguage":"en-US","potentialAction":[{"@type":"ReadAction","target":["https:\/\/morten.com.tr\/cozumlerimiz\/veri-depolama-cozumleri\/"]}]},{"@type":"BreadcrumbList","@id":"https:\/\/morten.com.tr\/cozumlerimiz\/veri-depolama-cozumleri\/#breadcrumb","itemListElement":[{"@type":"ListItem","position":1,"name":"Home","item":"https:\/\/www.morten.com.tr\/"},{"@type":"ListItem","position":2,"name":"\u00c7\u00f6z\u00fcmlerimizY\u00f6nlendirme","item":"https:\/\/morten.com.tr\/cozumlerimiz\/"},{"@type":"ListItem","position":3,"name":"Veri Depolama \u00c7\u00f6z\u00fcmleri"}]},{"@type":"WebSite","@id":"https:\/\/www.morten.com.tr\/#website","url":"https:\/\/www.morten.com.tr\/","name":"Morten","description":"","publisher":{"@id":"https:\/\/www.morten.com.tr\/#organization"},"potentialAction":[{"@type":"SearchAction","target":{"@type":"EntryPoint","urlTemplate":"https:\/\/www.morten.com.tr\/?s={search_term_string}"},"query-input":{"@type":"PropertyValueSpecification","valueRequired":true,"valueName":"search_term_string"}}],"inLanguage":"en-US"},{"@type":"Organization","@id":"https:\/\/www.morten.com.tr\/#organization","name":"Morten Information and Communication Services Inc.","alternateName":"Morten","url":"https:\/\/www.morten.com.tr\/","logo":{"@type":"ImageObject","inLanguage":"en-US","@id":"https:\/\/www.morten.com.tr\/#\/schema\/logo\/image\/","url":"https:\/\/www.morten.com.tr\/wp-content\/uploads\/2024\/11\/mortenbt.webp","contentUrl":"https:\/\/www.morten.com.tr\/wp-content\/uploads\/2024\/11\/mortenbt.webp","width":265,"height":116,"caption":"Morten Bilgi ve \u0130leti\u015fim Hizmetleri A.\u015e."},"image":{"@id":"https:\/\/www.morten.com.tr\/#\/schema\/logo\/image\/"},"sameAs":["https:\/\/www.facebook.com\/BTEgitimMorten"]}]}},"_links":{"self":[{"href":"https:\/\/www.morten.com.tr\/en\/wp-json\/wp\/v2\/pages\/469"}],"collection":[{"href":"https:\/\/www.morten.com.tr\/en\/wp-json\/wp\/v2\/pages"}],"about":[{"href":"https:\/\/www.morten.com.tr\/en\/wp-json\/wp\/v2\/types\/page"}],"author":[{"embeddable":true,"href":"https:\/\/www.morten.com.tr\/en\/wp-json\/wp\/v2\/users\/1"}],"replies":[{"embeddable":true,"href":"https:\/\/www.morten.com.tr\/en\/wp-json\/wp\/v2\/comments?post=469"}],"version-history":[{"count":64,"href":"https:\/\/www.morten.com.tr\/en\/wp-json\/wp\/v2\/pages\/469\/revisions"}],"predecessor-version":[{"id":996184,"href":"https:\/\/www.morten.com.tr\/en\/wp-json\/wp\/v2\/pages\/469\/revisions\/996184"}],"up":[{"embeddable":true,"href":"https:\/\/www.morten.com.tr\/en\/wp-json\/wp\/v2\/pages\/465"}],"wp:attachment":[{"href":"https:\/\/www.morten.com.tr\/en\/wp-json\/wp\/v2\/media?parent=469"}],"curies":[{"name":"wp","href":"https:\/\/api.w.org\/{rel}","templated":true}]}}