{"id":7177,"date":"2023-04-03T13:01:16","date_gmt":"2023-04-03T13:01:16","guid":{"rendered":"https:\/\/tecnologia.vamtam.com\/?page_id=7177"},"modified":"2025-10-23T09:30:29","modified_gmt":"2025-10-23T06:30:29","slug":"bilgi-guvenligi-genel-politikamiz","status":"publish","type":"page","link":"https:\/\/www.morten.com.tr\/en\/bilgi-guvenligi-genel-politikamiz\/","title":{"rendered":"Information Security General Policy"},"content":{"rendered":"\t\t<div data-elementor-type=\"wp-page\" data-elementor-id=\"7177\" class=\"elementor elementor-7177\" data-elementor-post-type=\"page\">\n\t\t\t\t<div class=\"elementor-element elementor-element-313e7cb e-flex e-con-boxed e-con e-parent\" data-id=\"313e7cb\" data-element_type=\"container\" data-e-type=\"container\">\n\t\t\t\t\t<div class=\"e-con-inner\">\n\t\t\t\t<div class=\"elementor-element elementor-element-bc9ea2f elementor-widget elementor-widget-heading\" data-id=\"bc9ea2f\" data-element_type=\"widget\" data-e-type=\"widget\" data-widget_type=\"heading.default\">\n\t\t\t\t<div class=\"elementor-widget-container\">\n\t\t\t\t\t<h2 class=\"elementor-heading-title elementor-size-default\">Bilgi G\u00fcvenli\u011fi Genel Politikam\u0131z<\/h2>\t\t\t\t<\/div>\n\t\t\t\t<\/div>\n\t\t\t\t\t<\/div>\n\t\t\t\t<\/div>\n\t\t\t\t<section class=\"elementor-section elementor-top-section elementor-element elementor-element-547abb82 elementor-section-boxed elementor-section-height-default elementor-section-height-default\" data-id=\"547abb82\" data-element_type=\"section\" data-e-type=\"section\">\n\t\t\t\t\t\t<div class=\"elementor-container elementor-column-gap-no\">\n\t\t\t\t\t<div class=\"elementor-column elementor-col-100 elementor-top-column elementor-element elementor-element-654eaf9b\" data-id=\"654eaf9b\" data-element_type=\"column\" data-e-type=\"column\" data-settings=\"{&quot;background_background&quot;:&quot;classic&quot;,&quot;background_motion_fx_motion_fx_scrolling&quot;:&quot;yes&quot;,&quot;background_motion_fx_translateX_effect&quot;:&quot;yes&quot;,&quot;background_motion_fx_translateX_speed&quot;:{&quot;unit&quot;:&quot;px&quot;,&quot;size&quot;:3,&quot;sizes&quot;:[]},&quot;background_motion_fx_devices&quot;:[&quot;desktop&quot;],&quot;background_motion_fx_translateX_affectedRange&quot;:{&quot;unit&quot;:&quot;%&quot;,&quot;size&quot;:&quot;&quot;,&quot;sizes&quot;:{&quot;start&quot;:0,&quot;end&quot;:100}}}\">\n\t\t\t<div class=\"elementor-widget-wrap elementor-element-populated\">\n\t\t\t\t\t\t<div class=\"elementor-element elementor-element-50c548fa elementor-widget elementor-widget-heading\" data-id=\"50c548fa\" data-element_type=\"widget\" data-e-type=\"widget\" data-widget_type=\"heading.default\">\n\t\t\t\t<div class=\"elementor-widget-container\">\n\t\t\t\t\t<h5 class=\"elementor-heading-title elementor-size-default\">MORTEN, ISO 27001:2013 Bilgi G\u00fcvenli\u011fi Y\u00f6netim Sistem Standard\u0131 do\u011frultusunda;<\/h5>\t\t\t\t<\/div>\n\t\t\t\t<\/div>\n\t\t\t\t<div class=\"elementor-element elementor-element-7237d85 elementor-widget__width-initial elementor-widget-mobile__width-inherit elementor-icon-list--layout-traditional elementor-list-item-link-full_width elementor-widget elementor-widget-icon-list\" data-id=\"7237d85\" data-element_type=\"widget\" data-e-type=\"widget\" data-widget_type=\"icon-list.default\">\n\t\t\t\t<div class=\"elementor-widget-container\">\n\t\t\t\t\t\t\t<ul class=\"elementor-icon-list-items\">\n\t\t\t\t\t\t\t<li class=\"elementor-icon-list-item\">\n\t\t\t\t\t\t\t\t\t\t\t<span class=\"elementor-icon-list-icon\">\n\t\t\t\t\t\t\t<i aria-hidden=\"true\" class=\"vamtamtheme- vamtam-theme-check-box\"><\/i>\t\t\t\t\t\t<\/span>\n\t\t\t\t\t\t\t\t\t\t<span class=\"elementor-icon-list-text\">Kendisi ve payda\u015flar\u0131n\u0131n bilgi varl\u0131klar\u0131na g\u00fcvenli bir \u015fekilde eri\u015fim sa\u011flamay\u0131,<\/span>\n\t\t\t\t\t\t\t\t\t<\/li>\n\t\t\t\t\t\t\t\t<li class=\"elementor-icon-list-item\">\n\t\t\t\t\t\t\t\t\t\t\t<span class=\"elementor-icon-list-icon\">\n\t\t\t\t\t\t\t<i aria-hidden=\"true\" class=\"vamtamtheme- vamtam-theme-check-box\"><\/i>\t\t\t\t\t\t<\/span>\n\t\t\t\t\t\t\t\t\t\t<span class=\"elementor-icon-list-text\">Bilginin kullan\u0131labilirli\u011fini, b\u00fct\u00fcnl\u00fc\u011f\u00fcn\u00fc ve gizlili\u011fini korumay\u0131,<\/span>\n\t\t\t\t\t\t\t\t\t<\/li>\n\t\t\t\t\t\t\t\t<li class=\"elementor-icon-list-item\">\n\t\t\t\t\t\t\t\t\t\t\t<span class=\"elementor-icon-list-icon\">\n\t\t\t\t\t\t\t<i aria-hidden=\"true\" class=\"vamtamtheme- vamtam-theme-check-box\"><\/i>\t\t\t\t\t\t<\/span>\n\t\t\t\t\t\t\t\t\t\t<span class=\"elementor-icon-list-text\">Kendisinin ve payda\u015flar\u0131n\u0131n bilgi varl\u0131klar\u0131 \u00fczerinde olu\u015fabilecek riskleri de\u011ferlendirmeyi ve y\u00f6netmeyi,<\/span>\n\t\t\t\t\t\t\t\t\t<\/li>\n\t\t\t\t\t\t\t\t<li class=\"elementor-icon-list-item\">\n\t\t\t\t\t\t\t\t\t\t\t<span class=\"elementor-icon-list-icon\">\n\t\t\t\t\t\t\t<i aria-hidden=\"true\" class=\"vamtamtheme- vamtam-theme-check-box\"><\/i>\t\t\t\t\t\t<\/span>\n\t\t\t\t\t\t\t\t\t\t<span class=\"elementor-icon-list-text\">Kurumun g\u00fcvenilirli\u011fini ve marka imaj\u0131n\u0131 korumay\u0131,<\/span>\n\t\t\t\t\t\t\t\t\t<\/li>\n\t\t\t\t\t\t\t\t<li class=\"elementor-icon-list-item\">\n\t\t\t\t\t\t\t\t\t\t\t<span class=\"elementor-icon-list-icon\">\n\t\t\t\t\t\t\t<i aria-hidden=\"true\" class=\"fas fa-check-circle\"><\/i>\t\t\t\t\t\t<\/span>\n\t\t\t\t\t\t\t\t\t\t<span class=\"elementor-icon-list-text\">Bilgi g\u00fcvenli\u011fi ihlali durumunda gerekli g\u00f6r\u00fclen yapt\u0131r\u0131mlar\u0131 uygulamay\u0131,<\/span>\n\t\t\t\t\t\t\t\t\t<\/li>\n\t\t\t\t\t\t\t\t<li class=\"elementor-icon-list-item\">\n\t\t\t\t\t\t\t\t\t\t\t<span class=\"elementor-icon-list-icon\">\n\t\t\t\t\t\t\t<i aria-hidden=\"true\" class=\"fas fa-check-circle\"><\/i>\t\t\t\t\t\t<\/span>\n\t\t\t\t\t\t\t\t\t\t<span class=\"elementor-icon-list-text\">Tabi oldu\u011fu ulusal, uluslararas\u0131 veya sekt\u00f6rel d\u00fczenlemelerden, ilgili mevzuat ve standart gereklerini yerine getirmekten, anla\u015fmalardan do\u011fan y\u00fck\u00fcml\u00fcl\u00fcklerini kar\u015f\u0131lamaktan, i\u00e7 ve d\u0131\u015f payda\u015flara y\u00f6nelik kurumsal sorumluluklardan kaynaklanan bilgi g\u00fcvenli\u011fi gereksinimleri sa\u011flamay\u0131,<\/span>\n\t\t\t\t\t\t\t\t\t<\/li>\n\t\t\t\t\t\t\t\t<li class=\"elementor-icon-list-item\">\n\t\t\t\t\t\t\t\t\t\t\t<span class=\"elementor-icon-list-icon\">\n\t\t\t\t\t\t\t<i aria-hidden=\"true\" class=\"fas fa-check-circle\"><\/i>\t\t\t\t\t\t<\/span>\n\t\t\t\t\t\t\t\t\t\t<span class=\"elementor-icon-list-text\">\u0130\u015f\/Hizmet s\u00fcreklili\u011fine bilgi g\u00fcvenli\u011fi tehditlerinin etkisini azaltmay\u0131 ve i\u015fin s\u00fcreklili\u011fi ve s\u00fcrd\u00fcr\u00fclebilirli\u011fini sa\u011flamay\u0131,<\/span>\n\t\t\t\t\t\t\t\t\t<\/li>\n\t\t\t\t\t\t\t\t<li class=\"elementor-icon-list-item\">\n\t\t\t\t\t\t\t\t\t\t\t<span class=\"elementor-icon-list-icon\">\n\t\t\t\t\t\t\t<i aria-hidden=\"true\" class=\"fas fa-check-circle\"><\/i>\t\t\t\t\t\t<\/span>\n\t\t\t\t\t\t\t\t\t\t<span class=\"elementor-icon-list-text\">Kurulan kontrol altyap\u0131s\u0131 ile bilgi g\u00fcvenli\u011fi seviyesini korumay\u0131 ve iyile\u015ftirmeyi,<\/span>\n\t\t\t\t\t\t\t\t\t<\/li>\n\t\t\t\t\t\t\t\t<li class=\"elementor-icon-list-item\">\n\t\t\t\t\t\t\t\t\t\t\t<span class=\"elementor-icon-list-icon\">\n\t\t\t\t\t\t\t<i aria-hidden=\"true\" class=\"fas fa-check-circle\"><\/i>\t\t\t\t\t\t<\/span>\n\t\t\t\t\t\t\t\t\t\t<span class=\"elementor-icon-list-text\">Bilgi g\u00fcvenli\u011fi fark\u0131ndal\u0131\u011f\u0131n\u0131 artt\u0131rmak amac\u0131yla yetkinlikleri geli\u015ftirecek e\u011fitimleri sa\u011flamay\u0131 taahh\u00fct eder.<\/span>\n\t\t\t\t\t\t\t\t\t<\/li>\n\t\t\t\t\t\t<\/ul>\n\t\t\t\t\t\t<\/div>\n\t\t\t\t<\/div>\n\t\t\t\t\t<\/div>\n\t\t<\/div>\n\t\t\t\t\t<\/div>\n\t\t<\/section>\n\t\t\t\t<\/div>\n\t\t","protected":false},"excerpt":{"rendered":"<p>Insightful and reliable manufacturer IT services for productive and effective business<\/p>","protected":false},"author":1,"featured_media":7793,"parent":0,"menu_order":0,"comment_status":"closed","ping_status":"closed","template":"","meta":{"_monsterinsights_skip_tracking":false,"_monsterinsights_sitenote_active":false,"_monsterinsights_sitenote_note":"","_monsterinsights_sitenote_category":0,"footnotes":""},"class_list":["post-7177","page","type-page","status-publish","has-post-thumbnail","hentry"],"yoast_head":"<!-- This site is optimized with the Yoast SEO Premium plugin v25.9 (Yoast SEO v25.9) - https:\/\/yoast.com\/wordpress\/plugins\/seo\/ -->\n<title>Bilgi G\u00fcvenli\u011fi Genel Politikam\u0131z - Morten<\/title>\n<meta name=\"description\" content=\"Bilgi G\u00fcvenli\u011fi Genel Politikam\u0131z - Morten\" \/>\n<meta name=\"robots\" content=\"index, follow, max-snippet:-1, max-image-preview:large, max-video-preview:-1\" \/>\n<link rel=\"canonical\" href=\"https:\/\/www.morten.com.tr\/en\/bilgi-guvenligi-genel-politikamiz\/\" \/>\n<meta property=\"og:locale\" content=\"en_US\" \/>\n<meta property=\"og:type\" content=\"article\" \/>\n<meta property=\"og:title\" content=\"Bilgi G\u00fcvenli\u011fi Genel Politikam\u0131z\" \/>\n<meta property=\"og:description\" content=\"Bilgi G\u00fcvenli\u011fi Genel Politikam\u0131z - Morten\" \/>\n<meta property=\"og:url\" content=\"https:\/\/www.morten.com.tr\/en\/bilgi-guvenligi-genel-politikamiz\/\" \/>\n<meta property=\"og:site_name\" content=\"Morten\" \/>\n<meta property=\"article:publisher\" content=\"https:\/\/www.facebook.com\/BTEgitimMorten\" \/>\n<meta property=\"article:modified_time\" content=\"2025-10-23T06:30:29+00:00\" \/>\n<meta property=\"og:image\" content=\"https:\/\/www.morten.com.tr\/wp-content\/uploads\/2023\/04\/pexels-anna-shvets-4225920.jpg\" \/>\n\t<meta property=\"og:image:width\" content=\"2558\" \/>\n\t<meta property=\"og:image:height\" content=\"688\" \/>\n\t<meta property=\"og:image:type\" content=\"image\/jpeg\" \/>\n<meta name=\"twitter:card\" content=\"summary_large_image\" \/>\n<meta name=\"twitter:label1\" content=\"Est. reading time\" \/>\n\t<meta name=\"twitter:data1\" content=\"1 minute\" \/>\n<script type=\"application\/ld+json\" class=\"yoast-schema-graph\">{\"@context\":\"https:\/\/schema.org\",\"@graph\":[{\"@type\":\"WebPage\",\"@id\":\"https:\/\/www.morten.com.tr\/bilgi-guvenligi-genel-politikamiz\/\",\"url\":\"https:\/\/www.morten.com.tr\/bilgi-guvenligi-genel-politikamiz\/\",\"name\":\"Bilgi G\u00fcvenli\u011fi Genel Politikam\u0131z - Morten\",\"isPartOf\":{\"@id\":\"https:\/\/www.morten.com.tr\/#website\"},\"primaryImageOfPage\":{\"@id\":\"https:\/\/www.morten.com.tr\/bilgi-guvenligi-genel-politikamiz\/#primaryimage\"},\"image\":{\"@id\":\"https:\/\/www.morten.com.tr\/bilgi-guvenligi-genel-politikamiz\/#primaryimage\"},\"thumbnailUrl\":\"https:\/\/www.morten.com.tr\/wp-content\/uploads\/2023\/04\/pexels-anna-shvets-4225920.jpg\",\"datePublished\":\"2023-04-03T13:01:16+00:00\",\"dateModified\":\"2025-10-23T06:30:29+00:00\",\"description\":\"Bilgi G\u00fcvenli\u011fi Genel Politikam\u0131z - Morten\",\"breadcrumb\":{\"@id\":\"https:\/\/www.morten.com.tr\/bilgi-guvenligi-genel-politikamiz\/#breadcrumb\"},\"inLanguage\":\"en-US\",\"potentialAction\":[{\"@type\":\"ReadAction\",\"target\":[\"https:\/\/www.morten.com.tr\/bilgi-guvenligi-genel-politikamiz\/\"]}]},{\"@type\":\"ImageObject\",\"inLanguage\":\"en-US\",\"@id\":\"https:\/\/www.morten.com.tr\/bilgi-guvenligi-genel-politikamiz\/#primaryimage\",\"url\":\"https:\/\/www.morten.com.tr\/wp-content\/uploads\/2023\/04\/pexels-anna-shvets-4225920.jpg\",\"contentUrl\":\"https:\/\/www.morten.com.tr\/wp-content\/uploads\/2023\/04\/pexels-anna-shvets-4225920.jpg\",\"width\":2558,\"height\":688},{\"@type\":\"BreadcrumbList\",\"@id\":\"https:\/\/www.morten.com.tr\/bilgi-guvenligi-genel-politikamiz\/#breadcrumb\",\"itemListElement\":[{\"@type\":\"ListItem\",\"position\":1,\"name\":\"Home\",\"item\":\"https:\/\/www.morten.com.tr\/\"},{\"@type\":\"ListItem\",\"position\":2,\"name\":\"Bilgi G\u00fcvenli\u011fi Genel Politikam\u0131z\"}]},{\"@type\":\"WebSite\",\"@id\":\"https:\/\/www.morten.com.tr\/#website\",\"url\":\"https:\/\/www.morten.com.tr\/\",\"name\":\"Morten\",\"description\":\"\",\"publisher\":{\"@id\":\"https:\/\/www.morten.com.tr\/#organization\"},\"potentialAction\":[{\"@type\":\"SearchAction\",\"target\":{\"@type\":\"EntryPoint\",\"urlTemplate\":\"https:\/\/www.morten.com.tr\/?s={search_term_string}\"},\"query-input\":{\"@type\":\"PropertyValueSpecification\",\"valueRequired\":true,\"valueName\":\"search_term_string\"}}],\"inLanguage\":\"en-US\"},{\"@type\":\"Organization\",\"@id\":\"https:\/\/www.morten.com.tr\/#organization\",\"name\":\"Morten Bilgi ve \u0130leti\u015fim Hizmetleri A.\u015e.\",\"alternateName\":\"Morten\",\"url\":\"https:\/\/www.morten.com.tr\/\",\"logo\":{\"@type\":\"ImageObject\",\"inLanguage\":\"en-US\",\"@id\":\"https:\/\/www.morten.com.tr\/#\/schema\/logo\/image\/\",\"url\":\"https:\/\/www.morten.com.tr\/wp-content\/uploads\/2024\/11\/mortenbt.webp\",\"contentUrl\":\"https:\/\/www.morten.com.tr\/wp-content\/uploads\/2024\/11\/mortenbt.webp\",\"width\":265,\"height\":116,\"caption\":\"Morten Bilgi ve \u0130leti\u015fim Hizmetleri A.\u015e.\"},\"image\":{\"@id\":\"https:\/\/www.morten.com.tr\/#\/schema\/logo\/image\/\"},\"sameAs\":[\"https:\/\/www.facebook.com\/BTEgitimMorten\"]}]}<\/script>\n<!-- \/ Yoast SEO Premium plugin. -->","yoast_head_json":{"title":"Bilgi G\u00fcvenli\u011fi Genel Politikam\u0131z - Morten","description":"Bilgi G\u00fcvenli\u011fi Genel Politikam\u0131z - Morten","robots":{"index":"index","follow":"follow","max-snippet":"max-snippet:-1","max-image-preview":"max-image-preview:large","max-video-preview":"max-video-preview:-1"},"canonical":"https:\/\/www.morten.com.tr\/en\/bilgi-guvenligi-genel-politikamiz\/","og_locale":"en_US","og_type":"article","og_title":"Bilgi G\u00fcvenli\u011fi Genel Politikam\u0131z","og_description":"Bilgi G\u00fcvenli\u011fi Genel Politikam\u0131z - Morten","og_url":"https:\/\/www.morten.com.tr\/en\/bilgi-guvenligi-genel-politikamiz\/","og_site_name":"Morten","article_publisher":"https:\/\/www.facebook.com\/BTEgitimMorten","article_modified_time":"2025-10-23T06:30:29+00:00","og_image":[{"width":2558,"height":688,"url":"https:\/\/www.morten.com.tr\/wp-content\/uploads\/2023\/04\/pexels-anna-shvets-4225920.jpg","type":"image\/jpeg"}],"twitter_card":"summary_large_image","twitter_misc":{"Est. reading time":"1 minute"},"schema":{"@context":"https:\/\/schema.org","@graph":[{"@type":"WebPage","@id":"https:\/\/www.morten.com.tr\/bilgi-guvenligi-genel-politikamiz\/","url":"https:\/\/www.morten.com.tr\/bilgi-guvenligi-genel-politikamiz\/","name":"Bilgi G\u00fcvenli\u011fi Genel Politikam\u0131z - Morten","isPartOf":{"@id":"https:\/\/www.morten.com.tr\/#website"},"primaryImageOfPage":{"@id":"https:\/\/www.morten.com.tr\/bilgi-guvenligi-genel-politikamiz\/#primaryimage"},"image":{"@id":"https:\/\/www.morten.com.tr\/bilgi-guvenligi-genel-politikamiz\/#primaryimage"},"thumbnailUrl":"https:\/\/www.morten.com.tr\/wp-content\/uploads\/2023\/04\/pexels-anna-shvets-4225920.jpg","datePublished":"2023-04-03T13:01:16+00:00","dateModified":"2025-10-23T06:30:29+00:00","description":"Bilgi G\u00fcvenli\u011fi Genel Politikam\u0131z - Morten","breadcrumb":{"@id":"https:\/\/www.morten.com.tr\/bilgi-guvenligi-genel-politikamiz\/#breadcrumb"},"inLanguage":"en-US","potentialAction":[{"@type":"ReadAction","target":["https:\/\/www.morten.com.tr\/bilgi-guvenligi-genel-politikamiz\/"]}]},{"@type":"ImageObject","inLanguage":"en-US","@id":"https:\/\/www.morten.com.tr\/bilgi-guvenligi-genel-politikamiz\/#primaryimage","url":"https:\/\/www.morten.com.tr\/wp-content\/uploads\/2023\/04\/pexels-anna-shvets-4225920.jpg","contentUrl":"https:\/\/www.morten.com.tr\/wp-content\/uploads\/2023\/04\/pexels-anna-shvets-4225920.jpg","width":2558,"height":688},{"@type":"BreadcrumbList","@id":"https:\/\/www.morten.com.tr\/bilgi-guvenligi-genel-politikamiz\/#breadcrumb","itemListElement":[{"@type":"ListItem","position":1,"name":"Home","item":"https:\/\/www.morten.com.tr\/"},{"@type":"ListItem","position":2,"name":"Bilgi G\u00fcvenli\u011fi Genel Politikam\u0131z"}]},{"@type":"WebSite","@id":"https:\/\/www.morten.com.tr\/#website","url":"https:\/\/www.morten.com.tr\/","name":"Morten","description":"","publisher":{"@id":"https:\/\/www.morten.com.tr\/#organization"},"potentialAction":[{"@type":"SearchAction","target":{"@type":"EntryPoint","urlTemplate":"https:\/\/www.morten.com.tr\/?s={search_term_string}"},"query-input":{"@type":"PropertyValueSpecification","valueRequired":true,"valueName":"search_term_string"}}],"inLanguage":"en-US"},{"@type":"Organization","@id":"https:\/\/www.morten.com.tr\/#organization","name":"Morten Information and Communication Services Inc.","alternateName":"Morten","url":"https:\/\/www.morten.com.tr\/","logo":{"@type":"ImageObject","inLanguage":"en-US","@id":"https:\/\/www.morten.com.tr\/#\/schema\/logo\/image\/","url":"https:\/\/www.morten.com.tr\/wp-content\/uploads\/2024\/11\/mortenbt.webp","contentUrl":"https:\/\/www.morten.com.tr\/wp-content\/uploads\/2024\/11\/mortenbt.webp","width":265,"height":116,"caption":"Morten Bilgi ve \u0130leti\u015fim Hizmetleri A.\u015e."},"image":{"@id":"https:\/\/www.morten.com.tr\/#\/schema\/logo\/image\/"},"sameAs":["https:\/\/www.facebook.com\/BTEgitimMorten"]}]}},"_links":{"self":[{"href":"https:\/\/www.morten.com.tr\/en\/wp-json\/wp\/v2\/pages\/7177"}],"collection":[{"href":"https:\/\/www.morten.com.tr\/en\/wp-json\/wp\/v2\/pages"}],"about":[{"href":"https:\/\/www.morten.com.tr\/en\/wp-json\/wp\/v2\/types\/page"}],"author":[{"embeddable":true,"href":"https:\/\/www.morten.com.tr\/en\/wp-json\/wp\/v2\/users\/1"}],"replies":[{"embeddable":true,"href":"https:\/\/www.morten.com.tr\/en\/wp-json\/wp\/v2\/comments?post=7177"}],"version-history":[{"count":13,"href":"https:\/\/www.morten.com.tr\/en\/wp-json\/wp\/v2\/pages\/7177\/revisions"}],"predecessor-version":[{"id":997593,"href":"https:\/\/www.morten.com.tr\/en\/wp-json\/wp\/v2\/pages\/7177\/revisions\/997593"}],"wp:featuredmedia":[{"embeddable":true,"href":"https:\/\/www.morten.com.tr\/en\/wp-json\/wp\/v2\/media\/7793"}],"wp:attachment":[{"href":"https:\/\/www.morten.com.tr\/en\/wp-json\/wp\/v2\/media?parent=7177"}],"curies":[{"name":"wp","href":"https:\/\/api.w.org\/{rel}","templated":true}]}}