{"id":988859,"date":"2023-03-14T14:13:26","date_gmt":"2023-03-14T14:13:26","guid":{"rendered":"https:\/\/tecnologia.vamtam.com\/?page_id=1281"},"modified":"2024-12-30T09:46:19","modified_gmt":"2024-12-30T06:46:19","slug":"politikalarimiz","status":"publish","type":"page","link":"https:\/\/www.morten.com.tr\/en\/politikalarimiz\/","title":{"rendered":"Our Policy"},"content":{"rendered":"<div data-elementor-type=\"wp-page\" data-elementor-id=\"988859\" class=\"elementor elementor-988859\" data-elementor-post-type=\"page\">\n\t\t\t\t<div class=\"elementor-element elementor-element-7e2aa4c e-flex e-con-boxed e-con e-parent\" data-id=\"7e2aa4c\" data-element_type=\"container\" data-e-type=\"container\">\n\t\t\t\t\t<div class=\"e-con-inner\">\n\t\t\t\t<div class=\"elementor-element elementor-element-0796671 elementor-widget elementor-widget-heading\" data-id=\"0796671\" data-element_type=\"widget\" data-e-type=\"widget\" data-widget_type=\"heading.default\">\n\t\t\t\t<div class=\"elementor-widget-container\">\n\t\t\t\t\t<h2 class=\"elementor-heading-title elementor-size-default\">Our Policy<\/h2>\t\t\t\t<\/div>\n\t\t\t\t<\/div>\n\t\t\t\t\t<\/div>\n\t\t\t\t<\/div>\n\t\t<div class=\"elementor-element elementor-element-868de36 e-flex e-con-boxed e-con e-parent\" data-id=\"868de36\" data-element_type=\"container\" data-e-type=\"container\">\n\t\t\t\t\t<div class=\"e-con-inner\">\n\t\t\t\t<div class=\"elementor-element elementor-element-d99b6a4 elementor-widget elementor-widget-image\" data-id=\"d99b6a4\" data-element_type=\"widget\" data-e-type=\"widget\" data-widget_type=\"image.default\">\n\t\t\t\t<div class=\"elementor-widget-container\">\n\t\t\t\t\t\t\t\t\t\t\t\t\t\t\t<img fetchpriority=\"high\" decoding=\"async\" width=\"1024\" height=\"400\" src=\"https:\/\/www.morten.com.tr\/wp-content\/uploads\/2024\/12\/Politikalarimiz-banner-1-1024x400.png\" class=\"attachment-large size-large wp-image-991473\" alt=\"\" srcset=\"https:\/\/www.morten.com.tr\/wp-content\/uploads\/2024\/12\/Politikalarimiz-banner-1-1024x400.png 1024w, https:\/\/www.morten.com.tr\/wp-content\/uploads\/2024\/12\/Politikalarimiz-banner-1-300x117.png 300w, https:\/\/www.morten.com.tr\/wp-content\/uploads\/2024\/12\/Politikalarimiz-banner-1-768x300.png 768w, https:\/\/www.morten.com.tr\/wp-content\/uploads\/2024\/12\/Politikalarimiz-banner-1-1536x600.png 1536w, https:\/\/www.morten.com.tr\/wp-content\/uploads\/2024\/12\/Politikalarimiz-banner-1-2048x800.png 2048w, https:\/\/www.morten.com.tr\/wp-content\/uploads\/2024\/12\/Politikalarimiz-banner-1-18x7.png 18w, https:\/\/www.morten.com.tr\/wp-content\/uploads\/2024\/12\/Politikalarimiz-banner-1-1500x586.png 1500w, https:\/\/www.morten.com.tr\/wp-content\/uploads\/2024\/12\/Politikalarimiz-banner-1-750x293.png 750w\" sizes=\"(max-width: 1024px) 100vw, 1024px\" \/>\t\t\t\t\t\t\t\t\t\t\t\t\t\t\t<\/div>\n\t\t\t\t<\/div>\n\t\t\t\t\t<\/div>\n\t\t\t\t<\/div>\n\t\t<div class=\"elementor-element elementor-element-d1ae0f0 e-flex e-con-boxed e-con e-parent\" data-id=\"d1ae0f0\" data-element_type=\"container\" data-e-type=\"container\">\n\t\t\t\t\t<div class=\"e-con-inner\">\n\t\t\t\t<div class=\"elementor-element elementor-element-dc8ec85 elementor-widget elementor-widget-spacer\" data-id=\"dc8ec85\" data-element_type=\"widget\" data-e-type=\"widget\" data-widget_type=\"spacer.default\">\n\t\t\t\t<div class=\"elementor-widget-container\">\n\t\t\t\t\t\t\t<div class=\"elementor-spacer\">\n\t\t\t<div class=\"elementor-spacer-inner\"><\/div>\n\t\t<\/div>\n\t\t\t\t\t\t<\/div>\n\t\t\t\t<\/div>\n\t\t\t\t<div class=\"elementor-element elementor-element-6a28f8e elementor-icon-list--layout-traditional elementor-list-item-link-full_width elementor-widget elementor-widget-icon-list\" data-id=\"6a28f8e\" data-element_type=\"widget\" data-e-type=\"widget\" data-widget_type=\"icon-list.default\">\n\t\t\t\t<div class=\"elementor-widget-container\">\n\t\t\t\t\t\t\t<ul class=\"elementor-icon-list-items\">\n\t\t\t\t\t\t\t<li class=\"elementor-icon-list-item translation-block\">COMMERCIAL ELECTRONIC MESSAGES AND <br> PERSONAL DATA SHARING CONSENT TEXT<\/li>\n\t\t\t\t\t\t\t\t<li class=\"elementor-icon-list-item\">\n\t\t\t\t\t\t\t\t\t\t\t<a href=\"\/wp-content\/uploads\/2024\/12\/Morten-web-aydinlatma-metni.pdf\">\n\n\t\t\t\t\t\t\t\t\t\t\t\t<span class=\"elementor-icon-list-icon\">\n\t\t\t\t\t\t\t<i aria-hidden=\"true\" class=\"fas fa-check-circle\"><\/i>\t\t\t\t\t\t<\/span>\n\t\t\t\t\t\t\t\t\t\t<span class=\"elementor-icon-list-text\">MORTEN DISCLOSURE TEXT WITHIN THE FRAMEWORK OF THE LAW ON THE PROTECTION OF PERSONAL DATA <\/span>\n\t\t\t\t\t\t\t\t\t\t\t<\/a>\n\t\t\t\t\t\t\t\t\t<\/li>\n\t\t\t\t\t\t\t\t<li class=\"elementor-icon-list-item\">\n\t\t\t\t\t\t\t\t\t\t\t<a href=\"\/wp-content\/uploads\/2024\/12\/MORTEN-KVKIP_KP18112019_Clean.pdf\">\n\n\t\t\t\t\t\t\t\t\t\t\t\t<span class=\"elementor-icon-list-icon\">\n\t\t\t\t\t\t\t<i aria-hidden=\"true\" class=\"fas fa-check-circle\"><\/i>\t\t\t\t\t\t<\/span>\n\t\t\t\t\t\t\t\t\t\t<span class=\"elementor-icon-list-text\">PERSONAL DATA PROTECTION AND PROCESSING POLICY<\/span>\n\t\t\t\t\t\t\t\t\t\t\t<\/a>\n\t\t\t\t\t\t\t\t\t<\/li>\n\t\t\t\t\t\t\t\t<li class=\"elementor-icon-list-item\">\n\t\t\t\t\t\t\t\t\t\t\t<a href=\"\/wp-content\/uploads\/2024\/12\/Cerez-Politikasi_Morten_taslak.pdf\">\n\n\t\t\t\t\t\t\t\t\t\t\t\t<span class=\"elementor-icon-list-icon\">\n\t\t\t\t\t\t\t<i aria-hidden=\"true\" class=\"fas fa-check-circle\"><\/i>\t\t\t\t\t\t<\/span>\n\t\t\t\t\t\t\t\t\t\t<span class=\"elementor-icon-list-text\">MORTEN INFORMATION AND COMMUNICATION SERVICES ANONI\u0307M \u015eI\u0307RKIRKETI\u0307 COOKIE POLICY<\/span>\n\t\t\t\t\t\t\t\t\t\t\t<\/a>\n\t\t\t\t\t\t\t\t\t<\/li>\n\t\t\t\t\t\t<\/ul>\n\t\t\t\t\t\t<\/div>\n\t\t\t\t<\/div>\n\t\t\t\t\t<\/div>\n\t\t\t\t<\/div>\n\t\t<div class=\"elementor-element elementor-element-c82e382 e-flex e-con-boxed e-con e-parent\" data-id=\"c82e382\" data-element_type=\"container\" data-e-type=\"container\">\n\t\t\t\t\t<div class=\"e-con-inner\">\n\t\t\t\t<div class=\"elementor-element elementor-element-3e0f921 elementor-widget elementor-widget-heading\" data-id=\"3e0f921\" data-element_type=\"widget\" data-e-type=\"widget\" data-widget_type=\"heading.default\">\n\t\t\t\t<div class=\"elementor-widget-container\">\n\t\t\t\t\t<h3 class=\"elementor-heading-title elementor-size-default\">Our Policies for Career<\/h3>\t\t\t\t<\/div>\n\t\t\t\t<\/div>\n\t\t\t\t\t<\/div>\n\t\t\t\t<\/div>\n\t\t<div class=\"elementor-element elementor-element-4874483 e-flex e-con-boxed e-con e-parent\" data-id=\"4874483\" data-element_type=\"container\" data-e-type=\"container\">\n\t\t\t\t\t<div class=\"e-con-inner\">\n\t\t\t\t<div class=\"elementor-element elementor-element-24b5e06 elementor-widget elementor-widget-spacer\" data-id=\"24b5e06\" data-element_type=\"widget\" data-e-type=\"widget\" data-widget_type=\"spacer.default\">\n\t\t\t\t<div class=\"elementor-widget-container\">\n\t\t\t\t\t\t\t<div class=\"elementor-spacer\">\n\t\t\t<div class=\"elementor-spacer-inner\"><\/div>\n\t\t<\/div>\n\t\t\t\t\t\t<\/div>\n\t\t\t\t<\/div>\n\t\t\t\t<div class=\"elementor-element elementor-element-0a0704c elementor-icon-list--layout-traditional elementor-list-item-link-full_width elementor-widget elementor-widget-icon-list\" data-id=\"0a0704c\" data-element_type=\"widget\" data-e-type=\"widget\" data-widget_type=\"icon-list.default\">\n\t\t\t\t<div class=\"elementor-widget-container\">\n\t\t\t\t\t\t\t<ul class=\"elementor-icon-list-items\">\n\t\t\t\t\t\t\t<li class=\"elementor-icon-list-item\">\n\t\t\t\t\t\t\t\t\t\t\t<a href=\"\/wp-content\/uploads\/2024\/12\/Morten-calisan-adayi-ve-stajer-aydinlatma-metni.pdf\">\n\n\t\t\t\t\t\t\t\t\t\t\t\t<span class=\"elementor-icon-list-icon\">\n\t\t\t\t\t\t\t<i aria-hidden=\"true\" class=\"fas fa-check-circle\"><\/i>\t\t\t\t\t\t<\/span>\n\t\t\t\t\t\t\t\t\t\t<span class=\"elementor-icon-list-text\">Morten employee candidate and trainee disclosure policy<\/span>\n\t\t\t\t\t\t\t\t\t\t\t<\/a>\n\t\t\t\t\t\t\t\t\t<\/li>\n\t\t\t\t\t\t\t\t<li class=\"elementor-icon-list-item\">\n\t\t\t\t\t\t\t\t\t\t\t<a href=\"\/wp-content\/uploads\/2024\/12\/Morten_Ilgili-Kisi-Basvuru-Web-Sayfasi-Metni_14112019.pdf\">\n\n\t\t\t\t\t\t\t\t\t\t\t\t<span class=\"elementor-icon-list-icon\">\n\t\t\t\t\t\t\t<i aria-hidden=\"true\" class=\"fas fa-check-circle\"><\/i>\t\t\t\t\t\t<\/span>\n\t\t\t\t\t\t\t\t\t\t<span class=\"elementor-icon-list-text\">Morten Contact Person Application Webpage Policy<\/span>\n\t\t\t\t\t\t\t\t\t\t\t<\/a>\n\t\t\t\t\t\t\t\t\t<\/li>\n\t\t\t\t\t\t\t\t<li class=\"elementor-icon-list-item\">\n\t\t\t\t\t\t\t\t\t\t\t<a href=\"\/wp-content\/uploads\/2024\/12\/Ticari-Elektronik-ileti-ve-veri-paylasim-riza-metni_calisan-adayi-stajyer.pdf\">\n\n\t\t\t\t\t\t\t\t\t\t\t\t<span class=\"elementor-icon-list-icon\">\n\t\t\t\t\t\t\t<i aria-hidden=\"true\" class=\"fas fa-check-circle\"><\/i>\t\t\t\t\t\t<\/span>\n\t\t\t\t\t\t\t\t\t\t<span class=\"elementor-icon-list-text\">Commercial Electronic Message and Data Sharing Consent Text Employee Candidate-Intern Policy<\/span>\n\t\t\t\t\t\t\t\t\t\t\t<\/a>\n\t\t\t\t\t\t\t\t\t<\/li>\n\t\t\t\t\t\t<\/ul>\n\t\t\t\t\t\t<\/div>\n\t\t\t\t<\/div>\n\t\t\t\t\t<\/div>\n\t\t\t\t<\/div>\n\t\t<div class=\"elementor-element elementor-element-b1b6cb5 e-flex e-con-boxed e-con e-parent\" data-id=\"b1b6cb5\" data-element_type=\"container\" data-e-type=\"container\">\n\t\t\t\t\t<div class=\"e-con-inner\">\n\t\t\t\t<div class=\"elementor-element elementor-element-a46c8a2 elementor-widget-divider--view-line elementor-widget elementor-widget-divider\" data-id=\"a46c8a2\" data-element_type=\"widget\" data-e-type=\"widget\" data-widget_type=\"divider.default\">\n\t\t\t\t<div class=\"elementor-widget-container\">\n\t\t\t\t\t\t\t<div class=\"elementor-divider\">\n\t\t\t<span class=\"elementor-divider-separator\">\n\t\t\t\t\t\t<\/span>\n\t\t<\/div>\n\t\t\t\t\t\t<\/div>\n\t\t\t\t<\/div>\n\t\t\t\t\t<\/div>\n\t\t\t\t<\/div>\n\t\t\t\t<\/div>","protected":false},"excerpt":{"rendered":"<p>Politikalar\u0131m\u0131z T\u0130CAR\u0130 ELEKTRON\u0130K \u0130LET\u0130LER VE K\u0130\u015e\u0130SEL VER\u0130 PAYLA\u015eIMI RIZA METN\u0130 K\u0130\u015e\u0130SEL VER\u0130LER\u0130N KORUNMASI KANUNU \u00c7ER\u00c7EVES\u0130NDE MORTEN AYDINLATMA METN\u0130 K\u0130\u015e\u0130SEL VER\u0130LER\u0130N KORUNMASI VE \u0130\u015eLENMES\u0130 POL\u0130T\u0130KASI MORTEN B\u0130LG\u0130 VE \u0130LET\u0130\u015e\u0130M H\u0130ZMETLER\u0130 ANON\u0130M \u015e\u0130RKET\u0130 \u00c7EREZ POL\u0130T\u0130KASI Kariyer \u0130\u00e7in Politikalar\u0131m\u0131z Morten c\u0327al\u0131s\u0327an aday\u0131 ve stajer ayd\u0131nlatma Politikas\u0131 Morten I\u0307lgili Kis\u0327i Bas\u0327vuru Web Sayfas\u0131 Politikas\u0131 Ticari Elektronik ileti ve veri&#8230;<\/p>","protected":false},"author":1,"featured_media":0,"parent":0,"menu_order":0,"comment_status":"closed","ping_status":"closed","template":"","meta":{"_monsterinsights_skip_tracking":false,"_monsterinsights_sitenote_active":false,"_monsterinsights_sitenote_note":"","_monsterinsights_sitenote_category":0,"footnotes":""},"class_list":["post-988859","page","type-page","status-publish","hentry"],"yoast_head":"<!-- This site is optimized with the Yoast SEO Premium plugin v25.9 (Yoast SEO v25.9) - https:\/\/yoast.com\/wordpress\/plugins\/seo\/ -->\n<title>Politikalar\u0131m\u0131z - Morten<\/title>\n<meta name=\"description\" content=\"Politikalar\u0131m\u0131z - Morten\" \/>\n<meta name=\"robots\" content=\"index, follow, max-snippet:-1, max-image-preview:large, max-video-preview:-1\" \/>\n<link rel=\"canonical\" href=\"https:\/\/morten.com.tr\/politikalarimiz\/\" \/>\n<meta property=\"og:locale\" content=\"en_US\" \/>\n<meta property=\"og:type\" content=\"article\" \/>\n<meta property=\"og:title\" content=\"Politikalar\u0131m\u0131z\" \/>\n<meta property=\"og:description\" content=\"Politikalar\u0131m\u0131z - Morten\" \/>\n<meta property=\"og:url\" content=\"https:\/\/morten.com.tr\/politikalarimiz\/\" \/>\n<meta property=\"og:site_name\" content=\"Morten\" \/>\n<meta property=\"article:publisher\" content=\"https:\/\/www.facebook.com\/BTEgitimMorten\" \/>\n<meta property=\"article:modified_time\" content=\"2024-12-30T06:46:19+00:00\" \/>\n<meta property=\"og:image\" content=\"http:\/\/18.199.85.50\/wp-content\/uploads\/2024\/12\/Politikalarimiz-banner-1-1024x400.png\" \/>\n<meta name=\"twitter:card\" content=\"summary_large_image\" \/>\n<meta name=\"twitter:label1\" content=\"Est. reading time\" \/>\n\t<meta name=\"twitter:data1\" content=\"1 minute\" \/>\n<script type=\"application\/ld+json\" class=\"yoast-schema-graph\">{\"@context\":\"https:\/\/schema.org\",\"@graph\":[{\"@type\":\"WebPage\",\"@id\":\"https:\/\/morten.com.tr\/politikalarimiz\/\",\"url\":\"https:\/\/morten.com.tr\/politikalarimiz\/\",\"name\":\"Politikalar\u0131m\u0131z - Morten\",\"isPartOf\":{\"@id\":\"https:\/\/www.morten.com.tr\/#website\"},\"primaryImageOfPage\":{\"@id\":\"https:\/\/morten.com.tr\/politikalarimiz\/#primaryimage\"},\"image\":{\"@id\":\"https:\/\/morten.com.tr\/politikalarimiz\/#primaryimage\"},\"thumbnailUrl\":\"http:\/\/18.199.85.50\/wp-content\/uploads\/2024\/12\/Politikalarimiz-banner-1-1024x400.png\",\"datePublished\":\"2023-03-14T14:13:26+00:00\",\"dateModified\":\"2024-12-30T06:46:19+00:00\",\"description\":\"Politikalar\u0131m\u0131z - Morten\",\"breadcrumb\":{\"@id\":\"https:\/\/morten.com.tr\/politikalarimiz\/#breadcrumb\"},\"inLanguage\":\"en-US\",\"potentialAction\":[{\"@type\":\"ReadAction\",\"target\":[\"https:\/\/morten.com.tr\/politikalarimiz\/\"]}]},{\"@type\":\"ImageObject\",\"inLanguage\":\"en-US\",\"@id\":\"https:\/\/morten.com.tr\/politikalarimiz\/#primaryimage\",\"url\":\"http:\/\/18.199.85.50\/wp-content\/uploads\/2024\/12\/Politikalarimiz-banner-1-1024x400.png\",\"contentUrl\":\"http:\/\/18.199.85.50\/wp-content\/uploads\/2024\/12\/Politikalarimiz-banner-1-1024x400.png\"},{\"@type\":\"BreadcrumbList\",\"@id\":\"https:\/\/morten.com.tr\/politikalarimiz\/#breadcrumb\",\"itemListElement\":[{\"@type\":\"ListItem\",\"position\":1,\"name\":\"Home\",\"item\":\"https:\/\/www.morten.com.tr\/\"},{\"@type\":\"ListItem\",\"position\":2,\"name\":\"Politikalar\u0131m\u0131z\"}]},{\"@type\":\"WebSite\",\"@id\":\"https:\/\/www.morten.com.tr\/#website\",\"url\":\"https:\/\/www.morten.com.tr\/\",\"name\":\"Morten\",\"description\":\"\",\"publisher\":{\"@id\":\"https:\/\/www.morten.com.tr\/#organization\"},\"potentialAction\":[{\"@type\":\"SearchAction\",\"target\":{\"@type\":\"EntryPoint\",\"urlTemplate\":\"https:\/\/www.morten.com.tr\/?s={search_term_string}\"},\"query-input\":{\"@type\":\"PropertyValueSpecification\",\"valueRequired\":true,\"valueName\":\"search_term_string\"}}],\"inLanguage\":\"en-US\"},{\"@type\":\"Organization\",\"@id\":\"https:\/\/www.morten.com.tr\/#organization\",\"name\":\"Morten Bilgi ve \u0130leti\u015fim Hizmetleri A.\u015e.\",\"alternateName\":\"Morten\",\"url\":\"https:\/\/www.morten.com.tr\/\",\"logo\":{\"@type\":\"ImageObject\",\"inLanguage\":\"en-US\",\"@id\":\"https:\/\/www.morten.com.tr\/#\/schema\/logo\/image\/\",\"url\":\"https:\/\/www.morten.com.tr\/wp-content\/uploads\/2024\/11\/mortenbt.webp\",\"contentUrl\":\"https:\/\/www.morten.com.tr\/wp-content\/uploads\/2024\/11\/mortenbt.webp\",\"width\":265,\"height\":116,\"caption\":\"Morten Bilgi ve \u0130leti\u015fim Hizmetleri A.\u015e.\"},\"image\":{\"@id\":\"https:\/\/www.morten.com.tr\/#\/schema\/logo\/image\/\"},\"sameAs\":[\"https:\/\/www.facebook.com\/BTEgitimMorten\"]}]}<\/script>\n<!-- \/ Yoast SEO Premium plugin. -->","yoast_head_json":{"title":"Politikalar\u0131m\u0131z - Morten","description":"Politikalar\u0131m\u0131z - Morten","robots":{"index":"index","follow":"follow","max-snippet":"max-snippet:-1","max-image-preview":"max-image-preview:large","max-video-preview":"max-video-preview:-1"},"canonical":"https:\/\/morten.com.tr\/politikalarimiz\/","og_locale":"en_US","og_type":"article","og_title":"Politikalar\u0131m\u0131z","og_description":"Politikalar\u0131m\u0131z - Morten","og_url":"https:\/\/morten.com.tr\/politikalarimiz\/","og_site_name":"Morten","article_publisher":"https:\/\/www.facebook.com\/BTEgitimMorten","article_modified_time":"2024-12-30T06:46:19+00:00","og_image":[{"url":"http:\/\/18.199.85.50\/wp-content\/uploads\/2024\/12\/Politikalarimiz-banner-1-1024x400.png","type":"","width":"","height":""}],"twitter_card":"summary_large_image","twitter_misc":{"Est. reading time":"1 minute"},"schema":{"@context":"https:\/\/schema.org","@graph":[{"@type":"WebPage","@id":"https:\/\/morten.com.tr\/politikalarimiz\/","url":"https:\/\/morten.com.tr\/politikalarimiz\/","name":"Politikalar\u0131m\u0131z - Morten","isPartOf":{"@id":"https:\/\/www.morten.com.tr\/#website"},"primaryImageOfPage":{"@id":"https:\/\/morten.com.tr\/politikalarimiz\/#primaryimage"},"image":{"@id":"https:\/\/morten.com.tr\/politikalarimiz\/#primaryimage"},"thumbnailUrl":"http:\/\/18.199.85.50\/wp-content\/uploads\/2024\/12\/Politikalarimiz-banner-1-1024x400.png","datePublished":"2023-03-14T14:13:26+00:00","dateModified":"2024-12-30T06:46:19+00:00","description":"Politikalar\u0131m\u0131z - Morten","breadcrumb":{"@id":"https:\/\/morten.com.tr\/politikalarimiz\/#breadcrumb"},"inLanguage":"en-US","potentialAction":[{"@type":"ReadAction","target":["https:\/\/morten.com.tr\/politikalarimiz\/"]}]},{"@type":"ImageObject","inLanguage":"en-US","@id":"https:\/\/morten.com.tr\/politikalarimiz\/#primaryimage","url":"http:\/\/18.199.85.50\/wp-content\/uploads\/2024\/12\/Politikalarimiz-banner-1-1024x400.png","contentUrl":"http:\/\/18.199.85.50\/wp-content\/uploads\/2024\/12\/Politikalarimiz-banner-1-1024x400.png"},{"@type":"BreadcrumbList","@id":"https:\/\/morten.com.tr\/politikalarimiz\/#breadcrumb","itemListElement":[{"@type":"ListItem","position":1,"name":"Home","item":"https:\/\/www.morten.com.tr\/"},{"@type":"ListItem","position":2,"name":"Politikalar\u0131m\u0131z"}]},{"@type":"WebSite","@id":"https:\/\/www.morten.com.tr\/#website","url":"https:\/\/www.morten.com.tr\/","name":"Morten","description":"","publisher":{"@id":"https:\/\/www.morten.com.tr\/#organization"},"potentialAction":[{"@type":"SearchAction","target":{"@type":"EntryPoint","urlTemplate":"https:\/\/www.morten.com.tr\/?s={search_term_string}"},"query-input":{"@type":"PropertyValueSpecification","valueRequired":true,"valueName":"search_term_string"}}],"inLanguage":"en-US"},{"@type":"Organization","@id":"https:\/\/www.morten.com.tr\/#organization","name":"Morten Information and Communication Services Inc.","alternateName":"Morten","url":"https:\/\/www.morten.com.tr\/","logo":{"@type":"ImageObject","inLanguage":"en-US","@id":"https:\/\/www.morten.com.tr\/#\/schema\/logo\/image\/","url":"https:\/\/www.morten.com.tr\/wp-content\/uploads\/2024\/11\/mortenbt.webp","contentUrl":"https:\/\/www.morten.com.tr\/wp-content\/uploads\/2024\/11\/mortenbt.webp","width":265,"height":116,"caption":"Morten Bilgi ve \u0130leti\u015fim Hizmetleri A.\u015e."},"image":{"@id":"https:\/\/www.morten.com.tr\/#\/schema\/logo\/image\/"},"sameAs":["https:\/\/www.facebook.com\/BTEgitimMorten"]}]}},"_links":{"self":[{"href":"https:\/\/www.morten.com.tr\/en\/wp-json\/wp\/v2\/pages\/988859"}],"collection":[{"href":"https:\/\/www.morten.com.tr\/en\/wp-json\/wp\/v2\/pages"}],"about":[{"href":"https:\/\/www.morten.com.tr\/en\/wp-json\/wp\/v2\/types\/page"}],"author":[{"embeddable":true,"href":"https:\/\/www.morten.com.tr\/en\/wp-json\/wp\/v2\/users\/1"}],"replies":[{"embeddable":true,"href":"https:\/\/www.morten.com.tr\/en\/wp-json\/wp\/v2\/comments?post=988859"}],"version-history":[{"count":25,"href":"https:\/\/www.morten.com.tr\/en\/wp-json\/wp\/v2\/pages\/988859\/revisions"}],"predecessor-version":[{"id":993928,"href":"https:\/\/www.morten.com.tr\/en\/wp-json\/wp\/v2\/pages\/988859\/revisions\/993928"}],"wp:attachment":[{"href":"https:\/\/www.morten.com.tr\/en\/wp-json\/wp\/v2\/media?parent=988859"}],"curies":[{"name":"wp","href":"https:\/\/api.w.org\/{rel}","templated":true}]}}