{"id":988872,"date":"2023-03-16T12:33:27","date_gmt":"2023-03-16T12:33:27","guid":{"rendered":"https:\/\/tecnologia.vamtam.com\/?page_id=1600"},"modified":"2025-02-11T09:00:09","modified_gmt":"2025-02-11T06:00:09","slug":"guvenlik-cozumleri","status":"publish","type":"page","link":"https:\/\/www.morten.com.tr\/en\/cozumlerimiz\/guvenlik-cozumleri\/","title":{"rendered":"Security Solutions"},"content":{"rendered":"<div data-elementor-type=\"wp-page\" data-elementor-id=\"988872\" class=\"elementor elementor-988872\" data-elementor-post-type=\"page\">\n\t\t\t\t\t\t<section class=\"elementor-section elementor-top-section elementor-element elementor-element-f2016ef elementor-section-content-middle elementor-reverse-mobile elementor-section-boxed elementor-section-height-default elementor-section-height-default\" data-id=\"f2016ef\" data-element_type=\"section\" data-e-type=\"section\">\n\t\t\t\t\t\t<div class=\"elementor-container elementor-column-gap-no\">\n\t\t\t\t\t<div class=\"elementor-column elementor-col-50 elementor-top-column elementor-element elementor-element-1e61630\" data-id=\"1e61630\" data-element_type=\"column\" data-e-type=\"column\" data-settings=\"{&quot;background_background&quot;:&quot;classic&quot;}\">\n\t\t\t<div class=\"elementor-widget-wrap elementor-element-populated\">\n\t\t\t\t\t\t<div class=\"elementor-element elementor-element-a00c509 elementor-widget elementor-widget-spacer\" data-id=\"a00c509\" data-element_type=\"widget\" data-e-type=\"widget\" data-widget_type=\"spacer.default\">\n\t\t\t\t<div class=\"elementor-widget-container\">\n\t\t\t\t\t\t\t<div class=\"elementor-spacer\">\n\t\t\t<div class=\"elementor-spacer-inner\"><\/div>\n\t\t<\/div>\n\t\t\t\t\t\t<\/div>\n\t\t\t\t<\/div>\n\t\t\t\t\t<\/div>\n\t\t<\/div>\n\t\t\t\t<div class=\"elementor-column elementor-col-50 elementor-top-column elementor-element elementor-element-0577b57\" data-id=\"0577b57\" data-element_type=\"column\" data-e-type=\"column\">\n\t\t\t<div class=\"elementor-widget-wrap elementor-element-populated\">\n\t\t\t\t\t\t<div class=\"elementor-element elementor-element-4691e7c elementor-widget elementor-widget-text-editor\" data-id=\"4691e7c\" data-element_type=\"widget\" data-e-type=\"widget\" data-widget_type=\"text-editor.default\">\n\t\t\t\t<div class=\"elementor-widget-container\">\n\t\t\t\t\t\t\t\t\t<p>\u00a0<\/p><p>The rise of cyber threats and the criticality of protecting digital assets have made security solutions more important than ever. Without a secure infrastructure, companies can be vulnerable to data breaches, financial losses, and reputational damage. Therefore, security solutions are a fundamental requirement for companies to ensure operational continuity and customer trust.<\/p><p>As Morten, we offer integrated solutions in the field of network and information security. We protect the digital assets of businesses with services such as firewalls, data leakage prevention, intrusion detection and prevention systems (IDS\/IPS), threat intelligence, secure access control and management. We also maximize data security with customized security policies and compliance solutions.<\/p><p>\u00a0<\/p>\t\t\t\t\t\t\t\t<\/div>\n\t\t\t\t<\/div>\n\t\t\t\t\t<\/div>\n\t\t<\/div>\n\t\t\t\t\t<\/div>\n\t\t<\/section>\n\t\t<div class=\"elementor-element elementor-element-0b85b8d e-grid e-con-boxed e-con e-parent\" data-id=\"0b85b8d\" data-element_type=\"container\" data-e-type=\"container\">\n\t\t\t\t\t<div class=\"e-con-inner\">\n\t\t\t\t<div class=\"elementor-element elementor-element-1a5e673 elementor-widget__width-initial elementor-cta--skin-classic elementor-animated-content elementor-bg-transform elementor-bg-transform-zoom-in elementor-widget elementor-widget-call-to-action\" data-id=\"1a5e673\" data-element_type=\"widget\" data-e-type=\"widget\" data-widget_type=\"call-to-action.default\">\n\t\t\t\t<div class=\"elementor-widget-container\">\n\t\t\t\t\t\t\t<div class=\"elementor-cta\">\n\t\t\t\t\t\t\t<div class=\"elementor-cta__content\">\n\t\t\t\t\t\t\t\t\t<div class=\"elementor-content-item elementor-cta__content-item elementor-icon-wrapper elementor-cta__icon elementor-view-default\">\n\t\t\t\t\t\t<div class=\"elementor-icon\">\n\t\t\t\t\t\t\t<i aria-hidden=\"true\" class=\"vamtamtheme- vamtam-theme-Security\"><\/i>\t\t\t\t\t\t<\/div>\n\t\t\t\t\t<\/div>\n\t\t\t\t\n\t\t\t\t\t\t\t\t\t<h3 class=\"elementor-cta__title elementor-cta__content-item elementor-content-item\">\n\t\t\t\t\t\tNetwork Security Solutions\t\t\t\t\t<\/h3>\n\t\t\t\t\n\t\t\t\t\t\t\t\t\t<div class=\"elementor-cta__description elementor-cta__content-item elementor-content-item\">\n\t\t\t\t\t\tThanks to strong security measures such as Firewall, IDS\/IPS, VPN, NAC and encryption, we protect our customers' network infrastructures against all kinds of attacks and ensure that communication and business processes continue uninterrupted.\t\t\t\t\t<\/div>\n\t\t\t\t\n\t\t\t\t\t\t\t\t\t<div class=\"elementor-cta__button-wrapper elementor-cta__content-item elementor-content-item\">\n\t\t\t\t\t<a class=\"elementor-cta__button elementor-button elementor-size-\" href=\"https:\/\/www.morten.com.tr\/en\/cozumlerimiz\/guvenlik-cozumleri\/ag-guvenligi-cozumlerii\/\">\n\t\t\t\t\t\tShow More \t\t\t\t\t<\/a>\n\t\t\t\t\t<\/div>\n\t\t\t\t\t\t\t<\/div>\n\t\t\t\t\t\t<\/div>\n\t\t\t\t\t\t<\/div>\n\t\t\t\t<\/div>\n\t\t\t\t<div class=\"elementor-element elementor-element-da474b9 elementor-cta--skin-classic elementor-animated-content elementor-bg-transform elementor-bg-transform-zoom-in elementor-widget elementor-widget-call-to-action\" data-id=\"da474b9\" data-element_type=\"widget\" data-e-type=\"widget\" data-widget_type=\"call-to-action.default\">\n\t\t\t\t<div class=\"elementor-widget-container\">\n\t\t\t\t\t\t\t<div class=\"elementor-cta\">\n\t\t\t\t\t\t\t<div class=\"elementor-cta__content\">\n\t\t\t\t\t\t\t\t\t<div class=\"elementor-content-item elementor-cta__content-item elementor-icon-wrapper elementor-cta__icon elementor-view-default\">\n\t\t\t\t\t\t<div class=\"elementor-icon\">\n\t\t\t\t\t\t\t<i aria-hidden=\"true\" class=\"vamtamtheme- vamtam-theme-Purpose\"><\/i>\t\t\t\t\t\t<\/div>\n\t\t\t\t\t<\/div>\n\t\t\t\t\n\t\t\t\t\t\t\t\t\t<h3 class=\"elementor-cta__title elementor-cta__content-item elementor-content-item\">\n\t\t\t\t\t\tInformation Security Solutions\t\t\t\t\t<\/h3>\n\t\t\t\t\n\t\t\t\t\t\t\t\t\t<div class=\"elementor-cta__description elementor-cta__content-item elementor-content-item\">\n\t\t\t\t\t\tOur advanced information security solutions are designed with the latest technologies to protect your customers' data.\t\t\t\t\t<\/div>\n\t\t\t\t\n\t\t\t\t\t\t\t\t\t<div class=\"elementor-cta__button-wrapper elementor-cta__content-item elementor-content-item\">\n\t\t\t\t\t<a class=\"elementor-cta__button elementor-button elementor-size-\" href=\"https:\/\/www.morten.com.tr\/en\/cozumlerimiz\/guvenlik-cozumleri\/bilgi-guvenligi-cozumleri\/\">\n\t\t\t\t\t\tShow More \t\t\t\t\t<\/a>\n\t\t\t\t\t<\/div>\n\t\t\t\t\t\t\t<\/div>\n\t\t\t\t\t\t<\/div>\n\t\t\t\t\t\t<\/div>\n\t\t\t\t<\/div>\n\t\t\t\t\t<\/div>\n\t\t\t\t<\/div>\n\t\t\t\t<\/div>","protected":false},"excerpt":{"rendered":"<p>\u00a0 Siber tehditlerin artmas\u0131 ve dijital varl\u0131klar\u0131n korunmas\u0131n\u0131n kritik bir hale gelmesi, g\u00fcvenlik \u00e7\u00f6z\u00fcmlerini her zamankinden daha \u00f6nemli k\u0131lm\u0131\u015ft\u0131r. G\u00fcvenli bir altyap\u0131 olmadan, \u015firketler veri ihlallerine, finansal kay\u0131plara ve itibar zedelenmesine kar\u015f\u0131 savunmas\u0131z kalabilir. Bu nedenle, g\u00fcvenlik \u00e7\u00f6z\u00fcmleri, \u015firketlerin operasyonel s\u00fcreklili\u011fini ve m\u00fc\u015fteri g\u00fcvenini sa\u011flamak i\u00e7in temel bir gerekliliktir. Morten olarak, a\u011f ve bilgi g\u00fcvenli\u011fi&#8230;<\/p>","protected":false},"author":1,"featured_media":0,"parent":465,"menu_order":0,"comment_status":"closed","ping_status":"closed","template":"","meta":{"_monsterinsights_skip_tracking":false,"_monsterinsights_sitenote_active":false,"_monsterinsights_sitenote_note":"","_monsterinsights_sitenote_category":0,"footnotes":""},"class_list":["post-988872","page","type-page","status-publish","hentry"],"yoast_head":"<!-- This site is optimized with the Yoast SEO Premium plugin v25.9 (Yoast SEO v25.9) - https:\/\/yoast.com\/wordpress\/plugins\/seo\/ -->\n<title>G\u00fcvenlik \u00c7\u00f6z\u00fcmleri - Morten<\/title>\n<meta name=\"description\" content=\"G\u00fcvenlik \u00c7\u00f6z\u00fcmleri - Morten\" \/>\n<meta name=\"robots\" content=\"index, follow, max-snippet:-1, max-image-preview:large, max-video-preview:-1\" \/>\n<link rel=\"canonical\" href=\"https:\/\/www.morten.com.tr\/en\/cozumlerimiz\/guvenlik-cozumleri\/\" \/>\n<meta property=\"og:locale\" content=\"en_US\" \/>\n<meta property=\"og:type\" content=\"article\" \/>\n<meta property=\"og:title\" content=\"G\u00fcvenlik \u00c7\u00f6z\u00fcmleri\" \/>\n<meta property=\"og:description\" content=\"G\u00fcvenlik \u00c7\u00f6z\u00fcmleri - Morten\" \/>\n<meta property=\"og:url\" content=\"https:\/\/www.morten.com.tr\/en\/cozumlerimiz\/guvenlik-cozumleri\/\" \/>\n<meta property=\"og:site_name\" content=\"Morten\" \/>\n<meta property=\"article:publisher\" content=\"https:\/\/www.facebook.com\/BTEgitimMorten\" \/>\n<meta property=\"article:modified_time\" content=\"2025-02-11T06:00:09+00:00\" \/>\n<meta name=\"twitter:card\" content=\"summary_large_image\" \/>\n<meta name=\"twitter:label1\" content=\"Est. reading time\" \/>\n\t<meta name=\"twitter:data1\" content=\"1 minute\" \/>\n<script type=\"application\/ld+json\" class=\"yoast-schema-graph\">{\"@context\":\"https:\/\/schema.org\",\"@graph\":[{\"@type\":\"WebPage\",\"@id\":\"https:\/\/www.morten.com.tr\/cozumlerimiz\/guvenlik-cozumleri\/\",\"url\":\"https:\/\/www.morten.com.tr\/cozumlerimiz\/guvenlik-cozumleri\/\",\"name\":\"G\u00fcvenlik \u00c7\u00f6z\u00fcmleri - Morten\",\"isPartOf\":{\"@id\":\"https:\/\/www.morten.com.tr\/#website\"},\"datePublished\":\"2023-03-16T12:33:27+00:00\",\"dateModified\":\"2025-02-11T06:00:09+00:00\",\"description\":\"G\u00fcvenlik \u00c7\u00f6z\u00fcmleri - Morten\",\"breadcrumb\":{\"@id\":\"https:\/\/www.morten.com.tr\/cozumlerimiz\/guvenlik-cozumleri\/#breadcrumb\"},\"inLanguage\":\"en-US\",\"potentialAction\":[{\"@type\":\"ReadAction\",\"target\":[\"https:\/\/www.morten.com.tr\/cozumlerimiz\/guvenlik-cozumleri\/\"]}]},{\"@type\":\"BreadcrumbList\",\"@id\":\"https:\/\/www.morten.com.tr\/cozumlerimiz\/guvenlik-cozumleri\/#breadcrumb\",\"itemListElement\":[{\"@type\":\"ListItem\",\"position\":1,\"name\":\"Home\",\"item\":\"https:\/\/www.morten.com.tr\/\"},{\"@type\":\"ListItem\",\"position\":2,\"name\":\"\u00c7\u00f6z\u00fcmlerimizY\u00f6nlendirme\",\"item\":\"https:\/\/morten.com.tr\/cozumlerimiz\/\"},{\"@type\":\"ListItem\",\"position\":3,\"name\":\"G\u00fcvenlik \u00c7\u00f6z\u00fcmleri\"}]},{\"@type\":\"WebSite\",\"@id\":\"https:\/\/www.morten.com.tr\/#website\",\"url\":\"https:\/\/www.morten.com.tr\/\",\"name\":\"Morten\",\"description\":\"\",\"publisher\":{\"@id\":\"https:\/\/www.morten.com.tr\/#organization\"},\"potentialAction\":[{\"@type\":\"SearchAction\",\"target\":{\"@type\":\"EntryPoint\",\"urlTemplate\":\"https:\/\/www.morten.com.tr\/?s={search_term_string}\"},\"query-input\":{\"@type\":\"PropertyValueSpecification\",\"valueRequired\":true,\"valueName\":\"search_term_string\"}}],\"inLanguage\":\"en-US\"},{\"@type\":\"Organization\",\"@id\":\"https:\/\/www.morten.com.tr\/#organization\",\"name\":\"Morten Bilgi ve \u0130leti\u015fim Hizmetleri A.\u015e.\",\"alternateName\":\"Morten\",\"url\":\"https:\/\/www.morten.com.tr\/\",\"logo\":{\"@type\":\"ImageObject\",\"inLanguage\":\"en-US\",\"@id\":\"https:\/\/www.morten.com.tr\/#\/schema\/logo\/image\/\",\"url\":\"https:\/\/www.morten.com.tr\/wp-content\/uploads\/2024\/11\/mortenbt.webp\",\"contentUrl\":\"https:\/\/www.morten.com.tr\/wp-content\/uploads\/2024\/11\/mortenbt.webp\",\"width\":265,\"height\":116,\"caption\":\"Morten Bilgi ve \u0130leti\u015fim Hizmetleri A.\u015e.\"},\"image\":{\"@id\":\"https:\/\/www.morten.com.tr\/#\/schema\/logo\/image\/\"},\"sameAs\":[\"https:\/\/www.facebook.com\/BTEgitimMorten\"]}]}<\/script>\n<!-- \/ Yoast SEO Premium plugin. -->","yoast_head_json":{"title":"G\u00fcvenlik \u00c7\u00f6z\u00fcmleri - Morten","description":"G\u00fcvenlik \u00c7\u00f6z\u00fcmleri - Morten","robots":{"index":"index","follow":"follow","max-snippet":"max-snippet:-1","max-image-preview":"max-image-preview:large","max-video-preview":"max-video-preview:-1"},"canonical":"https:\/\/www.morten.com.tr\/en\/cozumlerimiz\/guvenlik-cozumleri\/","og_locale":"en_US","og_type":"article","og_title":"G\u00fcvenlik \u00c7\u00f6z\u00fcmleri","og_description":"G\u00fcvenlik \u00c7\u00f6z\u00fcmleri - Morten","og_url":"https:\/\/www.morten.com.tr\/en\/cozumlerimiz\/guvenlik-cozumleri\/","og_site_name":"Morten","article_publisher":"https:\/\/www.facebook.com\/BTEgitimMorten","article_modified_time":"2025-02-11T06:00:09+00:00","twitter_card":"summary_large_image","twitter_misc":{"Est. reading time":"1 minute"},"schema":{"@context":"https:\/\/schema.org","@graph":[{"@type":"WebPage","@id":"https:\/\/www.morten.com.tr\/cozumlerimiz\/guvenlik-cozumleri\/","url":"https:\/\/www.morten.com.tr\/cozumlerimiz\/guvenlik-cozumleri\/","name":"G\u00fcvenlik \u00c7\u00f6z\u00fcmleri - Morten","isPartOf":{"@id":"https:\/\/www.morten.com.tr\/#website"},"datePublished":"2023-03-16T12:33:27+00:00","dateModified":"2025-02-11T06:00:09+00:00","description":"G\u00fcvenlik \u00c7\u00f6z\u00fcmleri - Morten","breadcrumb":{"@id":"https:\/\/www.morten.com.tr\/cozumlerimiz\/guvenlik-cozumleri\/#breadcrumb"},"inLanguage":"en-US","potentialAction":[{"@type":"ReadAction","target":["https:\/\/www.morten.com.tr\/cozumlerimiz\/guvenlik-cozumleri\/"]}]},{"@type":"BreadcrumbList","@id":"https:\/\/www.morten.com.tr\/cozumlerimiz\/guvenlik-cozumleri\/#breadcrumb","itemListElement":[{"@type":"ListItem","position":1,"name":"Home","item":"https:\/\/www.morten.com.tr\/"},{"@type":"ListItem","position":2,"name":"\u00c7\u00f6z\u00fcmlerimizY\u00f6nlendirme","item":"https:\/\/morten.com.tr\/cozumlerimiz\/"},{"@type":"ListItem","position":3,"name":"G\u00fcvenlik \u00c7\u00f6z\u00fcmleri"}]},{"@type":"WebSite","@id":"https:\/\/www.morten.com.tr\/#website","url":"https:\/\/www.morten.com.tr\/","name":"Morten","description":"","publisher":{"@id":"https:\/\/www.morten.com.tr\/#organization"},"potentialAction":[{"@type":"SearchAction","target":{"@type":"EntryPoint","urlTemplate":"https:\/\/www.morten.com.tr\/?s={search_term_string}"},"query-input":{"@type":"PropertyValueSpecification","valueRequired":true,"valueName":"search_term_string"}}],"inLanguage":"en-US"},{"@type":"Organization","@id":"https:\/\/www.morten.com.tr\/#organization","name":"Morten Information and Communication Services Inc.","alternateName":"Morten","url":"https:\/\/www.morten.com.tr\/","logo":{"@type":"ImageObject","inLanguage":"en-US","@id":"https:\/\/www.morten.com.tr\/#\/schema\/logo\/image\/","url":"https:\/\/www.morten.com.tr\/wp-content\/uploads\/2024\/11\/mortenbt.webp","contentUrl":"https:\/\/www.morten.com.tr\/wp-content\/uploads\/2024\/11\/mortenbt.webp","width":265,"height":116,"caption":"Morten Bilgi ve \u0130leti\u015fim Hizmetleri A.\u015e."},"image":{"@id":"https:\/\/www.morten.com.tr\/#\/schema\/logo\/image\/"},"sameAs":["https:\/\/www.facebook.com\/BTEgitimMorten"]}]}},"_links":{"self":[{"href":"https:\/\/www.morten.com.tr\/en\/wp-json\/wp\/v2\/pages\/988872"}],"collection":[{"href":"https:\/\/www.morten.com.tr\/en\/wp-json\/wp\/v2\/pages"}],"about":[{"href":"https:\/\/www.morten.com.tr\/en\/wp-json\/wp\/v2\/types\/page"}],"author":[{"embeddable":true,"href":"https:\/\/www.morten.com.tr\/en\/wp-json\/wp\/v2\/users\/1"}],"replies":[{"embeddable":true,"href":"https:\/\/www.morten.com.tr\/en\/wp-json\/wp\/v2\/comments?post=988872"}],"version-history":[{"count":118,"href":"https:\/\/www.morten.com.tr\/en\/wp-json\/wp\/v2\/pages\/988872\/revisions"}],"predecessor-version":[{"id":996500,"href":"https:\/\/www.morten.com.tr\/en\/wp-json\/wp\/v2\/pages\/988872\/revisions\/996500"}],"up":[{"embeddable":true,"href":"https:\/\/www.morten.com.tr\/en\/wp-json\/wp\/v2\/pages\/465"}],"wp:attachment":[{"href":"https:\/\/www.morten.com.tr\/en\/wp-json\/wp\/v2\/media?parent=988872"}],"curies":[{"name":"wp","href":"https:\/\/api.w.org\/{rel}","templated":true}]}}