{"id":992384,"date":"2024-12-24T13:35:36","date_gmt":"2024-12-24T10:35:36","guid":{"rendered":"http:\/\/10.41.150.12\/?page_id=992384"},"modified":"2025-02-03T11:17:42","modified_gmt":"2025-02-03T08:17:42","slug":"ip-telefon-sistemleri","status":"publish","type":"page","link":"https:\/\/www.morten.com.tr\/en\/cozumlerimiz\/tumlesik-iletisim-cozumleri\/ip-telefon-sistemleri\/","title":{"rendered":"IP Phone Systems"},"content":{"rendered":"\t\t<div data-elementor-type=\"wp-page\" data-elementor-id=\"992384\" class=\"elementor elementor-992384\" data-elementor-post-type=\"page\">\n\t\t\t\t\t\t<section class=\"elementor-section elementor-top-section elementor-element elementor-element-1872817 elementor-section-full_width elementor-section-content-top elementor-section-stretched elementor-section-height-default elementor-section-height-default\" data-id=\"1872817\" data-element_type=\"section\" data-e-type=\"section\" data-settings=\"{&quot;background_background&quot;:&quot;classic&quot;,&quot;background_motion_fx_motion_fx_scrolling&quot;:&quot;yes&quot;,&quot;background_motion_fx_translateY_effect&quot;:&quot;yes&quot;,&quot;background_motion_fx_translateY_speed&quot;:{&quot;unit&quot;:&quot;px&quot;,&quot;size&quot;:2,&quot;sizes&quot;:[]},&quot;background_motion_fx_devices&quot;:[&quot;desktop&quot;],&quot;stretch_section&quot;:&quot;section-stretched&quot;,&quot;background_motion_fx_translateY_affectedRange&quot;:{&quot;unit&quot;:&quot;%&quot;,&quot;size&quot;:&quot;&quot;,&quot;sizes&quot;:{&quot;start&quot;:0,&quot;end&quot;:100}}}\">\n\t\t\t\t\t\t<div class=\"elementor-container elementor-column-gap-default\">\n\t\t\t\t\t<div class=\"elementor-column elementor-col-100 elementor-top-column elementor-element elementor-element-92d0703\" data-id=\"92d0703\" data-element_type=\"column\" data-e-type=\"column\">\n\t\t\t<div class=\"elementor-widget-wrap elementor-element-populated\">\n\t\t\t\t\t\t<div class=\"elementor-element elementor-element-e01dcad elementor-widget elementor-widget-spacer\" data-id=\"e01dcad\" data-element_type=\"widget\" data-e-type=\"widget\" data-widget_type=\"spacer.default\">\n\t\t\t\t<div class=\"elementor-widget-container\">\n\t\t\t\t\t\t\t<div class=\"elementor-spacer\">\n\t\t\t<div class=\"elementor-spacer-inner\"><\/div>\n\t\t<\/div>\n\t\t\t\t\t\t<\/div>\n\t\t\t\t<\/div>\n\t\t\t\t<div class=\"elementor-element elementor-element-afb4f1b elementor-widget__width-initial elementor-widget elementor-widget-heading\" data-id=\"afb4f1b\" data-element_type=\"widget\" data-e-type=\"widget\" data-widget_type=\"heading.default\">\n\t\t\t\t<div class=\"elementor-widget-container\">\n\t\t\t\t\t<span class=\"elementor-heading-title elementor-size-default\">T\u00dcMLE\u015e\u0130K \u0130LET\u0130\u015e\u0130M \u00c7\u00d6Z\u00dcMLER\u0130<\/span>\t\t\t\t<\/div>\n\t\t\t\t<\/div>\n\t\t\t\t<div class=\"elementor-element elementor-element-709eaa7 animated-slow bkheader elementor-invisible elementor-widget elementor-widget-theme-post-title elementor-page-title elementor-widget-heading\" data-id=\"709eaa7\" data-element_type=\"widget\" data-e-type=\"widget\" data-settings=\"{&quot;_animation&quot;:&quot;fadeIn&quot;,&quot;_animation_tablet&quot;:&quot;none&quot;}\" data-widget_type=\"theme-post-title.default\">\n\t\t\t\t<div class=\"elementor-widget-container\">\n\t\t\t\t\t<h1 class=\"elementor-heading-title elementor-size-default\">IP Telefon Sistemleri<\/h1>\t\t\t\t<\/div>\n\t\t\t\t<\/div>\n\t\t\t\t<div class=\"elementor-element elementor-element-1174dff elementor-widget elementor-widget-spacer\" data-id=\"1174dff\" data-element_type=\"widget\" data-e-type=\"widget\" data-widget_type=\"spacer.default\">\n\t\t\t\t<div class=\"elementor-widget-container\">\n\t\t\t\t\t\t\t<div class=\"elementor-spacer\">\n\t\t\t<div class=\"elementor-spacer-inner\"><\/div>\n\t\t<\/div>\n\t\t\t\t\t\t<\/div>\n\t\t\t\t<\/div>\n\t\t\t\t\t<\/div>\n\t\t<\/div>\n\t\t\t\t\t<\/div>\n\t\t<\/section>\n\t\t\t\t<section class=\"elementor-section elementor-top-section elementor-element elementor-element-85794aa elementor-section-content-middle elementor-reverse-mobile elementor-section-boxed elementor-section-height-default elementor-section-height-default\" data-id=\"85794aa\" data-element_type=\"section\" data-e-type=\"section\">\n\t\t\t\t\t\t<div class=\"elementor-container elementor-column-gap-no\">\n\t\t\t\t\t<div class=\"elementor-column elementor-col-50 elementor-top-column elementor-element elementor-element-9d7d83b\" data-id=\"9d7d83b\" data-element_type=\"column\" data-e-type=\"column\" data-settings=\"{&quot;background_background&quot;:&quot;classic&quot;}\">\n\t\t\t<div class=\"elementor-widget-wrap elementor-element-populated\">\n\t\t\t\t\t\t<div class=\"elementor-element elementor-element-321c6c5 elementor-widget elementor-widget-spacer\" data-id=\"321c6c5\" data-element_type=\"widget\" data-e-type=\"widget\" data-widget_type=\"spacer.default\">\n\t\t\t\t<div class=\"elementor-widget-container\">\n\t\t\t\t\t\t\t<div class=\"elementor-spacer\">\n\t\t\t<div class=\"elementor-spacer-inner\"><\/div>\n\t\t<\/div>\n\t\t\t\t\t\t<\/div>\n\t\t\t\t<\/div>\n\t\t\t\t\t<\/div>\n\t\t<\/div>\n\t\t\t\t<div class=\"elementor-column elementor-col-50 elementor-top-column elementor-element elementor-element-777d91b\" data-id=\"777d91b\" data-element_type=\"column\" data-e-type=\"column\">\n\t\t\t<div class=\"elementor-widget-wrap elementor-element-populated\">\n\t\t\t\t\t\t<div class=\"elementor-element elementor-element-9f38bfb elementor-widget__width-initial elementor-widget elementor-widget-text-editor\" data-id=\"9f38bfb\" data-element_type=\"widget\" data-e-type=\"widget\" data-widget_type=\"text-editor.default\">\n\t\t\t\t<div class=\"elementor-widget-container\">\n\t\t\t\t\t\t\t\t\t<p>IP telefon sistemleri, sesli ileti\u015fimi internet protokol\u00fc (IP) \u00fczerinden sa\u011flayarak, geleneksel telefon hatlar\u0131na k\u0131yasla \u00e7ok daha d\u00fc\u015f\u00fck maliyetlerle y\u00fcksek kaliteli konu\u015fma imkan\u0131 sunar. Bu sistemler, kurumlar\u0131n ileti\u015fim giderlerini \u00f6nemli \u00f6l\u00e7\u00fcde azalt\u0131rken, ayn\u0131 zamanda daha esnek ve \u00f6l\u00e7eklenebilir bir altyap\u0131 sa\u011flar. Sesli g\u00f6r\u00fc\u015fmelerin yan\u0131 s\u0131ra, video konferans ve anl\u0131k mesajla\u015fma gibi di\u011fer ileti\u015fim ara\u00e7lar\u0131yla entegre \u00e7al\u0131\u015fabilir. Ayr\u0131ca, mobil cihazlarla entegre olabilmesi sayesinde, her yerden kolayca eri\u015fim ve kullan\u0131m imkan\u0131 tan\u0131r.<\/p>\t\t\t\t\t\t\t\t<\/div>\n\t\t\t\t<\/div>\n\t\t\t\t\t<\/div>\n\t\t<\/div>\n\t\t\t\t\t<\/div>\n\t\t<\/section>\n\t\t\t\t<section class=\"elementor-section elementor-top-section elementor-element elementor-element-15d0475 elementor-section-boxed elementor-section-height-default elementor-section-height-default\" data-id=\"15d0475\" data-element_type=\"section\" data-e-type=\"section\">\n\t\t\t\t\t\t<div class=\"elementor-container elementor-column-gap-default\">\n\t\t\t\t\t<div class=\"elementor-column elementor-col-50 elementor-top-column elementor-element elementor-element-7a24129\" data-id=\"7a24129\" data-element_type=\"column\" data-e-type=\"column\">\n\t\t\t<div class=\"elementor-widget-wrap elementor-element-populated\">\n\t\t\t\t\t\t<section class=\"elementor-section elementor-inner-section elementor-element elementor-element-54180e7 elementor-section-height-min-height elementor-section-content-middle elementor-section-boxed elementor-section-height-default\" data-id=\"54180e7\" data-element_type=\"section\" data-e-type=\"section\" data-settings=\"{&quot;sticky&quot;:&quot;top&quot;,&quot;sticky_on&quot;:[&quot;desktop&quot;,&quot;tablet&quot;],&quot;sticky_parent&quot;:&quot;yes&quot;,&quot;sticky_offset&quot;:0,&quot;sticky_effects_offset&quot;:0,&quot;sticky_anchor_link_offset&quot;:0}\">\n\t\t\t\t\t\t<div class=\"elementor-container elementor-column-gap-no\">\n\t\t\t\t\t<div class=\"elementor-column elementor-col-100 elementor-inner-column elementor-element elementor-element-9d44676\" data-id=\"9d44676\" data-element_type=\"column\" data-e-type=\"column\">\n\t\t\t<div class=\"elementor-widget-wrap elementor-element-populated\">\n\t\t\t\t\t\t<div class=\"elementor-element elementor-element-172da7b elementor-widget__width-initial elementor-widget-mobile__width-initial elementor-widget elementor-widget-image\" data-id=\"172da7b\" data-element_type=\"widget\" data-e-type=\"widget\" data-settings=\"{&quot;motion_fx_motion_fx_scrolling&quot;:&quot;yes&quot;,&quot;motion_fx_translateY_effect&quot;:&quot;yes&quot;,&quot;motion_fx_translateY_speed&quot;:{&quot;unit&quot;:&quot;px&quot;,&quot;size&quot;:2,&quot;sizes&quot;:[]},&quot;motion_fx_devices&quot;:[&quot;desktop&quot;,&quot;tablet&quot;],&quot;motion_fx_translateY_affectedRange&quot;:{&quot;unit&quot;:&quot;%&quot;,&quot;size&quot;:&quot;&quot;,&quot;sizes&quot;:{&quot;start&quot;:0,&quot;end&quot;:100}}}\" data-widget_type=\"image.default\">\n\t\t\t\t<div class=\"elementor-widget-container\">\n\t\t\t\t\t\t\t\t\t\t\t\t\t\t\t<img fetchpriority=\"high\" decoding=\"async\" width=\"294\" height=\"291\" src=\"https:\/\/www.morten.com.tr\/wp-content\/uploads\/2023\/03\/Shape-dots-arrow-right.svg\" class=\"attachment-full size-full wp-image-3303\" alt=\"\" \/>\t\t\t\t\t\t\t\t\t\t\t\t\t\t\t<\/div>\n\t\t\t\t<\/div>\n\t\t\t\t<div class=\"elementor-element elementor-element-34adcd7 elementor-widget__width-initial elementor-widget elementor-widget-heading\" data-id=\"34adcd7\" data-element_type=\"widget\" data-e-type=\"widget\" data-widget_type=\"heading.default\">\n\t\t\t\t<div class=\"elementor-widget-container\">\n\t\t\t\t\t<h3 class=\"elementor-heading-title elementor-size-default\">IP Telefon Sistemlerinin Avantajlar\u0131<\/h3>\t\t\t\t<\/div>\n\t\t\t\t<\/div>\n\t\t\t\t\t<\/div>\n\t\t<\/div>\n\t\t\t\t\t<\/div>\n\t\t<\/section>\n\t\t\t\t\t<\/div>\n\t\t<\/div>\n\t\t\t\t<div class=\"elementor-column elementor-col-50 elementor-top-column elementor-element elementor-element-a4c7630\" data-id=\"a4c7630\" data-element_type=\"column\" data-e-type=\"column\">\n\t\t\t<div class=\"elementor-widget-wrap elementor-element-populated\">\n\t\t\t\t\t\t<div class=\"vamtam-has-theme-widget-styles elementor-element elementor-element-3599014 elementor-position-inline-start elementor-view-default elementor-mobile-position-block-start elementor-invisible elementor-widget elementor-widget-icon-box\" data-id=\"3599014\" data-element_type=\"widget\" data-e-type=\"widget\" data-settings=\"{&quot;_animation&quot;:&quot;fadeIn&quot;,&quot;_animation_delay&quot;:200}\" data-widget_type=\"icon-box.default\">\n\t\t\t\t<div class=\"elementor-widget-container\">\n\t\t\t\t\t\t\t<div class=\"elementor-icon-box-wrapper\">\n\n\t\t\t\t\t\t<div class=\"elementor-icon-box-icon\">\n\t\t\t\t<span  class=\"elementor-icon\">\n\t\t\t\t<i aria-hidden=\"true\" class=\"fas fa-dot-circle\"><\/i>\t\t\t\t<\/span>\n\t\t\t<\/div>\n\t\t\t\n\t\t\t\t\t\t<div class=\"elementor-icon-box-content\">\n\n\t\t\t\t\t\t\t\t\t<h3 class=\"elementor-icon-box-title\">\n\t\t\t\t\t\t<span  >\n\t\t\t\t\t\t\tD\u00fc\u015f\u00fck Maliyetler\t\t\t\t\t\t<\/span>\n\t\t\t\t\t<\/h3>\n\t\t\t\t\n\t\t\t\t\t\t\t\t\t<p class=\"elementor-icon-box-description\">\n\t\t\t\t\t\tGeleneksel telefon hatlar\u0131na k\u0131yasla daha d\u00fc\u015f\u00fck ileti\u015fim maliyetleri sunar, \u00f6zellikle uzun mesafe g\u00f6r\u00fc\u015fmelerinde tasarruf sa\u011flar.\n\t\t\t\t\t<\/p>\n\t\t\t\t\n\t\t\t<\/div>\n\t\t\t\n\t\t<\/div>\n\t\t\t\t\t\t<\/div>\n\t\t\t\t<\/div>\n\t\t\t\t<div class=\"vamtam-has-theme-widget-styles elementor-element elementor-element-861ccc2 elementor-position-inline-start elementor-view-default elementor-mobile-position-block-start elementor-invisible elementor-widget elementor-widget-icon-box\" data-id=\"861ccc2\" data-element_type=\"widget\" data-e-type=\"widget\" data-settings=\"{&quot;_animation&quot;:&quot;fadeIn&quot;,&quot;_animation_delay&quot;:200,&quot;_animation_tablet&quot;:&quot;none&quot;}\" data-widget_type=\"icon-box.default\">\n\t\t\t\t<div class=\"elementor-widget-container\">\n\t\t\t\t\t\t\t<div class=\"elementor-icon-box-wrapper\">\n\n\t\t\t\t\t\t<div class=\"elementor-icon-box-icon\">\n\t\t\t\t<span  class=\"elementor-icon\">\n\t\t\t\t<i aria-hidden=\"true\" class=\"fas fa-dot-circle\"><\/i>\t\t\t\t<\/span>\n\t\t\t<\/div>\n\t\t\t\n\t\t\t\t\t\t<div class=\"elementor-icon-box-content\">\n\n\t\t\t\t\t\t\t\t\t<h3 class=\"elementor-icon-box-title\">\n\t\t\t\t\t\t<span  >\n\t\t\t\t\t\t\tEsneklik\t\t\t\t\t\t<\/span>\n\t\t\t\t\t<\/h3>\n\t\t\t\t\n\t\t\t\t\t\t\t\t\t<p class=\"elementor-icon-box-description\">\n\t\t\t\t\t\t\u0130nternet ba\u011flant\u0131s\u0131 \u00fczerinden \u00e7al\u0131\u015ft\u0131\u011f\u0131 i\u00e7in, co\u011frafi s\u0131n\u0131rlamalar\u0131 ortadan kald\u0131r\u0131r ve her yerden eri\u015fim sa\u011flar.\n\n\t\t\t\t\t<\/p>\n\t\t\t\t\n\t\t\t<\/div>\n\t\t\t\n\t\t<\/div>\n\t\t\t\t\t\t<\/div>\n\t\t\t\t<\/div>\n\t\t\t\t<div class=\"vamtam-has-theme-widget-styles elementor-element elementor-element-010a6d6 elementor-position-inline-start elementor-view-default elementor-mobile-position-block-start elementor-invisible elementor-widget elementor-widget-icon-box\" data-id=\"010a6d6\" data-element_type=\"widget\" data-e-type=\"widget\" data-settings=\"{&quot;_animation&quot;:&quot;fadeIn&quot;,&quot;_animation_delay&quot;:200,&quot;_animation_tablet&quot;:&quot;none&quot;}\" data-widget_type=\"icon-box.default\">\n\t\t\t\t<div class=\"elementor-widget-container\">\n\t\t\t\t\t\t\t<div class=\"elementor-icon-box-wrapper\">\n\n\t\t\t\t\t\t<div class=\"elementor-icon-box-icon\">\n\t\t\t\t<span  class=\"elementor-icon\">\n\t\t\t\t<i aria-hidden=\"true\" class=\"fas fa-dot-circle\"><\/i>\t\t\t\t<\/span>\n\t\t\t<\/div>\n\t\t\t\n\t\t\t\t\t\t<div class=\"elementor-icon-box-content\">\n\n\t\t\t\t\t\t\t\t\t<h3 class=\"elementor-icon-box-title\">\n\t\t\t\t\t\t<span  >\n\t\t\t\t\t\t\t\u00d6l\u00e7eklenebilirlik\t\t\t\t\t\t<\/span>\n\t\t\t\t\t<\/h3>\n\t\t\t\t\n\t\t\t\t\t\t\t\t\t<p class=\"elementor-icon-box-description\">\n\t\t\t\t\t\tKolayca ekleme ve \u00e7\u0131karmalar yap\u0131labilir, i\u015fletme b\u00fcy\u00fcd\u00fck\u00e7e sistem kolayca geni\u015fletilebilir.\n\t\t\t\t\t<\/p>\n\t\t\t\t\n\t\t\t<\/div>\n\t\t\t\n\t\t<\/div>\n\t\t\t\t\t\t<\/div>\n\t\t\t\t<\/div>\n\t\t\t\t<div class=\"vamtam-has-theme-widget-styles elementor-element elementor-element-804b98f elementor-position-inline-start elementor-view-default elementor-mobile-position-block-start elementor-invisible elementor-widget elementor-widget-icon-box\" data-id=\"804b98f\" data-element_type=\"widget\" data-e-type=\"widget\" data-settings=\"{&quot;_animation&quot;:&quot;fadeIn&quot;,&quot;_animation_delay&quot;:200,&quot;_animation_tablet&quot;:&quot;none&quot;}\" data-widget_type=\"icon-box.default\">\n\t\t\t\t<div class=\"elementor-widget-container\">\n\t\t\t\t\t\t\t<div class=\"elementor-icon-box-wrapper\">\n\n\t\t\t\t\t\t<div class=\"elementor-icon-box-icon\">\n\t\t\t\t<span  class=\"elementor-icon\">\n\t\t\t\t<i aria-hidden=\"true\" class=\"fas fa-dot-circle\"><\/i>\t\t\t\t<\/span>\n\t\t\t<\/div>\n\t\t\t\n\t\t\t\t\t\t<div class=\"elementor-icon-box-content\">\n\n\t\t\t\t\t\t\t\t\t<h3 class=\"elementor-icon-box-title\">\n\t\t\t\t\t\t<span  >\n\t\t\t\t\t\t\tEntegre \u0130leti\u015fim\t\t\t\t\t\t<\/span>\n\t\t\t\t\t<\/h3>\n\t\t\t\t\n\t\t\t\t\t\t\t\t\t<p class=\"elementor-icon-box-description\">\n\t\t\t\t\t\tSesli g\u00f6r\u00fc\u015fmelerin yan\u0131 s\u0131ra, video konferans ve anl\u0131k mesajla\u015fma gibi di\u011fer ileti\u015fim ara\u00e7lar\u0131yla entegre \u00e7al\u0131\u015fabilir.\n\t\t\t\t\t<\/p>\n\t\t\t\t\n\t\t\t<\/div>\n\t\t\t\n\t\t<\/div>\n\t\t\t\t\t\t<\/div>\n\t\t\t\t<\/div>\n\t\t\t\t\t<\/div>\n\t\t<\/div>\n\t\t\t\t\t<\/div>\n\t\t<\/section>\n\t\t\t\t<\/div>\n\t\t","protected":false},"excerpt":{"rendered":"<p>T\u00dcMLE\u015e\u0130K \u0130LET\u0130\u015e\u0130M \u00c7\u00d6Z\u00dcMLER\u0130 IP telefon sistemleri, sesli ileti\u015fimi internet protokol\u00fc (IP) \u00fczerinden sa\u011flayarak, geleneksel telefon hatlar\u0131na k\u0131yasla \u00e7ok daha d\u00fc\u015f\u00fck maliyetlerle y\u00fcksek kaliteli konu\u015fma imkan\u0131 sunar. Bu sistemler, kurumlar\u0131n ileti\u015fim giderlerini \u00f6nemli \u00f6l\u00e7\u00fcde azalt\u0131rken, ayn\u0131 zamanda daha esnek ve \u00f6l\u00e7eklenebilir bir altyap\u0131 sa\u011flar. Sesli g\u00f6r\u00fc\u015fmelerin yan\u0131 s\u0131ra, video konferans ve anl\u0131k mesajla\u015fma gibi di\u011fer ileti\u015fim&#8230;<\/p>","protected":false},"author":1,"featured_media":0,"parent":1602,"menu_order":0,"comment_status":"closed","ping_status":"closed","template":"","meta":{"_monsterinsights_skip_tracking":false,"_monsterinsights_sitenote_active":false,"_monsterinsights_sitenote_note":"","_monsterinsights_sitenote_category":0,"footnotes":""},"class_list":["post-992384","page","type-page","status-publish","hentry"],"yoast_head":"<!-- This site is optimized with the Yoast SEO Premium plugin v25.9 (Yoast SEO v25.9) - https:\/\/yoast.com\/wordpress\/plugins\/seo\/ -->\n<title>IP Telefon Sistemleri - Morten<\/title>\n<meta name=\"description\" content=\"IP Telefon Sistemleri - Morten\" \/>\n<meta name=\"robots\" content=\"index, follow, max-snippet:-1, max-image-preview:large, max-video-preview:-1\" \/>\n<link rel=\"canonical\" href=\"https:\/\/www.morten.com.tr\/en\/cozumlerimiz\/tumlesik-iletisim-cozumleri\/ip-telefon-sistemleri\/\" \/>\n<meta property=\"og:locale\" content=\"en_US\" \/>\n<meta property=\"og:type\" content=\"article\" \/>\n<meta property=\"og:title\" content=\"IP Telefon Sistemleri\" \/>\n<meta property=\"og:description\" content=\"IP Telefon Sistemleri - Morten\" \/>\n<meta property=\"og:url\" content=\"https:\/\/www.morten.com.tr\/en\/cozumlerimiz\/tumlesik-iletisim-cozumleri\/ip-telefon-sistemleri\/\" \/>\n<meta property=\"og:site_name\" content=\"Morten\" \/>\n<meta property=\"article:publisher\" content=\"https:\/\/www.facebook.com\/BTEgitimMorten\" \/>\n<meta property=\"article:modified_time\" content=\"2025-02-03T08:17:42+00:00\" \/>\n<meta property=\"og:image\" content=\"https:\/\/morten.com.tr\/wp-content\/uploads\/2023\/03\/Shape-dots-arrow-right.svg\" \/>\n<meta name=\"twitter:card\" content=\"summary_large_image\" \/>\n<meta name=\"twitter:label1\" content=\"Est. reading time\" \/>\n\t<meta name=\"twitter:data1\" content=\"1 minute\" \/>\n<script type=\"application\/ld+json\" class=\"yoast-schema-graph\">{\"@context\":\"https:\/\/schema.org\",\"@graph\":[{\"@type\":\"WebPage\",\"@id\":\"https:\/\/www.morten.com.tr\/cozumlerimiz\/tumlesik-iletisim-cozumleri\/ip-telefon-sistemleri\/\",\"url\":\"https:\/\/www.morten.com.tr\/cozumlerimiz\/tumlesik-iletisim-cozumleri\/ip-telefon-sistemleri\/\",\"name\":\"IP Telefon Sistemleri - Morten\",\"isPartOf\":{\"@id\":\"https:\/\/www.morten.com.tr\/#website\"},\"primaryImageOfPage\":{\"@id\":\"https:\/\/www.morten.com.tr\/cozumlerimiz\/tumlesik-iletisim-cozumleri\/ip-telefon-sistemleri\/#primaryimage\"},\"image\":{\"@id\":\"https:\/\/www.morten.com.tr\/cozumlerimiz\/tumlesik-iletisim-cozumleri\/ip-telefon-sistemleri\/#primaryimage\"},\"thumbnailUrl\":\"https:\/\/morten.com.tr\/wp-content\/uploads\/2023\/03\/Shape-dots-arrow-right.svg\",\"datePublished\":\"2024-12-24T10:35:36+00:00\",\"dateModified\":\"2025-02-03T08:17:42+00:00\",\"description\":\"IP Telefon Sistemleri - Morten\",\"breadcrumb\":{\"@id\":\"https:\/\/www.morten.com.tr\/cozumlerimiz\/tumlesik-iletisim-cozumleri\/ip-telefon-sistemleri\/#breadcrumb\"},\"inLanguage\":\"en-US\",\"potentialAction\":[{\"@type\":\"ReadAction\",\"target\":[\"https:\/\/www.morten.com.tr\/cozumlerimiz\/tumlesik-iletisim-cozumleri\/ip-telefon-sistemleri\/\"]}]},{\"@type\":\"ImageObject\",\"inLanguage\":\"en-US\",\"@id\":\"https:\/\/www.morten.com.tr\/cozumlerimiz\/tumlesik-iletisim-cozumleri\/ip-telefon-sistemleri\/#primaryimage\",\"url\":\"https:\/\/morten.com.tr\/wp-content\/uploads\/2023\/03\/Shape-dots-arrow-right.svg\",\"contentUrl\":\"https:\/\/morten.com.tr\/wp-content\/uploads\/2023\/03\/Shape-dots-arrow-right.svg\"},{\"@type\":\"BreadcrumbList\",\"@id\":\"https:\/\/www.morten.com.tr\/cozumlerimiz\/tumlesik-iletisim-cozumleri\/ip-telefon-sistemleri\/#breadcrumb\",\"itemListElement\":[{\"@type\":\"ListItem\",\"position\":1,\"name\":\"Home\",\"item\":\"https:\/\/www.morten.com.tr\/\"},{\"@type\":\"ListItem\",\"position\":2,\"name\":\"\u00c7\u00f6z\u00fcmlerimizY\u00f6nlendirme\",\"item\":\"https:\/\/morten.com.tr\/cozumlerimiz\/\"},{\"@type\":\"ListItem\",\"position\":3,\"name\":\"T\u00fcmle\u015fik \u0130leti\u015fim \u00c7\u00f6z\u00fcmleri\",\"item\":\"https:\/\/morten.com.tr\/cozumlerimiz\/tumlesik-iletisim-cozumleri\/\"},{\"@type\":\"ListItem\",\"position\":4,\"name\":\"IP Telefon Sistemleri\"}]},{\"@type\":\"WebSite\",\"@id\":\"https:\/\/www.morten.com.tr\/#website\",\"url\":\"https:\/\/www.morten.com.tr\/\",\"name\":\"Morten\",\"description\":\"\",\"publisher\":{\"@id\":\"https:\/\/www.morten.com.tr\/#organization\"},\"potentialAction\":[{\"@type\":\"SearchAction\",\"target\":{\"@type\":\"EntryPoint\",\"urlTemplate\":\"https:\/\/www.morten.com.tr\/?s={search_term_string}\"},\"query-input\":{\"@type\":\"PropertyValueSpecification\",\"valueRequired\":true,\"valueName\":\"search_term_string\"}}],\"inLanguage\":\"en-US\"},{\"@type\":\"Organization\",\"@id\":\"https:\/\/www.morten.com.tr\/#organization\",\"name\":\"Morten Bilgi ve \u0130leti\u015fim Hizmetleri A.\u015e.\",\"alternateName\":\"Morten\",\"url\":\"https:\/\/www.morten.com.tr\/\",\"logo\":{\"@type\":\"ImageObject\",\"inLanguage\":\"en-US\",\"@id\":\"https:\/\/www.morten.com.tr\/#\/schema\/logo\/image\/\",\"url\":\"https:\/\/www.morten.com.tr\/wp-content\/uploads\/2024\/11\/mortenbt.webp\",\"contentUrl\":\"https:\/\/www.morten.com.tr\/wp-content\/uploads\/2024\/11\/mortenbt.webp\",\"width\":265,\"height\":116,\"caption\":\"Morten Bilgi ve \u0130leti\u015fim Hizmetleri A.\u015e.\"},\"image\":{\"@id\":\"https:\/\/www.morten.com.tr\/#\/schema\/logo\/image\/\"},\"sameAs\":[\"https:\/\/www.facebook.com\/BTEgitimMorten\"]}]}<\/script>\n<!-- \/ Yoast SEO Premium plugin. -->","yoast_head_json":{"title":"IP Telefon Sistemleri - Morten","description":"IP Telefon Sistemleri - Morten","robots":{"index":"index","follow":"follow","max-snippet":"max-snippet:-1","max-image-preview":"max-image-preview:large","max-video-preview":"max-video-preview:-1"},"canonical":"https:\/\/www.morten.com.tr\/en\/cozumlerimiz\/tumlesik-iletisim-cozumleri\/ip-telefon-sistemleri\/","og_locale":"en_US","og_type":"article","og_title":"IP Telefon Sistemleri","og_description":"IP Telefon Sistemleri - Morten","og_url":"https:\/\/www.morten.com.tr\/en\/cozumlerimiz\/tumlesik-iletisim-cozumleri\/ip-telefon-sistemleri\/","og_site_name":"Morten","article_publisher":"https:\/\/www.facebook.com\/BTEgitimMorten","article_modified_time":"2025-02-03T08:17:42+00:00","og_image":[{"url":"https:\/\/morten.com.tr\/wp-content\/uploads\/2023\/03\/Shape-dots-arrow-right.svg","type":"","width":"","height":""}],"twitter_card":"summary_large_image","twitter_misc":{"Est. reading time":"1 minute"},"schema":{"@context":"https:\/\/schema.org","@graph":[{"@type":"WebPage","@id":"https:\/\/www.morten.com.tr\/cozumlerimiz\/tumlesik-iletisim-cozumleri\/ip-telefon-sistemleri\/","url":"https:\/\/www.morten.com.tr\/cozumlerimiz\/tumlesik-iletisim-cozumleri\/ip-telefon-sistemleri\/","name":"IP Telefon Sistemleri - Morten","isPartOf":{"@id":"https:\/\/www.morten.com.tr\/#website"},"primaryImageOfPage":{"@id":"https:\/\/www.morten.com.tr\/cozumlerimiz\/tumlesik-iletisim-cozumleri\/ip-telefon-sistemleri\/#primaryimage"},"image":{"@id":"https:\/\/www.morten.com.tr\/cozumlerimiz\/tumlesik-iletisim-cozumleri\/ip-telefon-sistemleri\/#primaryimage"},"thumbnailUrl":"https:\/\/morten.com.tr\/wp-content\/uploads\/2023\/03\/Shape-dots-arrow-right.svg","datePublished":"2024-12-24T10:35:36+00:00","dateModified":"2025-02-03T08:17:42+00:00","description":"IP Telefon Sistemleri - Morten","breadcrumb":{"@id":"https:\/\/www.morten.com.tr\/cozumlerimiz\/tumlesik-iletisim-cozumleri\/ip-telefon-sistemleri\/#breadcrumb"},"inLanguage":"en-US","potentialAction":[{"@type":"ReadAction","target":["https:\/\/www.morten.com.tr\/cozumlerimiz\/tumlesik-iletisim-cozumleri\/ip-telefon-sistemleri\/"]}]},{"@type":"ImageObject","inLanguage":"en-US","@id":"https:\/\/www.morten.com.tr\/cozumlerimiz\/tumlesik-iletisim-cozumleri\/ip-telefon-sistemleri\/#primaryimage","url":"https:\/\/morten.com.tr\/wp-content\/uploads\/2023\/03\/Shape-dots-arrow-right.svg","contentUrl":"https:\/\/morten.com.tr\/wp-content\/uploads\/2023\/03\/Shape-dots-arrow-right.svg"},{"@type":"BreadcrumbList","@id":"https:\/\/www.morten.com.tr\/cozumlerimiz\/tumlesik-iletisim-cozumleri\/ip-telefon-sistemleri\/#breadcrumb","itemListElement":[{"@type":"ListItem","position":1,"name":"Home","item":"https:\/\/www.morten.com.tr\/"},{"@type":"ListItem","position":2,"name":"\u00c7\u00f6z\u00fcmlerimizY\u00f6nlendirme","item":"https:\/\/morten.com.tr\/cozumlerimiz\/"},{"@type":"ListItem","position":3,"name":"T\u00fcmle\u015fik \u0130leti\u015fim \u00c7\u00f6z\u00fcmleri","item":"https:\/\/morten.com.tr\/cozumlerimiz\/tumlesik-iletisim-cozumleri\/"},{"@type":"ListItem","position":4,"name":"IP Telefon Sistemleri"}]},{"@type":"WebSite","@id":"https:\/\/www.morten.com.tr\/#website","url":"https:\/\/www.morten.com.tr\/","name":"Morten","description":"","publisher":{"@id":"https:\/\/www.morten.com.tr\/#organization"},"potentialAction":[{"@type":"SearchAction","target":{"@type":"EntryPoint","urlTemplate":"https:\/\/www.morten.com.tr\/?s={search_term_string}"},"query-input":{"@type":"PropertyValueSpecification","valueRequired":true,"valueName":"search_term_string"}}],"inLanguage":"en-US"},{"@type":"Organization","@id":"https:\/\/www.morten.com.tr\/#organization","name":"Morten Information and Communication Services Inc.","alternateName":"Morten","url":"https:\/\/www.morten.com.tr\/","logo":{"@type":"ImageObject","inLanguage":"en-US","@id":"https:\/\/www.morten.com.tr\/#\/schema\/logo\/image\/","url":"https:\/\/www.morten.com.tr\/wp-content\/uploads\/2024\/11\/mortenbt.webp","contentUrl":"https:\/\/www.morten.com.tr\/wp-content\/uploads\/2024\/11\/mortenbt.webp","width":265,"height":116,"caption":"Morten Bilgi ve \u0130leti\u015fim Hizmetleri A.\u015e."},"image":{"@id":"https:\/\/www.morten.com.tr\/#\/schema\/logo\/image\/"},"sameAs":["https:\/\/www.facebook.com\/BTEgitimMorten"]}]}},"_links":{"self":[{"href":"https:\/\/www.morten.com.tr\/en\/wp-json\/wp\/v2\/pages\/992384"}],"collection":[{"href":"https:\/\/www.morten.com.tr\/en\/wp-json\/wp\/v2\/pages"}],"about":[{"href":"https:\/\/www.morten.com.tr\/en\/wp-json\/wp\/v2\/types\/page"}],"author":[{"embeddable":true,"href":"https:\/\/www.morten.com.tr\/en\/wp-json\/wp\/v2\/users\/1"}],"replies":[{"embeddable":true,"href":"https:\/\/www.morten.com.tr\/en\/wp-json\/wp\/v2\/comments?post=992384"}],"version-history":[{"count":43,"href":"https:\/\/www.morten.com.tr\/en\/wp-json\/wp\/v2\/pages\/992384\/revisions"}],"predecessor-version":[{"id":996038,"href":"https:\/\/www.morten.com.tr\/en\/wp-json\/wp\/v2\/pages\/992384\/revisions\/996038"}],"up":[{"embeddable":true,"href":"https:\/\/www.morten.com.tr\/en\/wp-json\/wp\/v2\/pages\/1602"}],"wp:attachment":[{"href":"https:\/\/www.morten.com.tr\/en\/wp-json\/wp\/v2\/media?parent=992384"}],"curies":[{"name":"wp","href":"https:\/\/api.w.org\/{rel}","templated":true}]}}