{"id":992480,"date":"2024-12-24T14:33:17","date_gmt":"2024-12-24T11:33:17","guid":{"rendered":"http:\/\/10.41.150.12\/?page_id=992480"},"modified":"2025-02-03T11:23:07","modified_gmt":"2025-02-03T08:23:07","slug":"video-konferans-cozumleri","status":"publish","type":"page","link":"https:\/\/www.morten.com.tr\/en\/cozumlerimiz\/tumlesik-iletisim-cozumleri\/video-konferans-cozumleri\/","title":{"rendered":"Video Conferencing Solutions"},"content":{"rendered":"\t\t<div data-elementor-type=\"wp-page\" data-elementor-id=\"992480\" class=\"elementor elementor-992480\" data-elementor-post-type=\"page\">\n\t\t\t\t\t\t<section class=\"elementor-section elementor-top-section elementor-element elementor-element-040bbdd elementor-section-full_width elementor-section-content-top elementor-section-stretched elementor-section-height-default elementor-section-height-default\" data-id=\"040bbdd\" data-element_type=\"section\" data-e-type=\"section\" data-settings=\"{&quot;background_background&quot;:&quot;classic&quot;,&quot;background_motion_fx_motion_fx_scrolling&quot;:&quot;yes&quot;,&quot;background_motion_fx_translateY_effect&quot;:&quot;yes&quot;,&quot;background_motion_fx_translateY_speed&quot;:{&quot;unit&quot;:&quot;px&quot;,&quot;size&quot;:2,&quot;sizes&quot;:[]},&quot;background_motion_fx_devices&quot;:[&quot;desktop&quot;],&quot;stretch_section&quot;:&quot;section-stretched&quot;,&quot;background_motion_fx_translateY_affectedRange&quot;:{&quot;unit&quot;:&quot;%&quot;,&quot;size&quot;:&quot;&quot;,&quot;sizes&quot;:{&quot;start&quot;:0,&quot;end&quot;:100}}}\">\n\t\t\t\t\t\t<div class=\"elementor-container elementor-column-gap-default\">\n\t\t\t\t\t<div class=\"elementor-column elementor-col-100 elementor-top-column elementor-element elementor-element-a507619\" data-id=\"a507619\" data-element_type=\"column\" data-e-type=\"column\">\n\t\t\t<div class=\"elementor-widget-wrap elementor-element-populated\">\n\t\t\t\t\t\t<div class=\"elementor-element elementor-element-e6d368c elementor-widget elementor-widget-spacer\" data-id=\"e6d368c\" data-element_type=\"widget\" data-e-type=\"widget\" data-widget_type=\"spacer.default\">\n\t\t\t\t<div class=\"elementor-widget-container\">\n\t\t\t\t\t\t\t<div class=\"elementor-spacer\">\n\t\t\t<div class=\"elementor-spacer-inner\"><\/div>\n\t\t<\/div>\n\t\t\t\t\t\t<\/div>\n\t\t\t\t<\/div>\n\t\t\t\t<div class=\"elementor-element elementor-element-72e0752 elementor-widget__width-initial elementor-widget elementor-widget-heading\" data-id=\"72e0752\" data-element_type=\"widget\" data-e-type=\"widget\" data-widget_type=\"heading.default\">\n\t\t\t\t<div class=\"elementor-widget-container\">\n\t\t\t\t\t<span class=\"elementor-heading-title elementor-size-default\">T\u00dcMLE\u015e\u0130K \u0130LET\u0130\u015e\u0130M \u00c7\u00d6Z\u00dcMLER\u0130<\/span>\t\t\t\t<\/div>\n\t\t\t\t<\/div>\n\t\t\t\t<div class=\"elementor-element elementor-element-8627ef6 animated-slow bkheader elementor-invisible elementor-widget elementor-widget-theme-post-title elementor-page-title elementor-widget-heading\" data-id=\"8627ef6\" data-element_type=\"widget\" data-e-type=\"widget\" data-settings=\"{&quot;_animation&quot;:&quot;fadeIn&quot;,&quot;_animation_tablet&quot;:&quot;none&quot;}\" data-widget_type=\"theme-post-title.default\">\n\t\t\t\t<div class=\"elementor-widget-container\">\n\t\t\t\t\t<h1 class=\"elementor-heading-title elementor-size-default\">Video Konferans \u00c7\u00f6z\u00fcmleri<\/h1>\t\t\t\t<\/div>\n\t\t\t\t<\/div>\n\t\t\t\t\t<\/div>\n\t\t<\/div>\n\t\t\t\t\t<\/div>\n\t\t<\/section>\n\t\t\t\t<section class=\"elementor-section elementor-top-section elementor-element elementor-element-2300b0a elementor-section-content-middle elementor-reverse-mobile elementor-section-boxed elementor-section-height-default elementor-section-height-default\" data-id=\"2300b0a\" data-element_type=\"section\" data-e-type=\"section\">\n\t\t\t\t\t\t<div class=\"elementor-container elementor-column-gap-no\">\n\t\t\t\t\t<div class=\"elementor-column elementor-col-50 elementor-top-column elementor-element elementor-element-4d0e310\" data-id=\"4d0e310\" data-element_type=\"column\" data-e-type=\"column\" data-settings=\"{&quot;background_background&quot;:&quot;classic&quot;}\">\n\t\t\t<div class=\"elementor-widget-wrap elementor-element-populated\">\n\t\t\t\t\t\t<div class=\"elementor-element elementor-element-925359f elementor-widget elementor-widget-spacer\" data-id=\"925359f\" data-element_type=\"widget\" data-e-type=\"widget\" data-widget_type=\"spacer.default\">\n\t\t\t\t<div class=\"elementor-widget-container\">\n\t\t\t\t\t\t\t<div class=\"elementor-spacer\">\n\t\t\t<div class=\"elementor-spacer-inner\"><\/div>\n\t\t<\/div>\n\t\t\t\t\t\t<\/div>\n\t\t\t\t<\/div>\n\t\t\t\t\t<\/div>\n\t\t<\/div>\n\t\t\t\t<div class=\"elementor-column elementor-col-50 elementor-top-column elementor-element elementor-element-7e7d8d4\" data-id=\"7e7d8d4\" data-element_type=\"column\" data-e-type=\"column\">\n\t\t\t<div class=\"elementor-widget-wrap elementor-element-populated\">\n\t\t\t\t\t\t<div class=\"elementor-element elementor-element-996f5ae elementor-widget__width-initial elementor-widget elementor-widget-text-editor\" data-id=\"996f5ae\" data-element_type=\"widget\" data-e-type=\"widget\" data-widget_type=\"text-editor.default\">\n\t\t\t\t<div class=\"elementor-widget-container\">\n\t\t\t\t\t\t\t\t\t<p>Video konferans \u00e7\u00f6z\u00fcmleri, uzaktan toplant\u0131lar ve i\u015fbirli\u011fi i\u00e7in tasarlanm\u0131\u015f, video ve sesli ileti\u015fim sa\u011flayan platformlard\u0131r. Bu sistemler, fiziksel mesafeleri ortadan kald\u0131rarak, farkl\u0131 lokasyonlardaki ekiplerin etkin bir \u015fekilde ileti\u015fim kurmas\u0131n\u0131 sa\u011flar. Video konferans \u00e7\u00f6z\u00fcmleri, zaman ve seyahat maliyetlerini d\u00fc\u015f\u00fcr\u00fcrken, i\u015f s\u00fcre\u00e7lerini h\u0131zland\u0131r\u0131r ve verimlili\u011fi art\u0131r\u0131r. Ayr\u0131ca, kullan\u0131c\u0131 dostu aray\u00fczleri sayesinde, her seviyedeki kullan\u0131c\u0131 i\u00e7in kolayca eri\u015filebilir ve kullan\u0131m\u0131 basittir.<\/p>\t\t\t\t\t\t\t\t<\/div>\n\t\t\t\t<\/div>\n\t\t\t\t\t<\/div>\n\t\t<\/div>\n\t\t\t\t\t<\/div>\n\t\t<\/section>\n\t\t\t\t<section class=\"elementor-section elementor-top-section elementor-element elementor-element-6f3ee3a elementor-section-boxed elementor-section-height-default elementor-section-height-default\" data-id=\"6f3ee3a\" data-element_type=\"section\" data-e-type=\"section\">\n\t\t\t\t\t\t<div class=\"elementor-container elementor-column-gap-default\">\n\t\t\t\t\t<div class=\"elementor-column elementor-col-50 elementor-top-column elementor-element elementor-element-4a77f26\" data-id=\"4a77f26\" data-element_type=\"column\" data-e-type=\"column\">\n\t\t\t<div class=\"elementor-widget-wrap elementor-element-populated\">\n\t\t\t\t\t\t<section class=\"elementor-section elementor-inner-section elementor-element elementor-element-4716c6c elementor-section-height-min-height elementor-section-content-middle elementor-section-boxed elementor-section-height-default\" data-id=\"4716c6c\" data-element_type=\"section\" data-e-type=\"section\" data-settings=\"{&quot;sticky&quot;:&quot;top&quot;,&quot;sticky_on&quot;:[&quot;desktop&quot;,&quot;tablet&quot;],&quot;sticky_parent&quot;:&quot;yes&quot;,&quot;sticky_offset&quot;:0,&quot;sticky_effects_offset&quot;:0,&quot;sticky_anchor_link_offset&quot;:0}\">\n\t\t\t\t\t\t<div class=\"elementor-container elementor-column-gap-no\">\n\t\t\t\t\t<div class=\"elementor-column elementor-col-100 elementor-inner-column elementor-element elementor-element-a444c15\" data-id=\"a444c15\" data-element_type=\"column\" data-e-type=\"column\">\n\t\t\t<div class=\"elementor-widget-wrap elementor-element-populated\">\n\t\t\t\t\t\t<div class=\"elementor-element elementor-element-524f5d6 elementor-widget__width-initial elementor-widget-mobile__width-initial elementor-widget elementor-widget-image\" data-id=\"524f5d6\" data-element_type=\"widget\" data-e-type=\"widget\" data-settings=\"{&quot;motion_fx_motion_fx_scrolling&quot;:&quot;yes&quot;,&quot;motion_fx_translateY_effect&quot;:&quot;yes&quot;,&quot;motion_fx_translateY_speed&quot;:{&quot;unit&quot;:&quot;px&quot;,&quot;size&quot;:2,&quot;sizes&quot;:[]},&quot;motion_fx_devices&quot;:[&quot;desktop&quot;,&quot;tablet&quot;],&quot;motion_fx_translateY_affectedRange&quot;:{&quot;unit&quot;:&quot;%&quot;,&quot;size&quot;:&quot;&quot;,&quot;sizes&quot;:{&quot;start&quot;:0,&quot;end&quot;:100}}}\" data-widget_type=\"image.default\">\n\t\t\t\t<div class=\"elementor-widget-container\">\n\t\t\t\t\t\t\t\t\t\t\t\t\t\t\t<img fetchpriority=\"high\" decoding=\"async\" width=\"294\" height=\"291\" src=\"https:\/\/www.morten.com.tr\/wp-content\/uploads\/2023\/03\/Shape-dots-arrow-right.svg\" class=\"attachment-full size-full wp-image-3303\" alt=\"\" \/>\t\t\t\t\t\t\t\t\t\t\t\t\t\t\t<\/div>\n\t\t\t\t<\/div>\n\t\t\t\t<div class=\"elementor-element elementor-element-80719ce elementor-widget__width-initial elementor-widget elementor-widget-heading\" data-id=\"80719ce\" data-element_type=\"widget\" data-e-type=\"widget\" data-widget_type=\"heading.default\">\n\t\t\t\t<div class=\"elementor-widget-container\">\n\t\t\t\t\t<h3 class=\"elementor-heading-title elementor-size-default\">Video Konferans\u0131n Avantajlar\u0131<\/h3>\t\t\t\t<\/div>\n\t\t\t\t<\/div>\n\t\t\t\t\t<\/div>\n\t\t<\/div>\n\t\t\t\t\t<\/div>\n\t\t<\/section>\n\t\t\t\t\t<\/div>\n\t\t<\/div>\n\t\t\t\t<div class=\"elementor-column elementor-col-50 elementor-top-column elementor-element elementor-element-2861e7f\" data-id=\"2861e7f\" data-element_type=\"column\" data-e-type=\"column\">\n\t\t\t<div class=\"elementor-widget-wrap elementor-element-populated\">\n\t\t\t\t\t\t<div class=\"vamtam-has-theme-widget-styles elementor-element elementor-element-56a421f elementor-position-inline-start elementor-view-default elementor-mobile-position-block-start elementor-invisible elementor-widget elementor-widget-icon-box\" data-id=\"56a421f\" data-element_type=\"widget\" data-e-type=\"widget\" data-settings=\"{&quot;_animation&quot;:&quot;fadeIn&quot;,&quot;_animation_delay&quot;:200}\" data-widget_type=\"icon-box.default\">\n\t\t\t\t<div class=\"elementor-widget-container\">\n\t\t\t\t\t\t\t<div class=\"elementor-icon-box-wrapper\">\n\n\t\t\t\t\t\t<div class=\"elementor-icon-box-icon\">\n\t\t\t\t<span  class=\"elementor-icon\">\n\t\t\t\t<i aria-hidden=\"true\" class=\"fas fa-dot-circle\"><\/i>\t\t\t\t<\/span>\n\t\t\t<\/div>\n\t\t\t\n\t\t\t\t\t\t<div class=\"elementor-icon-box-content\">\n\n\t\t\t\t\t\t\t\t\t<h3 class=\"elementor-icon-box-title\">\n\t\t\t\t\t\t<span  >\n\t\t\t\t\t\t\tZaman ve Maliyet Tasarrufu\t\t\t\t\t\t<\/span>\n\t\t\t\t\t<\/h3>\n\t\t\t\t\n\t\t\t\t\t\t\t\t\t<p class=\"elementor-icon-box-description\">\n\t\t\t\t\t\tSeyahat masraflar\u0131n\u0131 ve zaman kayb\u0131n\u0131 ortadan kald\u0131rarak, daha verimli ve ekonomik toplant\u0131lar yap\u0131lmas\u0131n\u0131 sa\u011flar.\t\t\t\t\t<\/p>\n\t\t\t\t\n\t\t\t<\/div>\n\t\t\t\n\t\t<\/div>\n\t\t\t\t\t\t<\/div>\n\t\t\t\t<\/div>\n\t\t\t\t<div class=\"vamtam-has-theme-widget-styles elementor-element elementor-element-df3ea34 elementor-position-inline-start elementor-view-default elementor-mobile-position-block-start elementor-invisible elementor-widget elementor-widget-icon-box\" data-id=\"df3ea34\" data-element_type=\"widget\" data-e-type=\"widget\" data-settings=\"{&quot;_animation&quot;:&quot;fadeIn&quot;,&quot;_animation_delay&quot;:200,&quot;_animation_tablet&quot;:&quot;none&quot;}\" data-widget_type=\"icon-box.default\">\n\t\t\t\t<div class=\"elementor-widget-container\">\n\t\t\t\t\t\t\t<div class=\"elementor-icon-box-wrapper\">\n\n\t\t\t\t\t\t<div class=\"elementor-icon-box-icon\">\n\t\t\t\t<span  class=\"elementor-icon\">\n\t\t\t\t<i aria-hidden=\"true\" class=\"fas fa-dot-circle\"><\/i>\t\t\t\t<\/span>\n\t\t\t<\/div>\n\t\t\t\n\t\t\t\t\t\t<div class=\"elementor-icon-box-content\">\n\n\t\t\t\t\t\t\t\t\t<h3 class=\"elementor-icon-box-title\">\n\t\t\t\t\t\t<span  >\n\t\t\t\t\t\t\tEri\u015filebilirlik\t\t\t\t\t\t<\/span>\n\t\t\t\t\t<\/h3>\n\t\t\t\t\n\t\t\t\t\t\t\t\t\t<p class=\"elementor-icon-box-description\">\n\t\t\t\t\t\tFarkl\u0131 lokasyonlardaki ekiplerin kolayca bir araya gelmesini m\u00fcmk\u00fcn k\u0131lar, co\u011frafi engelleri a\u015far.\t\t\t\t\t<\/p>\n\t\t\t\t\n\t\t\t<\/div>\n\t\t\t\n\t\t<\/div>\n\t\t\t\t\t\t<\/div>\n\t\t\t\t<\/div>\n\t\t\t\t<div class=\"vamtam-has-theme-widget-styles elementor-element elementor-element-74d4d7f elementor-position-inline-start elementor-view-default elementor-mobile-position-block-start elementor-invisible elementor-widget elementor-widget-icon-box\" data-id=\"74d4d7f\" data-element_type=\"widget\" data-e-type=\"widget\" data-settings=\"{&quot;_animation&quot;:&quot;fadeIn&quot;,&quot;_animation_delay&quot;:200,&quot;_animation_tablet&quot;:&quot;none&quot;}\" data-widget_type=\"icon-box.default\">\n\t\t\t\t<div class=\"elementor-widget-container\">\n\t\t\t\t\t\t\t<div class=\"elementor-icon-box-wrapper\">\n\n\t\t\t\t\t\t<div class=\"elementor-icon-box-icon\">\n\t\t\t\t<span  class=\"elementor-icon\">\n\t\t\t\t<i aria-hidden=\"true\" class=\"fas fa-dot-circle\"><\/i>\t\t\t\t<\/span>\n\t\t\t<\/div>\n\t\t\t\n\t\t\t\t\t\t<div class=\"elementor-icon-box-content\">\n\n\t\t\t\t\t\t\t\t\t<h3 class=\"elementor-icon-box-title\">\n\t\t\t\t\t\t<span  >\n\t\t\t\t\t\t\tVerimlilik\t\t\t\t\t\t<\/span>\n\t\t\t\t\t<\/h3>\n\t\t\t\t\n\t\t\t\t\t\t\t\t\t<p class=\"elementor-icon-box-description\">\n\t\t\t\t\t\tEkran payla\u015f\u0131m\u0131, dosya aktar\u0131m\u0131 ve anl\u0131k ileti\u015fim gibi \u00f6zelliklerle, toplant\u0131larda etkin i\u015fbirli\u011fi sa\u011flar.\t\t\t\t\t<\/p>\n\t\t\t\t\n\t\t\t<\/div>\n\t\t\t\n\t\t<\/div>\n\t\t\t\t\t\t<\/div>\n\t\t\t\t<\/div>\n\t\t\t\t<div class=\"vamtam-has-theme-widget-styles elementor-element elementor-element-94e8e47 elementor-position-inline-start elementor-view-default elementor-mobile-position-block-start elementor-invisible elementor-widget elementor-widget-icon-box\" data-id=\"94e8e47\" data-element_type=\"widget\" data-e-type=\"widget\" data-settings=\"{&quot;_animation&quot;:&quot;fadeIn&quot;,&quot;_animation_delay&quot;:200,&quot;_animation_tablet&quot;:&quot;none&quot;}\" data-widget_type=\"icon-box.default\">\n\t\t\t\t<div class=\"elementor-widget-container\">\n\t\t\t\t\t\t\t<div class=\"elementor-icon-box-wrapper\">\n\n\t\t\t\t\t\t<div class=\"elementor-icon-box-icon\">\n\t\t\t\t<span  class=\"elementor-icon\">\n\t\t\t\t<i aria-hidden=\"true\" class=\"fas fa-dot-circle\"><\/i>\t\t\t\t<\/span>\n\t\t\t<\/div>\n\t\t\t\n\t\t\t\t\t\t<div class=\"elementor-icon-box-content\">\n\n\t\t\t\t\t\t\t\t\t<h3 class=\"elementor-icon-box-title\">\n\t\t\t\t\t\t<span  >\n\t\t\t\t\t\t\tY\u00fcksek \u0130leti\u015fim Kalitesi\t\t\t\t\t\t<\/span>\n\t\t\t\t\t<\/h3>\n\t\t\t\t\n\t\t\t\t\t\t\t\t\t<p class=\"elementor-icon-box-description\">\n\t\t\t\t\t\t4K gibi HD g\u00f6r\u00fcnt\u00fc ve ses kalitesi sunarak, toplant\u0131lar\u0131n verimli ve kesintisiz olmas\u0131n\u0131 garanti eder.\n\t\t\t\t\t<\/p>\n\t\t\t\t\n\t\t\t<\/div>\n\t\t\t\n\t\t<\/div>\n\t\t\t\t\t\t<\/div>\n\t\t\t\t<\/div>\n\t\t\t\t\t<\/div>\n\t\t<\/div>\n\t\t\t\t\t<\/div>\n\t\t<\/section>\n\t\t\t\t<\/div>\n\t\t","protected":false},"excerpt":{"rendered":"<p>T\u00dcMLE\u015e\u0130K \u0130LET\u0130\u015e\u0130M \u00c7\u00d6Z\u00dcMLER\u0130 Video konferans \u00e7\u00f6z\u00fcmleri, uzaktan toplant\u0131lar ve i\u015fbirli\u011fi i\u00e7in tasarlanm\u0131\u015f, video ve sesli ileti\u015fim sa\u011flayan platformlard\u0131r. Bu sistemler, fiziksel mesafeleri ortadan kald\u0131rarak, farkl\u0131 lokasyonlardaki ekiplerin etkin bir \u015fekilde ileti\u015fim kurmas\u0131n\u0131 sa\u011flar. Video konferans \u00e7\u00f6z\u00fcmleri, zaman ve seyahat maliyetlerini d\u00fc\u015f\u00fcr\u00fcrken, i\u015f s\u00fcre\u00e7lerini h\u0131zland\u0131r\u0131r ve verimlili\u011fi art\u0131r\u0131r. Ayr\u0131ca, kullan\u0131c\u0131 dostu aray\u00fczleri sayesinde, her seviyedeki kullan\u0131c\u0131&#8230;<\/p>","protected":false},"author":1,"featured_media":0,"parent":1602,"menu_order":0,"comment_status":"closed","ping_status":"closed","template":"","meta":{"_monsterinsights_skip_tracking":false,"_monsterinsights_sitenote_active":false,"_monsterinsights_sitenote_note":"","_monsterinsights_sitenote_category":0,"footnotes":""},"class_list":["post-992480","page","type-page","status-publish","hentry"],"yoast_head":"<!-- This site is optimized with the Yoast SEO Premium plugin v25.9 (Yoast SEO v25.9) - https:\/\/yoast.com\/wordpress\/plugins\/seo\/ -->\n<title>Video Konferans \u00c7\u00f6z\u00fcmleri - Morten<\/title>\n<meta name=\"description\" content=\"Video Konferans \u00c7\u00f6z\u00fcmleri - Morten\" \/>\n<meta name=\"robots\" content=\"index, follow, max-snippet:-1, max-image-preview:large, max-video-preview:-1\" \/>\n<link rel=\"canonical\" href=\"https:\/\/morten.com.tr\/en\/cozumlerimiz\/tumlesik-iletisim-cozumleri\/video-konferans-cozumleri\/\" \/>\n<meta property=\"og:locale\" content=\"en_US\" \/>\n<meta property=\"og:type\" content=\"article\" \/>\n<meta property=\"og:title\" content=\"Video Konferans \u00c7\u00f6z\u00fcmleri\" \/>\n<meta property=\"og:description\" content=\"Video Konferans \u00c7\u00f6z\u00fcmleri - Morten\" \/>\n<meta property=\"og:url\" content=\"https:\/\/morten.com.tr\/en\/cozumlerimiz\/tumlesik-iletisim-cozumleri\/video-konferans-cozumleri\/\" \/>\n<meta property=\"og:site_name\" content=\"Morten\" \/>\n<meta property=\"article:publisher\" content=\"https:\/\/www.facebook.com\/BTEgitimMorten\" \/>\n<meta property=\"article:modified_time\" content=\"2025-02-03T08:23:07+00:00\" \/>\n<meta property=\"og:image\" content=\"https:\/\/morten.com.tr\/wp-content\/uploads\/2023\/03\/Shape-dots-arrow-right.svg\" \/>\n<meta name=\"twitter:card\" content=\"summary_large_image\" \/>\n<meta name=\"twitter:label1\" content=\"Est. reading time\" \/>\n\t<meta name=\"twitter:data1\" content=\"1 minute\" \/>\n<script type=\"application\/ld+json\" class=\"yoast-schema-graph\">{\"@context\":\"https:\/\/schema.org\",\"@graph\":[{\"@type\":\"WebPage\",\"@id\":\"https:\/\/morten.com.tr\/en\/cozumlerimiz\/tumlesik-iletisim-cozumleri\/video-konferans-cozumleri\/\",\"url\":\"https:\/\/morten.com.tr\/en\/cozumlerimiz\/tumlesik-iletisim-cozumleri\/video-konferans-cozumleri\/\",\"name\":\"Video Konferans \u00c7\u00f6z\u00fcmleri - Morten\",\"isPartOf\":{\"@id\":\"https:\/\/www.morten.com.tr\/#website\"},\"primaryImageOfPage\":{\"@id\":\"https:\/\/morten.com.tr\/en\/cozumlerimiz\/tumlesik-iletisim-cozumleri\/video-konferans-cozumleri\/#primaryimage\"},\"image\":{\"@id\":\"https:\/\/morten.com.tr\/en\/cozumlerimiz\/tumlesik-iletisim-cozumleri\/video-konferans-cozumleri\/#primaryimage\"},\"thumbnailUrl\":\"https:\/\/morten.com.tr\/wp-content\/uploads\/2023\/03\/Shape-dots-arrow-right.svg\",\"datePublished\":\"2024-12-24T11:33:17+00:00\",\"dateModified\":\"2025-02-03T08:23:07+00:00\",\"description\":\"Video Konferans \u00c7\u00f6z\u00fcmleri - Morten\",\"breadcrumb\":{\"@id\":\"https:\/\/morten.com.tr\/en\/cozumlerimiz\/tumlesik-iletisim-cozumleri\/video-konferans-cozumleri\/#breadcrumb\"},\"inLanguage\":\"en-US\",\"potentialAction\":[{\"@type\":\"ReadAction\",\"target\":[\"https:\/\/morten.com.tr\/en\/cozumlerimiz\/tumlesik-iletisim-cozumleri\/video-konferans-cozumleri\/\"]}]},{\"@type\":\"ImageObject\",\"inLanguage\":\"en-US\",\"@id\":\"https:\/\/morten.com.tr\/en\/cozumlerimiz\/tumlesik-iletisim-cozumleri\/video-konferans-cozumleri\/#primaryimage\",\"url\":\"https:\/\/morten.com.tr\/wp-content\/uploads\/2023\/03\/Shape-dots-arrow-right.svg\",\"contentUrl\":\"https:\/\/morten.com.tr\/wp-content\/uploads\/2023\/03\/Shape-dots-arrow-right.svg\"},{\"@type\":\"BreadcrumbList\",\"@id\":\"https:\/\/morten.com.tr\/en\/cozumlerimiz\/tumlesik-iletisim-cozumleri\/video-konferans-cozumleri\/#breadcrumb\",\"itemListElement\":[{\"@type\":\"ListItem\",\"position\":1,\"name\":\"Home\",\"item\":\"https:\/\/www.morten.com.tr\/\"},{\"@type\":\"ListItem\",\"position\":2,\"name\":\"\u00c7\u00f6z\u00fcmlerimizY\u00f6nlendirme\",\"item\":\"https:\/\/morten.com.tr\/cozumlerimiz\/\"},{\"@type\":\"ListItem\",\"position\":3,\"name\":\"T\u00fcmle\u015fik \u0130leti\u015fim \u00c7\u00f6z\u00fcmleri\",\"item\":\"https:\/\/morten.com.tr\/cozumlerimiz\/tumlesik-iletisim-cozumleri\/\"},{\"@type\":\"ListItem\",\"position\":4,\"name\":\"Video Konferans \u00c7\u00f6z\u00fcmleri\"}]},{\"@type\":\"WebSite\",\"@id\":\"https:\/\/www.morten.com.tr\/#website\",\"url\":\"https:\/\/www.morten.com.tr\/\",\"name\":\"Morten\",\"description\":\"\",\"publisher\":{\"@id\":\"https:\/\/www.morten.com.tr\/#organization\"},\"potentialAction\":[{\"@type\":\"SearchAction\",\"target\":{\"@type\":\"EntryPoint\",\"urlTemplate\":\"https:\/\/www.morten.com.tr\/?s={search_term_string}\"},\"query-input\":{\"@type\":\"PropertyValueSpecification\",\"valueRequired\":true,\"valueName\":\"search_term_string\"}}],\"inLanguage\":\"en-US\"},{\"@type\":\"Organization\",\"@id\":\"https:\/\/www.morten.com.tr\/#organization\",\"name\":\"Morten Bilgi ve \u0130leti\u015fim Hizmetleri A.\u015e.\",\"alternateName\":\"Morten\",\"url\":\"https:\/\/www.morten.com.tr\/\",\"logo\":{\"@type\":\"ImageObject\",\"inLanguage\":\"en-US\",\"@id\":\"https:\/\/www.morten.com.tr\/#\/schema\/logo\/image\/\",\"url\":\"https:\/\/www.morten.com.tr\/wp-content\/uploads\/2024\/11\/mortenbt.webp\",\"contentUrl\":\"https:\/\/www.morten.com.tr\/wp-content\/uploads\/2024\/11\/mortenbt.webp\",\"width\":265,\"height\":116,\"caption\":\"Morten Bilgi ve \u0130leti\u015fim Hizmetleri A.\u015e.\"},\"image\":{\"@id\":\"https:\/\/www.morten.com.tr\/#\/schema\/logo\/image\/\"},\"sameAs\":[\"https:\/\/www.facebook.com\/BTEgitimMorten\"]}]}<\/script>\n<!-- \/ Yoast SEO Premium plugin. -->","yoast_head_json":{"title":"Video Konferans \u00c7\u00f6z\u00fcmleri - Morten","description":"Video Konferans \u00c7\u00f6z\u00fcmleri - Morten","robots":{"index":"index","follow":"follow","max-snippet":"max-snippet:-1","max-image-preview":"max-image-preview:large","max-video-preview":"max-video-preview:-1"},"canonical":"https:\/\/morten.com.tr\/en\/cozumlerimiz\/tumlesik-iletisim-cozumleri\/video-konferans-cozumleri\/","og_locale":"en_US","og_type":"article","og_title":"Video Konferans \u00c7\u00f6z\u00fcmleri","og_description":"Video Konferans \u00c7\u00f6z\u00fcmleri - Morten","og_url":"https:\/\/morten.com.tr\/en\/cozumlerimiz\/tumlesik-iletisim-cozumleri\/video-konferans-cozumleri\/","og_site_name":"Morten","article_publisher":"https:\/\/www.facebook.com\/BTEgitimMorten","article_modified_time":"2025-02-03T08:23:07+00:00","og_image":[{"url":"https:\/\/morten.com.tr\/wp-content\/uploads\/2023\/03\/Shape-dots-arrow-right.svg","type":"","width":"","height":""}],"twitter_card":"summary_large_image","twitter_misc":{"Est. reading time":"1 minute"},"schema":{"@context":"https:\/\/schema.org","@graph":[{"@type":"WebPage","@id":"https:\/\/morten.com.tr\/en\/cozumlerimiz\/tumlesik-iletisim-cozumleri\/video-konferans-cozumleri\/","url":"https:\/\/morten.com.tr\/en\/cozumlerimiz\/tumlesik-iletisim-cozumleri\/video-konferans-cozumleri\/","name":"Video Konferans \u00c7\u00f6z\u00fcmleri - Morten","isPartOf":{"@id":"https:\/\/www.morten.com.tr\/#website"},"primaryImageOfPage":{"@id":"https:\/\/morten.com.tr\/en\/cozumlerimiz\/tumlesik-iletisim-cozumleri\/video-konferans-cozumleri\/#primaryimage"},"image":{"@id":"https:\/\/morten.com.tr\/en\/cozumlerimiz\/tumlesik-iletisim-cozumleri\/video-konferans-cozumleri\/#primaryimage"},"thumbnailUrl":"https:\/\/morten.com.tr\/wp-content\/uploads\/2023\/03\/Shape-dots-arrow-right.svg","datePublished":"2024-12-24T11:33:17+00:00","dateModified":"2025-02-03T08:23:07+00:00","description":"Video Konferans \u00c7\u00f6z\u00fcmleri - Morten","breadcrumb":{"@id":"https:\/\/morten.com.tr\/en\/cozumlerimiz\/tumlesik-iletisim-cozumleri\/video-konferans-cozumleri\/#breadcrumb"},"inLanguage":"en-US","potentialAction":[{"@type":"ReadAction","target":["https:\/\/morten.com.tr\/en\/cozumlerimiz\/tumlesik-iletisim-cozumleri\/video-konferans-cozumleri\/"]}]},{"@type":"ImageObject","inLanguage":"en-US","@id":"https:\/\/morten.com.tr\/en\/cozumlerimiz\/tumlesik-iletisim-cozumleri\/video-konferans-cozumleri\/#primaryimage","url":"https:\/\/morten.com.tr\/wp-content\/uploads\/2023\/03\/Shape-dots-arrow-right.svg","contentUrl":"https:\/\/morten.com.tr\/wp-content\/uploads\/2023\/03\/Shape-dots-arrow-right.svg"},{"@type":"BreadcrumbList","@id":"https:\/\/morten.com.tr\/en\/cozumlerimiz\/tumlesik-iletisim-cozumleri\/video-konferans-cozumleri\/#breadcrumb","itemListElement":[{"@type":"ListItem","position":1,"name":"Home","item":"https:\/\/www.morten.com.tr\/"},{"@type":"ListItem","position":2,"name":"\u00c7\u00f6z\u00fcmlerimizY\u00f6nlendirme","item":"https:\/\/morten.com.tr\/cozumlerimiz\/"},{"@type":"ListItem","position":3,"name":"T\u00fcmle\u015fik \u0130leti\u015fim \u00c7\u00f6z\u00fcmleri","item":"https:\/\/morten.com.tr\/cozumlerimiz\/tumlesik-iletisim-cozumleri\/"},{"@type":"ListItem","position":4,"name":"Video Konferans \u00c7\u00f6z\u00fcmleri"}]},{"@type":"WebSite","@id":"https:\/\/www.morten.com.tr\/#website","url":"https:\/\/www.morten.com.tr\/","name":"Morten","description":"","publisher":{"@id":"https:\/\/www.morten.com.tr\/#organization"},"potentialAction":[{"@type":"SearchAction","target":{"@type":"EntryPoint","urlTemplate":"https:\/\/www.morten.com.tr\/?s={search_term_string}"},"query-input":{"@type":"PropertyValueSpecification","valueRequired":true,"valueName":"search_term_string"}}],"inLanguage":"en-US"},{"@type":"Organization","@id":"https:\/\/www.morten.com.tr\/#organization","name":"Morten Information and Communication Services Inc.","alternateName":"Morten","url":"https:\/\/www.morten.com.tr\/","logo":{"@type":"ImageObject","inLanguage":"en-US","@id":"https:\/\/www.morten.com.tr\/#\/schema\/logo\/image\/","url":"https:\/\/www.morten.com.tr\/wp-content\/uploads\/2024\/11\/mortenbt.webp","contentUrl":"https:\/\/www.morten.com.tr\/wp-content\/uploads\/2024\/11\/mortenbt.webp","width":265,"height":116,"caption":"Morten Bilgi ve \u0130leti\u015fim Hizmetleri A.\u015e."},"image":{"@id":"https:\/\/www.morten.com.tr\/#\/schema\/logo\/image\/"},"sameAs":["https:\/\/www.facebook.com\/BTEgitimMorten"]}]}},"_links":{"self":[{"href":"https:\/\/www.morten.com.tr\/en\/wp-json\/wp\/v2\/pages\/992480"}],"collection":[{"href":"https:\/\/www.morten.com.tr\/en\/wp-json\/wp\/v2\/pages"}],"about":[{"href":"https:\/\/www.morten.com.tr\/en\/wp-json\/wp\/v2\/types\/page"}],"author":[{"embeddable":true,"href":"https:\/\/www.morten.com.tr\/en\/wp-json\/wp\/v2\/users\/1"}],"replies":[{"embeddable":true,"href":"https:\/\/www.morten.com.tr\/en\/wp-json\/wp\/v2\/comments?post=992480"}],"version-history":[{"count":55,"href":"https:\/\/www.morten.com.tr\/en\/wp-json\/wp\/v2\/pages\/992480\/revisions"}],"predecessor-version":[{"id":996043,"href":"https:\/\/www.morten.com.tr\/en\/wp-json\/wp\/v2\/pages\/992480\/revisions\/996043"}],"up":[{"embeddable":true,"href":"https:\/\/www.morten.com.tr\/en\/wp-json\/wp\/v2\/pages\/1602"}],"wp:attachment":[{"href":"https:\/\/www.morten.com.tr\/en\/wp-json\/wp\/v2\/media?parent=992480"}],"curies":[{"name":"wp","href":"https:\/\/api.w.org\/{rel}","templated":true}]}}