{"id":994345,"date":"2025-01-03T10:02:53","date_gmt":"2025-01-03T07:02:53","guid":{"rendered":"http:\/\/18.199.85.50\/?page_id=994345"},"modified":"2025-02-14T15:23:48","modified_gmt":"2025-02-14T12:23:48","slug":"ag-otomasyonu","status":"publish","type":"page","link":"https:\/\/www.morten.com.tr\/en\/cozumlerimiz\/ag-teknolojileri-yazilim-gelistirme-cozumleri\/ag-otomasyonu\/","title":{"rendered":"Network Automation"},"content":{"rendered":"\t\t<div data-elementor-type=\"wp-page\" data-elementor-id=\"994345\" class=\"elementor elementor-994345\" data-elementor-post-type=\"page\">\n\t\t\t\t\t\t<section class=\"elementor-section elementor-top-section elementor-element elementor-element-6e312dd elementor-section-full_width elementor-section-content-top elementor-section-stretched elementor-section-height-default elementor-section-height-default\" data-id=\"6e312dd\" data-element_type=\"section\" data-e-type=\"section\" data-settings=\"{&quot;background_background&quot;:&quot;classic&quot;,&quot;background_motion_fx_motion_fx_scrolling&quot;:&quot;yes&quot;,&quot;background_motion_fx_translateY_effect&quot;:&quot;yes&quot;,&quot;background_motion_fx_translateY_speed&quot;:{&quot;unit&quot;:&quot;px&quot;,&quot;size&quot;:2,&quot;sizes&quot;:[]},&quot;background_motion_fx_devices&quot;:[&quot;desktop&quot;],&quot;stretch_section&quot;:&quot;section-stretched&quot;,&quot;background_motion_fx_translateY_affectedRange&quot;:{&quot;unit&quot;:&quot;%&quot;,&quot;size&quot;:&quot;&quot;,&quot;sizes&quot;:{&quot;start&quot;:0,&quot;end&quot;:100}}}\">\n\t\t\t\t\t\t<div class=\"elementor-container elementor-column-gap-default\">\n\t\t\t\t\t<div class=\"elementor-column elementor-col-100 elementor-top-column elementor-element elementor-element-16a600c\" data-id=\"16a600c\" data-element_type=\"column\" data-e-type=\"column\">\n\t\t\t<div class=\"elementor-widget-wrap elementor-element-populated\">\n\t\t\t\t\t\t<div class=\"elementor-element elementor-element-887f9de elementor-widget elementor-widget-spacer\" data-id=\"887f9de\" data-element_type=\"widget\" data-e-type=\"widget\" data-widget_type=\"spacer.default\">\n\t\t\t\t<div class=\"elementor-widget-container\">\n\t\t\t\t\t\t\t<div class=\"elementor-spacer\">\n\t\t\t<div class=\"elementor-spacer-inner\"><\/div>\n\t\t<\/div>\n\t\t\t\t\t\t<\/div>\n\t\t\t\t<\/div>\n\t\t\t\t<div class=\"elementor-element elementor-element-6c3f93e elementor-widget__width-initial elementor-widget elementor-widget-heading\" data-id=\"6c3f93e\" data-element_type=\"widget\" data-e-type=\"widget\" data-widget_type=\"heading.default\">\n\t\t\t\t<div class=\"elementor-widget-container\">\n\t\t\t\t\t<span class=\"elementor-heading-title elementor-size-default\">A\u011e TEKNOLOJ\u0130LER\u0130 YAZILIM GEL\u0130\u015eT\u0130RME \u00c7\u00d6Z\u00dcMLER\u0130<\/span>\t\t\t\t<\/div>\n\t\t\t\t<\/div>\n\t\t\t\t<div class=\"elementor-element elementor-element-bcf84cb animated-slow bkheader elementor-invisible elementor-widget elementor-widget-theme-post-title elementor-page-title elementor-widget-heading\" data-id=\"bcf84cb\" data-element_type=\"widget\" data-e-type=\"widget\" data-settings=\"{&quot;_animation&quot;:&quot;fadeIn&quot;,&quot;_animation_tablet&quot;:&quot;none&quot;}\" data-widget_type=\"theme-post-title.default\">\n\t\t\t\t<div class=\"elementor-widget-container\">\n\t\t\t\t\t<h1 class=\"elementor-heading-title elementor-size-default\"> A\u011f Otomasyonu<\/h1>\t\t\t\t<\/div>\n\t\t\t\t<\/div>\n\t\t\t\t<div class=\"elementor-element elementor-element-194ec99 elementor-widget elementor-widget-spacer\" data-id=\"194ec99\" data-element_type=\"widget\" data-e-type=\"widget\" data-widget_type=\"spacer.default\">\n\t\t\t\t<div class=\"elementor-widget-container\">\n\t\t\t\t\t\t\t<div class=\"elementor-spacer\">\n\t\t\t<div class=\"elementor-spacer-inner\"><\/div>\n\t\t<\/div>\n\t\t\t\t\t\t<\/div>\n\t\t\t\t<\/div>\n\t\t\t\t\t<\/div>\n\t\t<\/div>\n\t\t\t\t\t<\/div>\n\t\t<\/section>\n\t\t\t\t<section class=\"elementor-section elementor-top-section elementor-element elementor-element-e5f2c1a elementor-section-content-middle elementor-reverse-mobile elementor-section-boxed elementor-section-height-default elementor-section-height-default\" data-id=\"e5f2c1a\" data-element_type=\"section\" data-e-type=\"section\">\n\t\t\t\t\t\t<div class=\"elementor-container elementor-column-gap-no\">\n\t\t\t\t\t<div class=\"elementor-column elementor-col-50 elementor-top-column elementor-element elementor-element-aae344c\" data-id=\"aae344c\" data-element_type=\"column\" data-e-type=\"column\">\n\t\t\t<div class=\"elementor-widget-wrap elementor-element-populated\">\n\t\t\t\t\t\t<div class=\"elementor-element elementor-element-5de0082 elementor-widget elementor-widget-text-editor\" data-id=\"5de0082\" data-element_type=\"widget\" data-e-type=\"widget\" data-widget_type=\"text-editor.default\">\n\t\t\t\t<div class=\"elementor-widget-container\">\n\t\t\t\t\t\t\t\t\t<p><span data-olk-copy-source=\"MessageBody\">A\u011f otomasyonu \u00e7\u00f6z\u00fcmlerimiz, karma\u015f\u0131k altyap\u0131lar\u0131 sadele\u015ftirerek operasyonel s\u00fcre\u00e7lerinizi h\u0131zland\u0131r\u0131r ve i\u015f g\u00fcc\u00fc kaynakl\u0131 hatalar\u0131 ortadan kald\u0131r\u0131r. Tekrarlayan i\u015flemleri otomatikle\u015ftirerek hem zaman hem de kaynak tasarrufu sa\u011flarken, a\u011f performans\u0131n\u0131z\u0131 optimize eder ve g\u00fcvenlik risklerine kar\u015f\u0131 daha sa\u011flam bir yap\u0131 olu\u015fturman\u0131za yard\u0131mc\u0131 olur.<\/span><\/p>\t\t\t\t\t\t\t\t<\/div>\n\t\t\t\t<\/div>\n\t\t\t\t\t<\/div>\n\t\t<\/div>\n\t\t\t\t<div class=\"elementor-column elementor-col-50 elementor-top-column elementor-element elementor-element-41cd1f6\" data-id=\"41cd1f6\" data-element_type=\"column\" data-e-type=\"column\" data-settings=\"{&quot;background_background&quot;:&quot;classic&quot;}\">\n\t\t\t<div class=\"elementor-widget-wrap elementor-element-populated\">\n\t\t\t\t\t\t<div class=\"elementor-element elementor-element-e7646bf elementor-widget elementor-widget-spacer\" data-id=\"e7646bf\" data-element_type=\"widget\" data-e-type=\"widget\" data-widget_type=\"spacer.default\">\n\t\t\t\t<div class=\"elementor-widget-container\">\n\t\t\t\t\t\t\t<div class=\"elementor-spacer\">\n\t\t\t<div class=\"elementor-spacer-inner\"><\/div>\n\t\t<\/div>\n\t\t\t\t\t\t<\/div>\n\t\t\t\t<\/div>\n\t\t\t\t\t<\/div>\n\t\t<\/div>\n\t\t\t\t\t<\/div>\n\t\t<\/section>\n\t\t\t\t<section class=\"elementor-section elementor-top-section elementor-element elementor-element-429879b elementor-section-boxed elementor-section-height-default elementor-section-height-default\" data-id=\"429879b\" data-element_type=\"section\" data-e-type=\"section\">\n\t\t\t\t\t\t<div class=\"elementor-container elementor-column-gap-default\">\n\t\t\t\t\t<div class=\"elementor-column elementor-col-50 elementor-top-column elementor-element elementor-element-1488d25\" data-id=\"1488d25\" data-element_type=\"column\" data-e-type=\"column\">\n\t\t\t<div class=\"elementor-widget-wrap elementor-element-populated\">\n\t\t\t\t\t\t<section class=\"elementor-section elementor-inner-section elementor-element elementor-element-f8220b5 elementor-section-height-min-height elementor-section-content-middle elementor-section-boxed elementor-section-height-default\" data-id=\"f8220b5\" data-element_type=\"section\" data-e-type=\"section\" data-settings=\"{&quot;sticky&quot;:&quot;top&quot;,&quot;sticky_on&quot;:[&quot;desktop&quot;,&quot;tablet&quot;],&quot;sticky_parent&quot;:&quot;yes&quot;,&quot;sticky_offset&quot;:0,&quot;sticky_effects_offset&quot;:0,&quot;sticky_anchor_link_offset&quot;:0}\">\n\t\t\t\t\t\t<div class=\"elementor-container elementor-column-gap-no\">\n\t\t\t\t\t<div class=\"elementor-column elementor-col-100 elementor-inner-column elementor-element elementor-element-d7e8c47\" data-id=\"d7e8c47\" data-element_type=\"column\" data-e-type=\"column\">\n\t\t\t<div class=\"elementor-widget-wrap elementor-element-populated\">\n\t\t\t\t\t\t<div class=\"elementor-element elementor-element-0a0d1e4 elementor-widget__width-initial elementor-widget-mobile__width-initial elementor-widget elementor-widget-image\" data-id=\"0a0d1e4\" data-element_type=\"widget\" data-e-type=\"widget\" data-settings=\"{&quot;motion_fx_motion_fx_scrolling&quot;:&quot;yes&quot;,&quot;motion_fx_translateY_effect&quot;:&quot;yes&quot;,&quot;motion_fx_translateY_speed&quot;:{&quot;unit&quot;:&quot;px&quot;,&quot;size&quot;:2,&quot;sizes&quot;:[]},&quot;motion_fx_devices&quot;:[&quot;desktop&quot;,&quot;tablet&quot;],&quot;motion_fx_translateY_affectedRange&quot;:{&quot;unit&quot;:&quot;%&quot;,&quot;size&quot;:&quot;&quot;,&quot;sizes&quot;:{&quot;start&quot;:0,&quot;end&quot;:100}}}\" data-widget_type=\"image.default\">\n\t\t\t\t<div class=\"elementor-widget-container\">\n\t\t\t\t\t\t\t\t\t\t\t\t\t\t\t<img fetchpriority=\"high\" decoding=\"async\" width=\"294\" height=\"291\" src=\"https:\/\/www.morten.com.tr\/wp-content\/uploads\/2023\/03\/Shape-dots-arrow-right.svg\" class=\"attachment-full size-full wp-image-3303\" alt=\"\" \/>\t\t\t\t\t\t\t\t\t\t\t\t\t\t\t<\/div>\n\t\t\t\t<\/div>\n\t\t\t\t<div class=\"elementor-element elementor-element-274d89f elementor-widget__width-initial elementor-widget elementor-widget-heading\" data-id=\"274d89f\" data-element_type=\"widget\" data-e-type=\"widget\" data-widget_type=\"heading.default\">\n\t\t\t\t<div class=\"elementor-widget-container\">\n\t\t\t\t\t<h4 class=\"elementor-heading-title elementor-size-default\">A\u011f Otomasyonu \u00c7\u00f6z\u00fcmlerinin<br>  Avantajlar\u0131<\/h4>\t\t\t\t<\/div>\n\t\t\t\t<\/div>\n\t\t\t\t\t<\/div>\n\t\t<\/div>\n\t\t\t\t\t<\/div>\n\t\t<\/section>\n\t\t\t\t\t<\/div>\n\t\t<\/div>\n\t\t\t\t<div class=\"elementor-column elementor-col-50 elementor-top-column elementor-element elementor-element-14cd4e7\" data-id=\"14cd4e7\" data-element_type=\"column\" data-e-type=\"column\">\n\t\t\t<div class=\"elementor-widget-wrap elementor-element-populated\">\n\t\t\t\t\t\t<div class=\"vamtam-has-theme-widget-styles elementor-element elementor-element-b9e2951 elementor-position-inline-start elementor-view-default elementor-mobile-position-block-start elementor-invisible elementor-widget elementor-widget-icon-box\" data-id=\"b9e2951\" data-element_type=\"widget\" data-e-type=\"widget\" data-settings=\"{&quot;_animation&quot;:&quot;fadeIn&quot;,&quot;_animation_delay&quot;:200}\" data-widget_type=\"icon-box.default\">\n\t\t\t\t<div class=\"elementor-widget-container\">\n\t\t\t\t\t\t\t<div class=\"elementor-icon-box-wrapper\">\n\n\t\t\t\t\t\t<div class=\"elementor-icon-box-icon\">\n\t\t\t\t<span  class=\"elementor-icon\">\n\t\t\t\t<i aria-hidden=\"true\" class=\"fas fa-dot-circle\"><\/i>\t\t\t\t<\/span>\n\t\t\t<\/div>\n\t\t\t\n\t\t\t\t\t\t<div class=\"elementor-icon-box-content\">\n\n\t\t\t\t\t\t\t\t\t<h3 class=\"elementor-icon-box-title\">\n\t\t\t\t\t\t<span  >\n\t\t\t\t\t\t\tA\u011f Otomasyonu ile Gelece\u011fe Ba\u011flan\u0131n\t\t\t\t\t\t<\/span>\n\t\t\t\t\t<\/h3>\n\t\t\t\t\n\t\t\t\t\t\t\t\t\t<p class=\"elementor-icon-box-description\">\n\t\t\t\t\t\tKarma\u015f\u0131k a\u011f yap\u0131lar\u0131n\u0131 kolayla\u015ft\u0131rarak i\u015fletmenizin verimlili\u011fini art\u0131r\u0131r ve insan hatalar\u0131n\u0131 minimuma indirir.\t\t\t\t\t<\/p>\n\t\t\t\t\n\t\t\t<\/div>\n\t\t\t\n\t\t<\/div>\n\t\t\t\t\t\t<\/div>\n\t\t\t\t<\/div>\n\t\t\t\t<div class=\"vamtam-has-theme-widget-styles elementor-element elementor-element-c6b96cd elementor-position-inline-start elementor-view-default elementor-mobile-position-block-start elementor-invisible elementor-widget elementor-widget-icon-box\" data-id=\"c6b96cd\" data-element_type=\"widget\" data-e-type=\"widget\" data-settings=\"{&quot;_animation&quot;:&quot;fadeIn&quot;,&quot;_animation_delay&quot;:200,&quot;_animation_tablet&quot;:&quot;none&quot;}\" data-widget_type=\"icon-box.default\">\n\t\t\t\t<div class=\"elementor-widget-container\">\n\t\t\t\t\t\t\t<div class=\"elementor-icon-box-wrapper\">\n\n\t\t\t\t\t\t<div class=\"elementor-icon-box-icon\">\n\t\t\t\t<span  class=\"elementor-icon\">\n\t\t\t\t<i aria-hidden=\"true\" class=\"fas fa-dot-circle\"><\/i>\t\t\t\t<\/span>\n\t\t\t<\/div>\n\t\t\t\n\t\t\t\t\t\t<div class=\"elementor-icon-box-content\">\n\n\t\t\t\t\t\t\t\t\t<h3 class=\"elementor-icon-box-title\">\n\t\t\t\t\t\t<span  >\n\t\t\t\t\t\t\tKesintisiz ve G\u00fcvenli A\u011f Y\u00f6netimi\t\t\t\t\t\t<\/span>\n\t\t\t\t\t<\/h3>\n\t\t\t\t\n\t\t\t\t\t\t\t\t\t<p class=\"elementor-icon-box-description\">\n\t\t\t\t\t\tManuel i\u015flemleri otomasyona \u00e7evirerek zamandan tasarruf edilmesini sa\u011flar.A\u011f performans\u0131 en \u00fcst d\u00fczeye \u00e7\u0131kar\u0131l\u0131r ve g\u00fcvenlik tehditlerine kar\u015f\u0131 daha diren\u00e7li bir altyap\u0131ya sahip olunur.\t\t\t\t\t<\/p>\n\t\t\t\t\n\t\t\t<\/div>\n\t\t\t\n\t\t<\/div>\n\t\t\t\t\t\t<\/div>\n\t\t\t\t<\/div>\n\t\t\t\t<div class=\"vamtam-has-theme-widget-styles elementor-element elementor-element-4630d67 elementor-position-inline-start elementor-view-default elementor-mobile-position-block-start elementor-invisible elementor-widget elementor-widget-icon-box\" data-id=\"4630d67\" data-element_type=\"widget\" data-e-type=\"widget\" data-settings=\"{&quot;_animation&quot;:&quot;fadeIn&quot;,&quot;_animation_delay&quot;:200,&quot;_animation_tablet&quot;:&quot;none&quot;}\" data-widget_type=\"icon-box.default\">\n\t\t\t\t<div class=\"elementor-widget-container\">\n\t\t\t\t\t\t\t<div class=\"elementor-icon-box-wrapper\">\n\n\t\t\t\t\t\t<div class=\"elementor-icon-box-icon\">\n\t\t\t\t<span  class=\"elementor-icon\">\n\t\t\t\t<i aria-hidden=\"true\" class=\"fas fa-dot-circle\"><\/i>\t\t\t\t<\/span>\n\t\t\t<\/div>\n\t\t\t\n\t\t\t\t\t\t<div class=\"elementor-icon-box-content\">\n\n\t\t\t\t\t\t\t\t\t<h3 class=\"elementor-icon-box-title\">\n\t\t\t\t\t\t<span  >\n\t\t\t\t\t\t\tAk\u0131ll\u0131 A\u011flar, Daha H\u0131zl\u0131 Operasyonlar\t\t\t\t\t\t<\/span>\n\t\t\t\t\t<\/h3>\n\t\t\t\t\n\t\t\t\t\t\t\t\t\t<p class=\"elementor-icon-box-description\">\n\t\t\t\t\t\tDinamik ve \u00f6l\u00e7eklenebilir a\u011f otomasyonu \u00e7\u00f6z\u00fcmleriyle a\u011f yap\u0131land\u0131rmalar\u0131 saniyeler i\u00e7inde uygulan\u0131r, hatalar\u0131 \u00f6nlenir ve operasyonel maliyetler azalt\u0131l\u0131r.\t\t\t\t\t<\/p>\n\t\t\t\t\n\t\t\t<\/div>\n\t\t\t\n\t\t<\/div>\n\t\t\t\t\t\t<\/div>\n\t\t\t\t<\/div>\n\t\t\t\t<div class=\"vamtam-has-theme-widget-styles elementor-element elementor-element-1cab6d3 elementor-position-inline-start elementor-view-default elementor-mobile-position-block-start elementor-invisible elementor-widget elementor-widget-icon-box\" data-id=\"1cab6d3\" data-element_type=\"widget\" data-e-type=\"widget\" data-settings=\"{&quot;_animation&quot;:&quot;fadeIn&quot;,&quot;_animation_delay&quot;:200,&quot;_animation_tablet&quot;:&quot;none&quot;}\" data-widget_type=\"icon-box.default\">\n\t\t\t\t<div class=\"elementor-widget-container\">\n\t\t\t\t\t\t\t<div class=\"elementor-icon-box-wrapper\">\n\n\t\t\t\t\t\t<div class=\"elementor-icon-box-icon\">\n\t\t\t\t<span  class=\"elementor-icon\">\n\t\t\t\t<i aria-hidden=\"true\" class=\"fas fa-dot-circle\"><\/i>\t\t\t\t<\/span>\n\t\t\t<\/div>\n\t\t\t\n\t\t\t\t\t\t<div class=\"elementor-icon-box-content\">\n\n\t\t\t\t\t\t\t\t\t<h3 class=\"elementor-icon-box-title\">\n\t\t\t\t\t\t<span  >\n\t\t\t\t\t\t\tA\u011f Y\u00f6netiminde Yeni Nesil Teknoloji\t\t\t\t\t\t<\/span>\n\t\t\t\t\t<\/h3>\n\t\t\t\t\n\t\t\t\t\t\t\t\t\t<p class=\"elementor-icon-box-description\">\n\t\t\t\t\t\tModern teknolojilerle donat\u0131lm\u0131\u015f a\u011f otomasyonu ara\u00e7lar\u0131, de\u011fi\u015fen i\u015f ihtiya\u00e7lar\u0131n\u0131 uyum sa\u011flamak i\u00e7in esneklik ve g\u00fcvenilirlik sunar.\n\t\t\t\t\t<\/p>\n\t\t\t\t\n\t\t\t<\/div>\n\t\t\t\n\t\t<\/div>\n\t\t\t\t\t\t<\/div>\n\t\t\t\t<\/div>\n\t\t\t\t\t<\/div>\n\t\t<\/div>\n\t\t\t\t\t<\/div>\n\t\t<\/section>\n\t\t\t\t<\/div>\n\t\t","protected":false},"excerpt":{"rendered":"<p>A\u011e TEKNOLOJ\u0130LER\u0130 YAZILIM GEL\u0130\u015eT\u0130RME \u00c7\u00d6Z\u00dcMLER\u0130 A\u011f otomasyonu \u00e7\u00f6z\u00fcmlerimiz, karma\u015f\u0131k altyap\u0131lar\u0131 sadele\u015ftirerek operasyonel s\u00fcre\u00e7lerinizi h\u0131zland\u0131r\u0131r ve i\u015f g\u00fcc\u00fc kaynakl\u0131 hatalar\u0131 ortadan kald\u0131r\u0131r. Tekrarlayan i\u015flemleri otomatikle\u015ftirerek hem zaman hem de kaynak tasarrufu sa\u011flarken, a\u011f performans\u0131n\u0131z\u0131 optimize eder ve g\u00fcvenlik risklerine kar\u015f\u0131 daha sa\u011flam bir yap\u0131 olu\u015fturman\u0131za yard\u0131mc\u0131 olur. A\u011f Otomasyonu \u00c7\u00f6z\u00fcmlerinin Avantajlar\u0131 A\u011f Otomasyonu ile Gelece\u011fe Ba\u011flan\u0131n&#8230;<\/p>","protected":false},"author":1,"featured_media":0,"parent":994347,"menu_order":0,"comment_status":"closed","ping_status":"closed","template":"","meta":{"_monsterinsights_skip_tracking":false,"_monsterinsights_sitenote_active":false,"_monsterinsights_sitenote_note":"","_monsterinsights_sitenote_category":0,"footnotes":""},"class_list":["post-994345","page","type-page","status-publish","hentry"],"yoast_head":"<!-- This site is optimized with the Yoast SEO Premium plugin v25.9 (Yoast SEO v25.9) - https:\/\/yoast.com\/wordpress\/plugins\/seo\/ -->\n<title>A\u011f Otomasyonu - Morten<\/title>\n<meta name=\"description\" content=\"A\u011f Otomasyonu - Morten\" \/>\n<meta name=\"robots\" content=\"index, follow, max-snippet:-1, max-image-preview:large, max-video-preview:-1\" \/>\n<link rel=\"canonical\" href=\"https:\/\/morten.com.tr\/cozumlerimiz\/ag-teknolojileri-yazilim-gelistirme-cozumleri\/ag-otomasyonu\/\" \/>\n<meta property=\"og:locale\" content=\"en_US\" \/>\n<meta property=\"og:type\" content=\"article\" \/>\n<meta property=\"og:title\" content=\"A\u011f Otomasyonu\" \/>\n<meta property=\"og:description\" content=\"A\u011f Otomasyonu - Morten\" \/>\n<meta property=\"og:url\" content=\"https:\/\/morten.com.tr\/cozumlerimiz\/ag-teknolojileri-yazilim-gelistirme-cozumleri\/ag-otomasyonu\/\" \/>\n<meta property=\"og:site_name\" content=\"Morten\" \/>\n<meta property=\"article:publisher\" content=\"https:\/\/www.facebook.com\/BTEgitimMorten\" \/>\n<meta property=\"article:modified_time\" content=\"2025-02-14T12:23:48+00:00\" \/>\n<meta property=\"og:image\" content=\"https:\/\/morten.com.tr\/wp-content\/uploads\/2023\/03\/Shape-dots-arrow-right.svg\" \/>\n<meta name=\"twitter:card\" content=\"summary_large_image\" \/>\n<meta name=\"twitter:label1\" content=\"Est. reading time\" \/>\n\t<meta name=\"twitter:data1\" content=\"1 minute\" \/>\n<script type=\"application\/ld+json\" class=\"yoast-schema-graph\">{\"@context\":\"https:\/\/schema.org\",\"@graph\":[{\"@type\":\"WebPage\",\"@id\":\"https:\/\/morten.com.tr\/cozumlerimiz\/ag-teknolojileri-yazilim-gelistirme-cozumleri\/ag-otomasyonu\/\",\"url\":\"https:\/\/morten.com.tr\/cozumlerimiz\/ag-teknolojileri-yazilim-gelistirme-cozumleri\/ag-otomasyonu\/\",\"name\":\"A\u011f Otomasyonu - Morten\",\"isPartOf\":{\"@id\":\"https:\/\/www.morten.com.tr\/#website\"},\"primaryImageOfPage\":{\"@id\":\"https:\/\/morten.com.tr\/cozumlerimiz\/ag-teknolojileri-yazilim-gelistirme-cozumleri\/ag-otomasyonu\/#primaryimage\"},\"image\":{\"@id\":\"https:\/\/morten.com.tr\/cozumlerimiz\/ag-teknolojileri-yazilim-gelistirme-cozumleri\/ag-otomasyonu\/#primaryimage\"},\"thumbnailUrl\":\"https:\/\/morten.com.tr\/wp-content\/uploads\/2023\/03\/Shape-dots-arrow-right.svg\",\"datePublished\":\"2025-01-03T07:02:53+00:00\",\"dateModified\":\"2025-02-14T12:23:48+00:00\",\"description\":\"A\u011f Otomasyonu - Morten\",\"breadcrumb\":{\"@id\":\"https:\/\/morten.com.tr\/cozumlerimiz\/ag-teknolojileri-yazilim-gelistirme-cozumleri\/ag-otomasyonu\/#breadcrumb\"},\"inLanguage\":\"en-US\",\"potentialAction\":[{\"@type\":\"ReadAction\",\"target\":[\"https:\/\/morten.com.tr\/cozumlerimiz\/ag-teknolojileri-yazilim-gelistirme-cozumleri\/ag-otomasyonu\/\"]}]},{\"@type\":\"ImageObject\",\"inLanguage\":\"en-US\",\"@id\":\"https:\/\/morten.com.tr\/cozumlerimiz\/ag-teknolojileri-yazilim-gelistirme-cozumleri\/ag-otomasyonu\/#primaryimage\",\"url\":\"https:\/\/morten.com.tr\/wp-content\/uploads\/2023\/03\/Shape-dots-arrow-right.svg\",\"contentUrl\":\"https:\/\/morten.com.tr\/wp-content\/uploads\/2023\/03\/Shape-dots-arrow-right.svg\"},{\"@type\":\"BreadcrumbList\",\"@id\":\"https:\/\/morten.com.tr\/cozumlerimiz\/ag-teknolojileri-yazilim-gelistirme-cozumleri\/ag-otomasyonu\/#breadcrumb\",\"itemListElement\":[{\"@type\":\"ListItem\",\"position\":1,\"name\":\"Home\",\"item\":\"https:\/\/www.morten.com.tr\/\"},{\"@type\":\"ListItem\",\"position\":2,\"name\":\"\u00c7\u00f6z\u00fcmlerimizY\u00f6nlendirme\",\"item\":\"https:\/\/morten.com.tr\/cozumlerimiz\/\"},{\"@type\":\"ListItem\",\"position\":3,\"name\":\"A\u011f Teknolojileri Yaz\u0131l\u0131m Geli\u015ftirme \u00c7\u00f6z\u00fcmleri\",\"item\":\"https:\/\/www.morten.com.tr\/cozumlerimiz\/ag-teknolojileri-yazilim-gelistirme-cozumleri\/\"},{\"@type\":\"ListItem\",\"position\":4,\"name\":\"A\u011f Otomasyonu\"}]},{\"@type\":\"WebSite\",\"@id\":\"https:\/\/www.morten.com.tr\/#website\",\"url\":\"https:\/\/www.morten.com.tr\/\",\"name\":\"Morten\",\"description\":\"\",\"publisher\":{\"@id\":\"https:\/\/www.morten.com.tr\/#organization\"},\"potentialAction\":[{\"@type\":\"SearchAction\",\"target\":{\"@type\":\"EntryPoint\",\"urlTemplate\":\"https:\/\/www.morten.com.tr\/?s={search_term_string}\"},\"query-input\":{\"@type\":\"PropertyValueSpecification\",\"valueRequired\":true,\"valueName\":\"search_term_string\"}}],\"inLanguage\":\"en-US\"},{\"@type\":\"Organization\",\"@id\":\"https:\/\/www.morten.com.tr\/#organization\",\"name\":\"Morten Bilgi ve \u0130leti\u015fim Hizmetleri A.\u015e.\",\"alternateName\":\"Morten\",\"url\":\"https:\/\/www.morten.com.tr\/\",\"logo\":{\"@type\":\"ImageObject\",\"inLanguage\":\"en-US\",\"@id\":\"https:\/\/www.morten.com.tr\/#\/schema\/logo\/image\/\",\"url\":\"https:\/\/www.morten.com.tr\/wp-content\/uploads\/2024\/11\/mortenbt.webp\",\"contentUrl\":\"https:\/\/www.morten.com.tr\/wp-content\/uploads\/2024\/11\/mortenbt.webp\",\"width\":265,\"height\":116,\"caption\":\"Morten Bilgi ve \u0130leti\u015fim Hizmetleri A.\u015e.\"},\"image\":{\"@id\":\"https:\/\/www.morten.com.tr\/#\/schema\/logo\/image\/\"},\"sameAs\":[\"https:\/\/www.facebook.com\/BTEgitimMorten\"]}]}<\/script>\n<!-- \/ Yoast SEO Premium plugin. -->","yoast_head_json":{"title":"A\u011f Otomasyonu - Morten","description":"A\u011f Otomasyonu - Morten","robots":{"index":"index","follow":"follow","max-snippet":"max-snippet:-1","max-image-preview":"max-image-preview:large","max-video-preview":"max-video-preview:-1"},"canonical":"https:\/\/morten.com.tr\/cozumlerimiz\/ag-teknolojileri-yazilim-gelistirme-cozumleri\/ag-otomasyonu\/","og_locale":"en_US","og_type":"article","og_title":"A\u011f Otomasyonu","og_description":"A\u011f Otomasyonu - Morten","og_url":"https:\/\/morten.com.tr\/cozumlerimiz\/ag-teknolojileri-yazilim-gelistirme-cozumleri\/ag-otomasyonu\/","og_site_name":"Morten","article_publisher":"https:\/\/www.facebook.com\/BTEgitimMorten","article_modified_time":"2025-02-14T12:23:48+00:00","og_image":[{"url":"https:\/\/morten.com.tr\/wp-content\/uploads\/2023\/03\/Shape-dots-arrow-right.svg","type":"","width":"","height":""}],"twitter_card":"summary_large_image","twitter_misc":{"Est. reading time":"1 minute"},"schema":{"@context":"https:\/\/schema.org","@graph":[{"@type":"WebPage","@id":"https:\/\/morten.com.tr\/cozumlerimiz\/ag-teknolojileri-yazilim-gelistirme-cozumleri\/ag-otomasyonu\/","url":"https:\/\/morten.com.tr\/cozumlerimiz\/ag-teknolojileri-yazilim-gelistirme-cozumleri\/ag-otomasyonu\/","name":"A\u011f Otomasyonu - Morten","isPartOf":{"@id":"https:\/\/www.morten.com.tr\/#website"},"primaryImageOfPage":{"@id":"https:\/\/morten.com.tr\/cozumlerimiz\/ag-teknolojileri-yazilim-gelistirme-cozumleri\/ag-otomasyonu\/#primaryimage"},"image":{"@id":"https:\/\/morten.com.tr\/cozumlerimiz\/ag-teknolojileri-yazilim-gelistirme-cozumleri\/ag-otomasyonu\/#primaryimage"},"thumbnailUrl":"https:\/\/morten.com.tr\/wp-content\/uploads\/2023\/03\/Shape-dots-arrow-right.svg","datePublished":"2025-01-03T07:02:53+00:00","dateModified":"2025-02-14T12:23:48+00:00","description":"A\u011f Otomasyonu - Morten","breadcrumb":{"@id":"https:\/\/morten.com.tr\/cozumlerimiz\/ag-teknolojileri-yazilim-gelistirme-cozumleri\/ag-otomasyonu\/#breadcrumb"},"inLanguage":"en-US","potentialAction":[{"@type":"ReadAction","target":["https:\/\/morten.com.tr\/cozumlerimiz\/ag-teknolojileri-yazilim-gelistirme-cozumleri\/ag-otomasyonu\/"]}]},{"@type":"ImageObject","inLanguage":"en-US","@id":"https:\/\/morten.com.tr\/cozumlerimiz\/ag-teknolojileri-yazilim-gelistirme-cozumleri\/ag-otomasyonu\/#primaryimage","url":"https:\/\/morten.com.tr\/wp-content\/uploads\/2023\/03\/Shape-dots-arrow-right.svg","contentUrl":"https:\/\/morten.com.tr\/wp-content\/uploads\/2023\/03\/Shape-dots-arrow-right.svg"},{"@type":"BreadcrumbList","@id":"https:\/\/morten.com.tr\/cozumlerimiz\/ag-teknolojileri-yazilim-gelistirme-cozumleri\/ag-otomasyonu\/#breadcrumb","itemListElement":[{"@type":"ListItem","position":1,"name":"Home","item":"https:\/\/www.morten.com.tr\/"},{"@type":"ListItem","position":2,"name":"\u00c7\u00f6z\u00fcmlerimizY\u00f6nlendirme","item":"https:\/\/morten.com.tr\/cozumlerimiz\/"},{"@type":"ListItem","position":3,"name":"A\u011f Teknolojileri Yaz\u0131l\u0131m Geli\u015ftirme \u00c7\u00f6z\u00fcmleri","item":"https:\/\/www.morten.com.tr\/cozumlerimiz\/ag-teknolojileri-yazilim-gelistirme-cozumleri\/"},{"@type":"ListItem","position":4,"name":"A\u011f Otomasyonu"}]},{"@type":"WebSite","@id":"https:\/\/www.morten.com.tr\/#website","url":"https:\/\/www.morten.com.tr\/","name":"Morten","description":"","publisher":{"@id":"https:\/\/www.morten.com.tr\/#organization"},"potentialAction":[{"@type":"SearchAction","target":{"@type":"EntryPoint","urlTemplate":"https:\/\/www.morten.com.tr\/?s={search_term_string}"},"query-input":{"@type":"PropertyValueSpecification","valueRequired":true,"valueName":"search_term_string"}}],"inLanguage":"en-US"},{"@type":"Organization","@id":"https:\/\/www.morten.com.tr\/#organization","name":"Morten Information and Communication Services Inc.","alternateName":"Morten","url":"https:\/\/www.morten.com.tr\/","logo":{"@type":"ImageObject","inLanguage":"en-US","@id":"https:\/\/www.morten.com.tr\/#\/schema\/logo\/image\/","url":"https:\/\/www.morten.com.tr\/wp-content\/uploads\/2024\/11\/mortenbt.webp","contentUrl":"https:\/\/www.morten.com.tr\/wp-content\/uploads\/2024\/11\/mortenbt.webp","width":265,"height":116,"caption":"Morten Bilgi ve \u0130leti\u015fim Hizmetleri A.\u015e."},"image":{"@id":"https:\/\/www.morten.com.tr\/#\/schema\/logo\/image\/"},"sameAs":["https:\/\/www.facebook.com\/BTEgitimMorten"]}]}},"_links":{"self":[{"href":"https:\/\/www.morten.com.tr\/en\/wp-json\/wp\/v2\/pages\/994345"}],"collection":[{"href":"https:\/\/www.morten.com.tr\/en\/wp-json\/wp\/v2\/pages"}],"about":[{"href":"https:\/\/www.morten.com.tr\/en\/wp-json\/wp\/v2\/types\/page"}],"author":[{"embeddable":true,"href":"https:\/\/www.morten.com.tr\/en\/wp-json\/wp\/v2\/users\/1"}],"replies":[{"embeddable":true,"href":"https:\/\/www.morten.com.tr\/en\/wp-json\/wp\/v2\/comments?post=994345"}],"version-history":[{"count":13,"href":"https:\/\/www.morten.com.tr\/en\/wp-json\/wp\/v2\/pages\/994345\/revisions"}],"predecessor-version":[{"id":996515,"href":"https:\/\/www.morten.com.tr\/en\/wp-json\/wp\/v2\/pages\/994345\/revisions\/996515"}],"up":[{"embeddable":true,"href":"https:\/\/www.morten.com.tr\/en\/wp-json\/wp\/v2\/pages\/994347"}],"wp:attachment":[{"href":"https:\/\/www.morten.com.tr\/en\/wp-json\/wp\/v2\/media?parent=994345"}],"curies":[{"name":"wp","href":"https:\/\/api.w.org\/{rel}","templated":true}]}}