{"id":994347,"date":"2025-01-03T10:15:39","date_gmt":"2025-01-03T07:15:39","guid":{"rendered":"http:\/\/18.199.85.50\/?page_id=994347"},"modified":"2025-01-27T13:55:21","modified_gmt":"2025-01-27T10:55:21","slug":"ag-teknolojileri-yazilim-gelistirme-cozumleri","status":"publish","type":"page","link":"https:\/\/www.morten.com.tr\/en\/cozumlerimiz\/ag-teknolojileri-yazilim-gelistirme-cozumleri\/","title":{"rendered":"Network Technologies Software Development Solutions"},"content":{"rendered":"<div data-elementor-type=\"wp-page\" data-elementor-id=\"994347\" class=\"elementor elementor-994347\" data-elementor-post-type=\"page\">\n\t\t\t\t\t\t<section class=\"elementor-section elementor-top-section elementor-element elementor-element-8a14611 elementor-section-content-middle elementor-reverse-mobile elementor-section-boxed elementor-section-height-default elementor-section-height-default\" data-id=\"8a14611\" data-element_type=\"section\" data-e-type=\"section\">\n\t\t\t\t\t\t<div class=\"elementor-container elementor-column-gap-no\">\n\t\t\t\t\t<div class=\"elementor-column elementor-col-50 elementor-top-column elementor-element elementor-element-2d92f29\" data-id=\"2d92f29\" data-element_type=\"column\" data-e-type=\"column\">\n\t\t\t<div class=\"elementor-widget-wrap elementor-element-populated\">\n\t\t\t\t\t\t<div class=\"elementor-element elementor-element-9af60c7 elementor-widget elementor-widget-text-editor\" data-id=\"9af60c7\" data-element_type=\"widget\" data-e-type=\"widget\" data-widget_type=\"text-editor.default\">\n\t\t\t\t<div class=\"elementor-widget-container\">\n\t\t\t\t\t\t\t\t\t<p>Our software development solutions, which can be applied in various network technologies, are designed to make our customers' network infrastructure more efficient, secure and manageable. With our software-based solutions, we can optimize our customers' infrastructure performance, simplify network management and increase security. By offering customized software solutions for various needs, the related infrastructures are taken to the next level. With modern network software solutions, we provide more control over your network and offer secure and scalable solutions to meet your specific business requirements.<\/p><p>Some of our solutions provided by our experienced and certified personnel:<\/p>\t\t\t\t\t\t\t\t<\/div>\n\t\t\t\t<\/div>\n\t\t\t\t\t<\/div>\n\t\t<\/div>\n\t\t\t\t<div class=\"elementor-column elementor-col-50 elementor-top-column elementor-element elementor-element-9181de4\" data-id=\"9181de4\" data-element_type=\"column\" data-e-type=\"column\" data-settings=\"{&quot;background_background&quot;:&quot;classic&quot;}\">\n\t\t\t<div class=\"elementor-widget-wrap elementor-element-populated\">\n\t\t\t\t\t\t<div class=\"elementor-element elementor-element-a948714 elementor-widget elementor-widget-spacer\" data-id=\"a948714\" data-element_type=\"widget\" data-e-type=\"widget\" data-widget_type=\"spacer.default\">\n\t\t\t\t<div class=\"elementor-widget-container\">\n\t\t\t\t\t\t\t<div class=\"elementor-spacer\">\n\t\t\t<div class=\"elementor-spacer-inner\"><\/div>\n\t\t<\/div>\n\t\t\t\t\t\t<\/div>\n\t\t\t\t<\/div>\n\t\t\t\t\t<\/div>\n\t\t<\/div>\n\t\t\t\t\t<\/div>\n\t\t<\/section>\n\t\t<div class=\"elementor-element elementor-element-062a23d e-grid e-con-boxed e-con e-parent\" data-id=\"062a23d\" data-element_type=\"container\" data-e-type=\"container\">\n\t\t\t\t\t<div class=\"e-con-inner\">\n\t\t\t\t<div class=\"elementor-element elementor-element-5c855e9 elementor-widget__width-initial elementor-cta--skin-classic elementor-animated-content elementor-bg-transform elementor-bg-transform-zoom-in elementor-widget elementor-widget-call-to-action\" data-id=\"5c855e9\" data-element_type=\"widget\" data-e-type=\"widget\" data-widget_type=\"call-to-action.default\">\n\t\t\t\t<div class=\"elementor-widget-container\">\n\t\t\t\t\t\t\t<div class=\"elementor-cta\">\n\t\t\t\t\t\t\t<div class=\"elementor-cta__content\">\n\t\t\t\t\t\t\t\t\t<div class=\"elementor-content-item elementor-cta__content-item elementor-icon-wrapper elementor-cta__icon elementor-view-default\">\n\t\t\t\t\t\t<div class=\"elementor-icon\">\n\t\t\t\t\t\t\t<i aria-hidden=\"true\" class=\"vamtamtheme- vamtam-theme-Automation\"><\/i>\t\t\t\t\t\t<\/div>\n\t\t\t\t\t<\/div>\n\t\t\t\t\n\t\t\t\t\t\t\t\t\t<h3 class=\"elementor-cta__title elementor-cta__content-item elementor-content-item\">\n\t\t\t\t\t\tNetwork Automation\t\t\t\t\t<\/h3>\n\t\t\t\t\n\t\t\t\t\t\t\t\t\t<div class=\"elementor-cta__description elementor-cta__content-item elementor-content-item\">\n\t\t\t\t\t\tOur network automation solutions simplify complex infrastructures, speed up your operational processes and eliminate workforce-related errors.\t\t\t\t\t<\/div>\n\t\t\t\t\n\t\t\t\t\t\t\t\t\t<div class=\"elementor-cta__button-wrapper elementor-cta__content-item elementor-content-item\">\n\t\t\t\t\t<a class=\"elementor-cta__button elementor-button elementor-size-\" href=\"https:\/\/www.morten.com.tr\/en\/cozumlerimiz\/ag-teknolojileri-yazilim-gelistirme-cozumleri\/ag-otomasyonu\/\">\n\t\t\t\t\t\tShow More \t\t\t\t\t<\/a>\n\t\t\t\t\t<\/div>\n\t\t\t\t\t\t\t<\/div>\n\t\t\t\t\t\t<\/div>\n\t\t\t\t\t\t<\/div>\n\t\t\t\t<\/div>\n\t\t\t\t<div class=\"elementor-element elementor-element-927bf99 elementor-cta--skin-classic elementor-animated-content elementor-bg-transform elementor-bg-transform-zoom-in elementor-widget elementor-widget-call-to-action\" data-id=\"927bf99\" data-element_type=\"widget\" data-e-type=\"widget\" data-widget_type=\"call-to-action.default\">\n\t\t\t\t<div class=\"elementor-widget-container\">\n\t\t\t\t\t\t\t<div class=\"elementor-cta\">\n\t\t\t\t\t\t\t<div class=\"elementor-cta__content\">\n\t\t\t\t\t\t\t\t\t<div class=\"elementor-content-item elementor-cta__content-item elementor-icon-wrapper elementor-cta__icon elementor-view-default\">\n\t\t\t\t\t\t<div class=\"elementor-icon\">\n\t\t\t\t\t\t\t<i aria-hidden=\"true\" class=\"vamtamtheme- vamtam-theme-Transactions\"><\/i>\t\t\t\t\t\t<\/div>\n\t\t\t\t\t<\/div>\n\t\t\t\t\n\t\t\t\t\t\t\t\t\t<h3 class=\"elementor-cta__title elementor-cta__content-item elementor-content-item\">\n\t\t\t\t\t\tIntegration and Application Development\t\t\t\t\t<\/h3>\n\t\t\t\t\n\t\t\t\t\t\t\t\t\t<div class=\"elementor-cta__description elementor-cta__content-item elementor-content-item\">\n\t\t\t\t\t\tOur integration and application development solutions make your business processes more fluid and efficient by harmonizing your business's existing systems with each other.\t\t\t\t\t<\/div>\n\t\t\t\t\n\t\t\t\t\t\t\t\t\t<div class=\"elementor-cta__button-wrapper elementor-cta__content-item elementor-content-item\">\n\t\t\t\t\t<a class=\"elementor-cta__button elementor-button elementor-size-\" href=\"https:\/\/www.morten.com.tr\/en\/cozumlerimiz\/ag-teknolojileri-yazilim-gelistirme-cozumleri\/entegrasyon-ve-uygulama-gelistirme\/\">\n\t\t\t\t\t\tShow More \t\t\t\t\t<\/a>\n\t\t\t\t\t<\/div>\n\t\t\t\t\t\t\t<\/div>\n\t\t\t\t\t\t<\/div>\n\t\t\t\t\t\t<\/div>\n\t\t\t\t<\/div>\n\t\t\t\t<div class=\"elementor-element elementor-element-78152b6 elementor-cta--skin-classic elementor-animated-content elementor-bg-transform elementor-bg-transform-zoom-in elementor-widget elementor-widget-call-to-action\" data-id=\"78152b6\" data-element_type=\"widget\" data-e-type=\"widget\" data-widget_type=\"call-to-action.default\">\n\t\t\t\t<div class=\"elementor-widget-container\">\n\t\t\t\t\t\t\t<div class=\"elementor-cta\">\n\t\t\t\t\t\t\t<div class=\"elementor-cta__content\">\n\t\t\t\t\t\t\t\t\t<div class=\"elementor-content-item elementor-cta__content-item elementor-icon-wrapper elementor-cta__icon elementor-view-default\">\n\t\t\t\t\t\t<div class=\"elementor-icon\">\n\t\t\t\t\t\t\t<svg xmlns=\"http:\/\/www.w3.org\/2000\/svg\" id=\"Capa_1\" data-name=\"Capa 1\" viewbox=\"0 0 800 630.78\"><defs><style>      .cls-1 {        fill: #030ec8;      }    <\/style><\/defs><path class=\"cls-1\" d=\"M723.08,0H76.93C34.53,0,0,34.5,0,76.93v369.23c0,42.43,34.53,76.92,76.93,76.92h646.15c42.39,0,76.92-34.49,76.92-76.92V76.93c0-42.43-34.53-76.93-76.92-76.93ZM769.23,446.16c0,25.45-20.69,46.16-46.14,46.16H76.93c-25.45,0-46.16-20.71-46.16-46.16V76.93c0-25.45,20.71-46.16,46.16-46.16h646.15c25.45,0,46.14,20.71,46.14,46.16v369.23h0Z\"><\/path><polygon class=\"cls-1\" points=\"461.55 538.47 338.46 538.47 338.46 581.11 215.39 605.96 215.39 630.78 584.61 630.78 584.61 605.96 461.55 581.11 461.55 538.47\"><\/polygon><path class=\"cls-1\" d=\"M394.99,188.96v1c0,2.85,2.25,5.05,5.02,5.05s5.02-2.2,5.02-5.05v-1c19.56-2.53,34.91-18.59,34.91-38.9,0-22.05-17.88-39.97-39.93-39.97s-39.94,17.9-39.94,39.97c0,20.26,15.36,36.37,34.92,38.9Z\"><\/path><path class=\"cls-1\" d=\"M208.61,293.14c-22.05,0-39.94,17.92-39.94,39.98s17.92,39.9,39.94,39.9c18.35,0,33.14-12.62,37.82-29.44.62-.66,1.2-1.36,1.4-2.28.18-.84-.22-1.59-.46-2.34.3-1.95,1.17-3.78,1.17-5.77.03-22.13-17.85-40.05-39.93-40.05Z\"><\/path><path class=\"cls-1\" d=\"M591.41,293.14c-22.09,0-39.97,17.92-39.97,39.98,0,2.03.87,3.85,1.19,5.84-.22.72-.63,1.49-.45,2.28.21.94.78,1.62,1.37,2.25,4.68,16.86,19.48,29.48,37.79,29.48,22.06,0,39.97-17.88,39.97-39.9s-17.84-39.93-39.9-39.93Z\"><\/path><path class=\"cls-1\" d=\"M322.09,224.58c-1.91-2.09-5.03-1.96-7.05-.18l-7.11,6.81c-1.96,1.91-2.09,5.11-.14,7.05.99,1.04,2.31,1.57,3.6,1.57s2.49-.47,3.44-1.36l7.07-6.81c2.02-1.91,2.11-5.1.2-7.07Z\"><\/path><path class=\"cls-1\" d=\"M336.25,204.1l-7.05,6.86c-2.02,1.91-2.11,5.05-.17,7.05.99.99,2.32,1.53,3.6,1.53s2.53-.51,3.44-1.41l7.09-6.82c1.99-1.91,2.07-5.05.16-7.05-1.88-2-5.08-2.09-7.06-.16Z\"><\/path><path class=\"cls-1\" d=\"M353.91,199.17c1.23,0,2.49-.5,3.44-1.42l7.05-6.76c1.98-1.91,2.07-5.11.13-7.07-1.88-1.91-5.11-2-7.05-.12l-7.09,6.8c-1.96,1.91-2.07,5.11-.16,7.05,1.03,1,2.34,1.53,3.68,1.53Z\"><\/path><path class=\"cls-1\" d=\"M293.61,258.71l7.07-6.81c2-1.91,2.05-5.11.18-7.05-1.91-1.99-5.11-1.99-7.05-.12l-7.07,6.78c-1.96,1.91-2.05,5.08-.14,7.05.99,1.03,2.32,1.55,3.6,1.55,1.2.01,2.46-.49,3.41-1.41Z\"><\/path><path class=\"cls-1\" d=\"M258.35,285.44c-1.91-1.91-5.11-1.96-7.05-.12l-7.07,6.86c-1.96,1.91-2.05,5.05-.12,7.05.95.97,2.27,1.55,3.58,1.55s2.49-.55,3.46-1.44l7.03-6.82c1.98-1.91,2.05-5.02.16-7.09Z\"><\/path><path class=\"cls-1\" d=\"M272.52,265.06l-7.09,6.78c-1.96,1.91-2.05,5.11-.14,7.05.97,1.03,2.29,1.55,3.64,1.55,1.25,0,2.48-.53,3.44-1.42l7.07-6.8c2-1.91,2.05-5.11.18-7.05-1.96-1.94-5.12-2.04-7.1-.12Z\"><\/path><path class=\"cls-1\" d=\"M531.13,280.45c1.33,0,2.65-.53,3.57-1.55,1.91-1.94,1.84-5.18-.14-7.05l-7.1-6.84c-1.9-1.91-5.11-1.88-7.02.16-1.92,1.94-1.8,5.18.18,7.05l7.09,6.8c.9,1,2.16,1.44,3.43,1.44Z\"><\/path><path class=\"cls-1\" d=\"M467.31,219.51c1.33,0,2.65-.55,3.66-1.54,1.92-1.96,1.87-5.16-.21-7.05l-7.06-6.86c-1.9-1.91-5.11-1.83-7.03.12-1.92,2.02-1.83,5.19.13,7.06l7.09,6.82c.97.94,2.23,1.45,3.42,1.45Z\"><\/path><path class=\"cls-1\" d=\"M435.4,183.92c-1.92,1.96-1.87,5.18.12,7.07l7.06,6.76c.96.94,2.23,1.42,3.45,1.42,1.3,0,2.65-.53,3.61-1.55,1.92-1.94,1.87-5.16-.18-7.05l-7.03-6.8c-1.86-1.91-5.07-1.83-7.02.14Z\"><\/path><path class=\"cls-1\" d=\"M492.05,231.26l-7.06-6.84c-1.92-1.94-5.18-1.91-7.06.09-1.9,1.99-1.84,5.2.14,7.07l7.1,6.81c.9.88,2.13,1.38,3.4,1.38s2.61-.5,3.6-1.48c1.95-1.99,1.88-5.19-.12-7.05Z\"><\/path><path class=\"cls-1\" d=\"M506.22,244.71c-1.95-1.88-5.14-1.91-7.06.18-1.9,1.96-1.8,5.14.18,7.07l7.09,6.78c.99.86,2.17,1.38,3.44,1.38s2.63-.53,3.6-1.61c1.9-1.94,1.83-5.11-.12-7.05l-7.13-6.77Z\"><\/path><path class=\"cls-1\" d=\"M555.96,299.3c1.9-2,1.83-5.16-.13-7.05l-7.09-6.84c-1.92-1.91-5.14-1.88-7.02.13-1.92,1.95-1.87,5.16.18,7.03l7.02,6.86c.96.86,2.23,1.38,3.46,1.38,1.32-.05,2.62-.58,3.57-1.53Z\"><\/path><path class=\"cls-1\" d=\"M477.52,351.75l-9.81,2.04c-2.67.59-4.43,3.17-3.89,5.88.49,2.36,2.56,4.03,4.87,4.03.36,0,.63-.12,1.01-.18l9.8-1.98c2.66-.61,4.44-3.19,3.87-5.89-.57-2.7-3.03-4.48-5.86-3.9Z\"><\/path><path class=\"cls-1\" d=\"M273.46,341.53l-9.83-1.98c-2.79-.66-5.32,1.08-5.9,3.89-.58,2.67,1.13,5.31,3.85,5.85l9.81,2.04c.37.07.71.12,1.03.12,2.34,0,4.4-1.58,4.9-3.99.53-2.67-1.19-5.35-3.86-5.93Z\"><\/path><path class=\"cls-1\" d=\"M536.42,339.49l-9.77,1.98c-2.73.59-4.48,3.17-3.87,5.89.45,2.32,2.58,3.97,4.86,3.97.37,0,.67-.03,1.03-.09l9.83-2.02c2.67-.59,4.41-3.21,3.87-5.85-.61-2.74-3.19-4.53-5.94-3.87Z\"><\/path><path class=\"cls-1\" d=\"M506.92,345.62l-9.76,1.98c-2.74.61-4.48,3.19-3.85,5.91.47,2.38,2.54,4,4.83,4,.36,0,.66-.07,1.01-.12l9.8-2.07c2.7-.63,4.44-3.21,3.87-5.86-.51-2.7-3.15-4.39-5.91-3.85Z\"><\/path><path class=\"cls-1\" d=\"M448.07,357.92l-9.85,2.07c-.36.05-.47.41-.82.54-4.77-14.21-17.1-24.41-32.39-26.37v-4.35c0-2.79-2.25-4.97-5.02-4.97s-5.02,2.17-5.02,4.97v4.35c-15.33,1.96-27.64,12.18-32.39,26.4-.34-.16-.5-.51-.84-.57l-9.81-2.02c-2.79-.7-5.32,1.17-5.9,3.82-.55,2.77,1.2,5.4,3.87,5.91l9.81,2c.34.07.65.13.99.13-.09,1.08-.65,1.98-.65,3.17,0,22.04,17.88,39.97,39.94,39.97s39.93-17.93,39.93-39.97c0-1.13-.57-2.03-.63-3.17.33,0,.63-.07,1.03-.13l9.76-2.03c2.67-.61,4.48-3.25,3.87-5.93-.58-2.7-3.11-4.53-5.88-3.83Z\"><\/path><path class=\"cls-1\" d=\"M302.86,347.66l-9.81-1.98c-2.91-.61-5.37,1.2-5.9,3.85-.58,2.73,1.2,5.37,3.87,5.89l9.81,2.03c.34.07.67.13,1.03.13,2.34,0,4.4-1.62,4.9-4,.54-2.71-1.19-5.37-3.9-5.91Z\"><\/path><path class=\"cls-1\" d=\"M332.31,353.85l-9.79-2.09c-2.88-.58-5.35,1.2-5.9,3.9s1.17,5.35,3.85,5.89l9.81,2.04c.34.12.71.12,1.05.12,2.34,0,4.4-1.55,4.89-4.03.54-2.63-1.2-5.28-3.91-5.82Z\"><\/path><path class=\"cls-1\" d=\"M400.01,294.83c-2.74,0-5.02,2.21-5.02,5.02v9.93c0,2.78,2.25,4.99,5.02,4.99s5.02-2.2,5.02-4.99v-9.93c0-2.81-2.29-5.02-5.02-5.02Z\"><\/path><path class=\"cls-1\" d=\"M405.03,239.94c0-2.79-2.25-5.02-5.02-5.02s-5.02,2.23-5.02,5.02v9.95c0,2.79,2.25,5.02,5.02,5.02s5.02-2.23,5.02-5.02v-9.95Z\"><\/path><path class=\"cls-1\" d=\"M405.03,209.98c0-2.83-2.25-5.05-5.02-5.05s-5.02,2.2-5.02,5.05v9.91c0,2.82,2.25,5.05,5.02,5.05s5.02-2.23,5.02-5.05v-9.91Z\"><\/path><path class=\"cls-1\" d=\"M405.03,269.89c0-2.77-2.25-4.99-5.02-4.99s-5.02,2.23-5.02,4.99v9.96c0,2.78,2.25,4.99,5.02,4.99s5.02-2.21,5.02-4.99v-9.96Z\"><\/path><\/svg>\t\t\t\t\t\t<\/div>\n\t\t\t\t\t<\/div>\n\t\t\t\t\n\t\t\t\t\t\t\t\t\t<h3 class=\"elementor-cta__title elementor-cta__content-item elementor-content-item\">\n\t\t\t\t\t\tNetwork Visualisation and Analytics\t\t\t\t\t<\/h3>\n\t\t\t\t\n\t\t\t\t\t\t\t\t\t<div class=\"elementor-cta__description elementor-cta__content-item elementor-content-item\">\n\t\t\t\t\t\tOur Network Visualization and Analytics solutions allow you to analyze your infrastructure in detail and optimize your network performance.\t\t\t\t\t<\/div>\n\t\t\t\t\n\t\t\t\t\t\t\t\t\t<div class=\"elementor-cta__button-wrapper elementor-cta__content-item elementor-content-item\">\n\t\t\t\t\t<a class=\"elementor-cta__button elementor-button elementor-size-\" href=\"https:\/\/www.morten.com.tr\/en\/cozumlerimiz\/ag-teknolojileri-yazilim-gelistirme-cozumleri\/ag-gorsellestirme-ve-analitik\/\">\n\t\t\t\t\t\tShow More \t\t\t\t\t<\/a>\n\t\t\t\t\t<\/div>\n\t\t\t\t\t\t\t<\/div>\n\t\t\t\t\t\t<\/div>\n\t\t\t\t\t\t<\/div>\n\t\t\t\t<\/div>\n\t\t\t\t\t<\/div>\n\t\t\t\t<\/div>\n\t\t\t\t<\/div>","protected":false},"excerpt":{"rendered":"<p>\u00c7e\u015fitli a\u011f teknolojilerinde uygulanabilen yaz\u0131l\u0131m geli\u015ftirme \u00e7\u00f6z\u00fcmlerimiz, m\u00fc\u015fterilerimizin a\u011f altyap\u0131s\u0131n\u0131 daha verimli, g\u00fcvenli ve y\u00f6netilebilir hale getirmek i\u00e7in tasarlanm\u0131\u015ft\u0131r. Yaz\u0131l\u0131m tabanl\u0131 \u00e7\u00f6z\u00fcmlerimizle, m\u00fc\u015fterilerimizin alt yap\u0131 performans\u0131n\u0131 optimize edebilir, a\u011f y\u00f6netimini basitle\u015ftirebilir ve g\u00fcvenli\u011fi art\u0131rabilmekteyiz. \u00c7e\u015fitli ihtiya\u00e7lar i\u00e7in \u00f6zelle\u015ftirilmi\u015f yaz\u0131l\u0131m \u00e7\u00f6z\u00fcmleri sunarak ilgili alt yap\u0131lar bir \u00fcst seviyeye ta\u015f\u0131nmaktad\u0131r. Modern a\u011f yaz\u0131l\u0131m\u0131 \u00e7\u00f6z\u00fcmleriyle, a\u011f\u0131n\u0131za daha fazla&#8230;<\/p>","protected":false},"author":1,"featured_media":0,"parent":465,"menu_order":0,"comment_status":"closed","ping_status":"closed","template":"","meta":{"_monsterinsights_skip_tracking":false,"_monsterinsights_sitenote_active":false,"_monsterinsights_sitenote_note":"","_monsterinsights_sitenote_category":0,"footnotes":""},"class_list":["post-994347","page","type-page","status-publish","hentry"],"yoast_head":"<!-- This site is optimized with the Yoast SEO Premium plugin v25.9 (Yoast SEO v25.9) - https:\/\/yoast.com\/wordpress\/plugins\/seo\/ -->\n<title>A\u011f Teknolojileri Yaz\u0131l\u0131m Geli\u015ftirme \u00c7\u00f6z\u00fcmleri - Morten<\/title>\n<meta name=\"description\" content=\"A\u011f Teknolojileri Yaz\u0131l\u0131m Geli\u015ftirme \u00c7\u00f6z\u00fcmleri - Morten\" \/>\n<meta name=\"robots\" content=\"index, follow, max-snippet:-1, max-image-preview:large, max-video-preview:-1\" \/>\n<link rel=\"canonical\" href=\"https:\/\/www.morten.com.tr\/en\/cozumlerimiz\/ag-teknolojileri-yazilim-gelistirme-cozumleri\/\" \/>\n<meta property=\"og:locale\" content=\"en_US\" \/>\n<meta property=\"og:type\" content=\"article\" \/>\n<meta property=\"og:title\" content=\"A\u011f Teknolojileri Yaz\u0131l\u0131m Geli\u015ftirme \u00c7\u00f6z\u00fcmleri\" \/>\n<meta property=\"og:description\" content=\"A\u011f Teknolojileri Yaz\u0131l\u0131m Geli\u015ftirme \u00c7\u00f6z\u00fcmleri - Morten\" \/>\n<meta property=\"og:url\" content=\"https:\/\/www.morten.com.tr\/en\/cozumlerimiz\/ag-teknolojileri-yazilim-gelistirme-cozumleri\/\" \/>\n<meta property=\"og:site_name\" content=\"Morten\" \/>\n<meta property=\"article:publisher\" content=\"https:\/\/www.facebook.com\/BTEgitimMorten\" \/>\n<meta property=\"article:modified_time\" content=\"2025-01-27T10:55:21+00:00\" \/>\n<meta name=\"twitter:card\" content=\"summary_large_image\" \/>\n<meta name=\"twitter:label1\" content=\"Est. reading time\" \/>\n\t<meta name=\"twitter:data1\" content=\"1 minute\" \/>\n<script type=\"application\/ld+json\" class=\"yoast-schema-graph\">{\"@context\":\"https:\/\/schema.org\",\"@graph\":[{\"@type\":\"WebPage\",\"@id\":\"https:\/\/www.morten.com.tr\/cozumlerimiz\/ag-teknolojileri-yazilim-gelistirme-cozumleri\/\",\"url\":\"https:\/\/www.morten.com.tr\/cozumlerimiz\/ag-teknolojileri-yazilim-gelistirme-cozumleri\/\",\"name\":\"A\u011f Teknolojileri Yaz\u0131l\u0131m Geli\u015ftirme \u00c7\u00f6z\u00fcmleri - Morten\",\"isPartOf\":{\"@id\":\"https:\/\/www.morten.com.tr\/#website\"},\"datePublished\":\"2025-01-03T07:15:39+00:00\",\"dateModified\":\"2025-01-27T10:55:21+00:00\",\"description\":\"A\u011f Teknolojileri Yaz\u0131l\u0131m Geli\u015ftirme \u00c7\u00f6z\u00fcmleri - Morten\",\"breadcrumb\":{\"@id\":\"https:\/\/www.morten.com.tr\/cozumlerimiz\/ag-teknolojileri-yazilim-gelistirme-cozumleri\/#breadcrumb\"},\"inLanguage\":\"en-US\",\"potentialAction\":[{\"@type\":\"ReadAction\",\"target\":[\"https:\/\/www.morten.com.tr\/cozumlerimiz\/ag-teknolojileri-yazilim-gelistirme-cozumleri\/\"]}]},{\"@type\":\"BreadcrumbList\",\"@id\":\"https:\/\/www.morten.com.tr\/cozumlerimiz\/ag-teknolojileri-yazilim-gelistirme-cozumleri\/#breadcrumb\",\"itemListElement\":[{\"@type\":\"ListItem\",\"position\":1,\"name\":\"Home\",\"item\":\"https:\/\/www.morten.com.tr\/\"},{\"@type\":\"ListItem\",\"position\":2,\"name\":\"\u00c7\u00f6z\u00fcmlerimizY\u00f6nlendirme\",\"item\":\"https:\/\/morten.com.tr\/cozumlerimiz\/\"},{\"@type\":\"ListItem\",\"position\":3,\"name\":\"A\u011f Teknolojileri Yaz\u0131l\u0131m Geli\u015ftirme \u00c7\u00f6z\u00fcmleri\"}]},{\"@type\":\"WebSite\",\"@id\":\"https:\/\/www.morten.com.tr\/#website\",\"url\":\"https:\/\/www.morten.com.tr\/\",\"name\":\"Morten\",\"description\":\"\",\"publisher\":{\"@id\":\"https:\/\/www.morten.com.tr\/#organization\"},\"potentialAction\":[{\"@type\":\"SearchAction\",\"target\":{\"@type\":\"EntryPoint\",\"urlTemplate\":\"https:\/\/www.morten.com.tr\/?s={search_term_string}\"},\"query-input\":{\"@type\":\"PropertyValueSpecification\",\"valueRequired\":true,\"valueName\":\"search_term_string\"}}],\"inLanguage\":\"en-US\"},{\"@type\":\"Organization\",\"@id\":\"https:\/\/www.morten.com.tr\/#organization\",\"name\":\"Morten Bilgi ve \u0130leti\u015fim Hizmetleri A.\u015e.\",\"alternateName\":\"Morten\",\"url\":\"https:\/\/www.morten.com.tr\/\",\"logo\":{\"@type\":\"ImageObject\",\"inLanguage\":\"en-US\",\"@id\":\"https:\/\/www.morten.com.tr\/#\/schema\/logo\/image\/\",\"url\":\"https:\/\/www.morten.com.tr\/wp-content\/uploads\/2024\/11\/mortenbt.webp\",\"contentUrl\":\"https:\/\/www.morten.com.tr\/wp-content\/uploads\/2024\/11\/mortenbt.webp\",\"width\":265,\"height\":116,\"caption\":\"Morten Bilgi ve \u0130leti\u015fim Hizmetleri A.\u015e.\"},\"image\":{\"@id\":\"https:\/\/www.morten.com.tr\/#\/schema\/logo\/image\/\"},\"sameAs\":[\"https:\/\/www.facebook.com\/BTEgitimMorten\"]}]}<\/script>\n<!-- \/ Yoast SEO Premium plugin. -->","yoast_head_json":{"title":"A\u011f Teknolojileri Yaz\u0131l\u0131m Geli\u015ftirme \u00c7\u00f6z\u00fcmleri - Morten","description":"A\u011f Teknolojileri Yaz\u0131l\u0131m Geli\u015ftirme \u00c7\u00f6z\u00fcmleri - Morten","robots":{"index":"index","follow":"follow","max-snippet":"max-snippet:-1","max-image-preview":"max-image-preview:large","max-video-preview":"max-video-preview:-1"},"canonical":"https:\/\/www.morten.com.tr\/en\/cozumlerimiz\/ag-teknolojileri-yazilim-gelistirme-cozumleri\/","og_locale":"en_US","og_type":"article","og_title":"A\u011f Teknolojileri Yaz\u0131l\u0131m Geli\u015ftirme \u00c7\u00f6z\u00fcmleri","og_description":"A\u011f Teknolojileri Yaz\u0131l\u0131m Geli\u015ftirme \u00c7\u00f6z\u00fcmleri - Morten","og_url":"https:\/\/www.morten.com.tr\/en\/cozumlerimiz\/ag-teknolojileri-yazilim-gelistirme-cozumleri\/","og_site_name":"Morten","article_publisher":"https:\/\/www.facebook.com\/BTEgitimMorten","article_modified_time":"2025-01-27T10:55:21+00:00","twitter_card":"summary_large_image","twitter_misc":{"Est. reading time":"1 minute"},"schema":{"@context":"https:\/\/schema.org","@graph":[{"@type":"WebPage","@id":"https:\/\/www.morten.com.tr\/cozumlerimiz\/ag-teknolojileri-yazilim-gelistirme-cozumleri\/","url":"https:\/\/www.morten.com.tr\/cozumlerimiz\/ag-teknolojileri-yazilim-gelistirme-cozumleri\/","name":"A\u011f Teknolojileri Yaz\u0131l\u0131m Geli\u015ftirme \u00c7\u00f6z\u00fcmleri - Morten","isPartOf":{"@id":"https:\/\/www.morten.com.tr\/#website"},"datePublished":"2025-01-03T07:15:39+00:00","dateModified":"2025-01-27T10:55:21+00:00","description":"A\u011f Teknolojileri Yaz\u0131l\u0131m Geli\u015ftirme \u00c7\u00f6z\u00fcmleri - Morten","breadcrumb":{"@id":"https:\/\/www.morten.com.tr\/cozumlerimiz\/ag-teknolojileri-yazilim-gelistirme-cozumleri\/#breadcrumb"},"inLanguage":"en-US","potentialAction":[{"@type":"ReadAction","target":["https:\/\/www.morten.com.tr\/cozumlerimiz\/ag-teknolojileri-yazilim-gelistirme-cozumleri\/"]}]},{"@type":"BreadcrumbList","@id":"https:\/\/www.morten.com.tr\/cozumlerimiz\/ag-teknolojileri-yazilim-gelistirme-cozumleri\/#breadcrumb","itemListElement":[{"@type":"ListItem","position":1,"name":"Home","item":"https:\/\/www.morten.com.tr\/"},{"@type":"ListItem","position":2,"name":"\u00c7\u00f6z\u00fcmlerimizY\u00f6nlendirme","item":"https:\/\/morten.com.tr\/cozumlerimiz\/"},{"@type":"ListItem","position":3,"name":"A\u011f Teknolojileri Yaz\u0131l\u0131m Geli\u015ftirme \u00c7\u00f6z\u00fcmleri"}]},{"@type":"WebSite","@id":"https:\/\/www.morten.com.tr\/#website","url":"https:\/\/www.morten.com.tr\/","name":"Morten","description":"","publisher":{"@id":"https:\/\/www.morten.com.tr\/#organization"},"potentialAction":[{"@type":"SearchAction","target":{"@type":"EntryPoint","urlTemplate":"https:\/\/www.morten.com.tr\/?s={search_term_string}"},"query-input":{"@type":"PropertyValueSpecification","valueRequired":true,"valueName":"search_term_string"}}],"inLanguage":"en-US"},{"@type":"Organization","@id":"https:\/\/www.morten.com.tr\/#organization","name":"Morten Information and Communication Services Inc.","alternateName":"Morten","url":"https:\/\/www.morten.com.tr\/","logo":{"@type":"ImageObject","inLanguage":"en-US","@id":"https:\/\/www.morten.com.tr\/#\/schema\/logo\/image\/","url":"https:\/\/www.morten.com.tr\/wp-content\/uploads\/2024\/11\/mortenbt.webp","contentUrl":"https:\/\/www.morten.com.tr\/wp-content\/uploads\/2024\/11\/mortenbt.webp","width":265,"height":116,"caption":"Morten Bilgi ve \u0130leti\u015fim Hizmetleri A.\u015e."},"image":{"@id":"https:\/\/www.morten.com.tr\/#\/schema\/logo\/image\/"},"sameAs":["https:\/\/www.facebook.com\/BTEgitimMorten"]}]}},"_links":{"self":[{"href":"https:\/\/www.morten.com.tr\/en\/wp-json\/wp\/v2\/pages\/994347"}],"collection":[{"href":"https:\/\/www.morten.com.tr\/en\/wp-json\/wp\/v2\/pages"}],"about":[{"href":"https:\/\/www.morten.com.tr\/en\/wp-json\/wp\/v2\/types\/page"}],"author":[{"embeddable":true,"href":"https:\/\/www.morten.com.tr\/en\/wp-json\/wp\/v2\/users\/1"}],"replies":[{"embeddable":true,"href":"https:\/\/www.morten.com.tr\/en\/wp-json\/wp\/v2\/comments?post=994347"}],"version-history":[{"count":43,"href":"https:\/\/www.morten.com.tr\/en\/wp-json\/wp\/v2\/pages\/994347\/revisions"}],"predecessor-version":[{"id":995657,"href":"https:\/\/www.morten.com.tr\/en\/wp-json\/wp\/v2\/pages\/994347\/revisions\/995657"}],"up":[{"embeddable":true,"href":"https:\/\/www.morten.com.tr\/en\/wp-json\/wp\/v2\/pages\/465"}],"wp:attachment":[{"href":"https:\/\/www.morten.com.tr\/en\/wp-json\/wp\/v2\/media?parent=994347"}],"curies":[{"name":"wp","href":"https:\/\/api.w.org\/{rel}","templated":true}]}}