{"id":996701,"date":"2025-04-07T16:04:38","date_gmt":"2025-04-07T13:04:38","guid":{"rendered":"https:\/\/morten.com.tr\/?page_id=996701"},"modified":"2026-02-16T14:56:49","modified_gmt":"2026-02-16T11:56:49","slug":"implementing-and-administering-cisco-solutions-ccna-2","status":"publish","type":"page","link":"https:\/\/www.morten.com.tr\/en\/egitim-takvimi\/implementing-and-administering-cisco-solutions-ccna-2\/","title":{"rendered":"Implementing and Administering Cisco Solutions (CCNA)"},"content":{"rendered":"<div data-elementor-type=\"wp-page\" data-elementor-id=\"996701\" class=\"elementor elementor-996701\" data-elementor-post-type=\"page\">\n\t\t\t\t\t\t<section class=\"elementor-section elementor-top-section elementor-element elementor-element-29c13e40 elementor-section-stretched elementor-section-boxed elementor-section-height-default elementor-section-height-default\" data-id=\"29c13e40\" data-element_type=\"section\" data-e-type=\"section\" data-settings=\"{&quot;stretch_section&quot;:&quot;section-stretched&quot;}\">\n\t\t\t\t\t\t<div class=\"elementor-container elementor-column-gap-no\">\n\t\t\t\t\t<div class=\"elementor-column elementor-col-50 elementor-top-column elementor-element elementor-element-37fbd0d1\" data-id=\"37fbd0d1\" data-element_type=\"column\" data-e-type=\"column\">\n\t\t\t<div class=\"elementor-widget-wrap elementor-element-populated\">\n\t\t\t\t\t\t<div class=\"elementor-element elementor-element-7562a2c5 elementor-widget elementor-widget-spacer\" data-id=\"7562a2c5\" data-element_type=\"widget\" data-e-type=\"widget\" data-widget_type=\"spacer.default\">\n\t\t\t\t<div class=\"elementor-widget-container\">\n\t\t\t\t\t\t\t<div class=\"elementor-spacer\">\n\t\t\t<div class=\"elementor-spacer-inner\"><\/div>\n\t\t<\/div>\n\t\t\t\t\t\t<\/div>\n\t\t\t\t<\/div>\n\t\t\t\t<section class=\"elementor-section elementor-inner-section elementor-element elementor-element-173e4248 elementor-section-full_width elementor-section-height-default elementor-section-height-default\" data-id=\"173e4248\" data-element_type=\"section\" data-e-type=\"section\" data-settings=\"{&quot;background_background&quot;:&quot;classic&quot;}\">\n\t\t\t\t\t\t<div class=\"elementor-container elementor-column-gap-no\">\n\t\t\t\t\t<div class=\"elementor-column elementor-col-100 elementor-inner-column elementor-element elementor-element-656d7d36\" data-id=\"656d7d36\" data-element_type=\"column\" data-e-type=\"column\">\n\t\t\t<div class=\"elementor-widget-wrap elementor-element-populated\">\n\t\t\t\t\t\t<div class=\"elementor-element elementor-element-4ddc75e7 elementor-widget elementor-widget-heading\" data-id=\"4ddc75e7\" data-element_type=\"widget\" data-e-type=\"widget\" data-widget_type=\"heading.default\">\n\t\t\t\t<div class=\"elementor-widget-container\">\n\t\t\t\t\t<h5 class=\"elementor-heading-title elementor-size-default\">Distance Learning<\/h5>\t\t\t\t<\/div>\n\t\t\t\t<\/div>\n\t\t\t\t<div class=\"elementor-element elementor-element-3b17d9fd elementor-widget elementor-widget-text-editor\" data-id=\"3b17d9fd\" data-element_type=\"widget\" data-e-type=\"widget\" data-widget_type=\"text-editor.default\">\n\t\t\t\t<div class=\"elementor-widget-container\">\n\t\t\t\t\t\t\t\t\t<p>9\/3\/2026<\/p>\t\t\t\t\t\t\t\t<\/div>\n\t\t\t\t<\/div>\n\t\t\t\t<div class=\"vamtam-has-theme-widget-styles elementor-element elementor-element-812fc59 elementor-widget elementor-widget-button\" data-id=\"812fc59\" data-element_type=\"widget\" data-e-type=\"widget\" data-widget_type=\"button.default\">\n\t\t\t\t<div class=\"elementor-widget-container\">\n\t\t\t\t\t\t\t\t\t<div class=\"elementor-button-wrapper\">\n\t\t\t\t\t<a class=\"elementor-button elementor-button-link elementor-size-sm\" href=\"tel:3036233127\">\n\t\t\t\t\t\t<span class=\"elementor-button-content-wrapper\">\n\t\t\t\t\t\t\t\t\t<span class=\"elementor-button-text\">09:30-16:30<\/span>\n\t\t\t\t\t<\/span>\n\t\t\t\t\t<\/a>\n\t\t\t\t<\/div>\n\t\t\t\t\t\t\t\t<\/div>\n\t\t\t\t<\/div>\n\t\t\t\t<div class=\"elementor-element elementor-element-791b0433 elementor-widget elementor-widget-text-editor\" data-id=\"791b0433\" data-element_type=\"widget\" data-e-type=\"widget\" data-widget_type=\"text-editor.default\">\n\t\t\t\t<div class=\"elementor-widget-container\">\n\t\t\t\t\t\t\t\t\t<p>Language of instruction: Turkish<\/p>\t\t\t\t\t\t\t\t<\/div>\n\t\t\t\t<\/div>\n\t\t\t\t<div class=\"vamtam-has-theme-widget-styles elementor-element elementor-element-39ab1a29 elementor-widget elementor-widget-button\" data-id=\"39ab1a29\" data-element_type=\"widget\" data-e-type=\"widget\" data-widget_type=\"button.default\">\n\t\t\t\t<div class=\"elementor-widget-container\">\n\t\t\t\t\t\t\t\t\t<div class=\"elementor-button-wrapper\">\n\t\t\t\t\t<a class=\"elementor-button elementor-button-link elementor-size-sm\" href=\"#elementor-action%3Aaction%3Dpopup%3Aopen%26settings%3DeyJpZCI6Ijc3MTgiLCJ0b2dnbGUiOmZhbHNlLCJhbGlnbl93aXRoX3BhcmVudCI6IiJ9\">\n\t\t\t\t\t\t<span class=\"elementor-button-content-wrapper\">\n\t\t\t\t\t\t\t\t\t<span class=\"elementor-button-text\">Sign up<\/span>\n\t\t\t\t\t<\/span>\n\t\t\t\t\t<\/a>\n\t\t\t\t<\/div>\n\t\t\t\t\t\t\t\t<\/div>\n\t\t\t\t<\/div>\n\t\t\t\t\t<\/div>\n\t\t<\/div>\n\t\t\t\t\t<\/div>\n\t\t<\/section>\n\t\t\t\t\t<\/div>\n\t\t<\/div>\n\t\t\t\t<div class=\"elementor-column elementor-col-50 elementor-top-column elementor-element elementor-element-433cd91c\" data-id=\"433cd91c\" data-element_type=\"column\" data-e-type=\"column\">\n\t\t\t<div class=\"elementor-widget-wrap elementor-element-populated\">\n\t\t\t\t\t\t<div class=\"elementor-element elementor-element-301fbcf elementor-widget elementor-widget-text-editor\" data-id=\"301fbcf\" data-element_type=\"widget\" data-e-type=\"widget\" data-widget_type=\"text-editor.default\">\n\t\t\t\t<div class=\"elementor-widget-container\">\n\t\t\t\t\t\t\t\t\t<p><strong>About Education<\/strong><\/p><p><strong>Implementing and Administering Cisco Solutions (CCNA)<\/strong>\u00a0e\u011fitimi, temel bir IPv4 ve IPv6 a\u011f\u0131 kurmay\u0131, i\u015fletmeyi, yap\u0131land\u0131rmay\u0131 ve do\u011frulamay\u0131; switch, router ve kablosuz yerel alan a\u011f\u0131 (WLAN) denetleyicileri gibi a\u011f bile\u015fenlerini yap\u0131land\u0131rmay\u0131; a\u011f cihazlar\u0131n\u0131 y\u00f6netmeyi ve temel g\u00fcvenlik tehditlerini tan\u0131mlamay\u0131 \u00f6\u011fretir. Ayr\u0131ca, bu e\u011fitim a\u011f operasyonlar\u0131nda yapay zeka (AI) ve makine \u00f6\u011freniminin (ML) kullan\u0131m\u0131na da giri\u015f yapar.<\/p><p>This is education,\u00a0<strong>Cisco Certified Network Associate (200-301 CCNA) v1.1<\/strong>\u00a0s\u0131nav\u0131na haz\u0131rlanman\u0131za yard\u0131mc\u0131 olur. S\u0131nav\u0131 ba\u015far\u0131yla ge\u00e7erseniz,\u00a0<strong>CCNA sertifikas\u0131<\/strong>\u00a0kazanmaya hak kazan\u0131rs\u0131n\u0131z.<\/p><p><strong>Prerequisites<\/strong><\/p><p>The knowledge and skills you are expected to have before attending this training are as follows<\/p><ul><li>Basic computer literacy<\/li><li>Basic PC operating system navigation skills<\/li><li>Basic internet usage skills<\/li><li>Basic IP address information<\/li><\/ul><p><strong>Duration of Training<\/strong><\/p><p><strong>Toplam S\u00fcre:<\/strong>\u00a05 G\u00fcn (G\u00fcnde 6 saat)<br \/><strong>Toplam E\u011fitim Saati:<\/strong>\u00a030 saat<br \/><strong>E\u011fitim Format\u0131:<\/strong>\u00a0Uygulamal\u0131 ve interaktif y\u00fcz y\u00fcze \/online ortam<\/p><p><strong>Who Should Participate?<\/strong><\/p><ul><li>Entry Level Network Engineers<\/li><li>Entry Level Network Administrators<\/li><li>Entry Level Network Support Technicians<\/li><li>Entry Level Helpdesk Technicians<\/li><\/ul>\t\t\t\t\t\t\t\t<\/div>\n\t\t\t\t<\/div>\n\t\t\t\t\t<\/div>\n\t\t<\/div>\n\t\t\t\t\t<\/div>\n\t\t<\/section>\n\t\t<div class=\"elementor-element elementor-element-67f8529 e-flex e-con-boxed e-con e-parent\" data-id=\"67f8529\" data-element_type=\"container\" data-e-type=\"container\">\n\t\t\t\t\t<div class=\"e-con-inner\">\n\t\t\t\t<div class=\"elementor-element elementor-element-21f8c1c elementor-widget elementor-widget-text-editor\" data-id=\"21f8c1c\" data-element_type=\"widget\" data-e-type=\"widget\" data-widget_type=\"text-editor.default\">\n\t\t\t\t<div class=\"elementor-widget-container\">\n\t\t\t\t\t\t\t\t\t<p><strong>Educational Content<\/strong><\/p><ul><li>Exploring Network Functions<\/li><li>Introducing the Host-to-Host Communication Model<\/li><li>Running Cisco IOS Software<\/li><li>Introducing LANs<\/li><li>Exploring the TCP\/IP Link Layer<\/li><li>Switch Initialization<\/li><li>Introducing TCP\/IP Internet Layer, IPv4 Addressing and Subnets<\/li><li>TCP\/IP Transport Layer and Application Layer Description<\/li><li>Exploring Routing Functions<\/li><li>Cisco Router Configuration<\/li><li>Exploring the Package Delivery Process<\/li><li>Debugging a Simple Network<\/li><li>Introducing Basic IPv6<\/li><li>Static Routing Configuration<\/li><li>VLAN and Trunk Application<\/li><li>Routing Between VLANs<\/li><li>Introducing OSPF<\/li><li>Creating Redundant Switch Topologies<\/li><li>Optimizing Redundant Switch Topologies with EtherChannel<\/li><li>Explaining ACL Basics<\/li><li>Enabling Internet Connection<\/li><li>Introducing AI and ML in Network Operations<\/li><li>Introducing System Monitoring<\/li><li>Managing Cisco Devices<\/li><li>Securing Management Access<\/li><li>Device Hardening Application<\/li><li>Exploring Layer 3 Redundancy<\/li><li>Introducing WAN Technologies<\/li><li>Introducing QoS<\/li><li>Explaining Wireless Basics<\/li><li>Introducing Architectures and Virtualization<\/li><li>Software Defined Networks Description<\/li><li>Introducing Network Programmability<\/li><li>Examining the Security Threat Landscape<\/li><li>Implementing Threat Defense Technologies<\/li><\/ul><p><strong>Individual Study Topics<\/strong><\/p><ul><li>Building Redundant Switching Topologies<\/li><li>Layer 3 Redundancy and High Availability<\/li><li>Wireless Network Technologies and Virtualization<\/li><li>Implementation of Threat Defense Technologies<\/li><\/ul><p><strong>What You Will Gain at the End of Training<\/strong><\/p><ul><li><strong>CCNA Certificate<\/strong>: You will be ready for the 200-301 exam.<\/li><li><strong>Strong Technical Foundation<\/strong>: You will gain competence in the installation, management and security of network infrastructures.<\/li><li><strong>Practical Experience<\/strong>: You will improve your skills with real-life applications.<\/li><\/ul>\t\t\t\t\t\t\t\t<\/div>\n\t\t\t\t<\/div>\n\t\t\t\t\t<\/div>\n\t\t\t\t<\/div>\n\t\t\t\t<\/div>","protected":false},"excerpt":{"rendered":"<p>E\u011fitimTakvimi<\/p>","protected":false},"author":10,"featured_media":7567,"parent":1312,"menu_order":0,"comment_status":"closed","ping_status":"closed","template":"","meta":{"_monsterinsights_skip_tracking":false,"_monsterinsights_sitenote_active":false,"_monsterinsights_sitenote_note":"","_monsterinsights_sitenote_category":0,"footnotes":""},"class_list":["post-996701","page","type-page","status-publish","has-post-thumbnail","hentry"],"yoast_head":"<!-- This site is optimized with the Yoast SEO Premium plugin v25.9 (Yoast SEO v25.9) - https:\/\/yoast.com\/wordpress\/plugins\/seo\/ -->\n<title>Implementing and Administering Cisco Solutions (CCNA) - Morten<\/title>\n<meta name=\"description\" content=\"Implementing and Administering Cisco Solutions (CCNA) - Morten\" \/>\n<meta name=\"robots\" content=\"index, follow, max-snippet:-1, max-image-preview:large, max-video-preview:-1\" \/>\n<link rel=\"canonical\" href=\"https:\/\/www.morten.com.tr\/en\/egitim-takvimi\/implementing-and-administering-cisco-solutions-ccna-2\/\" \/>\n<meta property=\"og:locale\" content=\"en_US\" \/>\n<meta property=\"og:type\" content=\"article\" \/>\n<meta property=\"og:title\" content=\"Implementing and Administering Cisco Solutions (CCNA)\" \/>\n<meta property=\"og:description\" content=\"Implementing and Administering Cisco Solutions (CCNA) - Morten\" \/>\n<meta property=\"og:url\" content=\"https:\/\/www.morten.com.tr\/en\/egitim-takvimi\/implementing-and-administering-cisco-solutions-ccna-2\/\" \/>\n<meta property=\"og:site_name\" content=\"Morten\" \/>\n<meta property=\"article:publisher\" content=\"https:\/\/www.facebook.com\/BTEgitimMorten\" \/>\n<meta property=\"article:modified_time\" content=\"2026-02-16T11:56:49+00:00\" \/>\n<meta property=\"og:image\" content=\"https:\/\/www.morten.com.tr\/wp-content\/uploads\/2023\/04\/evangeline-shaw-BdV23FLkmxQ-unsplash.jpg\" \/>\n\t<meta property=\"og:image:width\" content=\"740\" \/>\n\t<meta property=\"og:image:height\" content=\"412\" \/>\n\t<meta property=\"og:image:type\" content=\"image\/jpeg\" \/>\n<meta name=\"twitter:card\" content=\"summary_large_image\" \/>\n<meta name=\"twitter:label1\" content=\"Est. reading time\" \/>\n\t<meta name=\"twitter:data1\" content=\"2 minutes\" \/>\n<script type=\"application\/ld+json\" class=\"yoast-schema-graph\">{\"@context\":\"https:\/\/schema.org\",\"@graph\":[{\"@type\":\"WebPage\",\"@id\":\"https:\/\/www.morten.com.tr\/egitim-takvimi\/implementing-and-administering-cisco-solutions-ccna-2\/\",\"url\":\"https:\/\/www.morten.com.tr\/egitim-takvimi\/implementing-and-administering-cisco-solutions-ccna-2\/\",\"name\":\"Implementing and Administering Cisco Solutions (CCNA) - Morten\",\"isPartOf\":{\"@id\":\"https:\/\/www.morten.com.tr\/#website\"},\"primaryImageOfPage\":{\"@id\":\"https:\/\/www.morten.com.tr\/egitim-takvimi\/implementing-and-administering-cisco-solutions-ccna-2\/#primaryimage\"},\"image\":{\"@id\":\"https:\/\/www.morten.com.tr\/egitim-takvimi\/implementing-and-administering-cisco-solutions-ccna-2\/#primaryimage\"},\"thumbnailUrl\":\"https:\/\/www.morten.com.tr\/wp-content\/uploads\/2023\/04\/evangeline-shaw-BdV23FLkmxQ-unsplash.jpg\",\"datePublished\":\"2025-04-07T13:04:38+00:00\",\"dateModified\":\"2026-02-16T11:56:49+00:00\",\"description\":\"Implementing and Administering Cisco Solutions (CCNA) - Morten\",\"breadcrumb\":{\"@id\":\"https:\/\/www.morten.com.tr\/egitim-takvimi\/implementing-and-administering-cisco-solutions-ccna-2\/#breadcrumb\"},\"inLanguage\":\"en-US\",\"potentialAction\":[{\"@type\":\"ReadAction\",\"target\":[\"https:\/\/www.morten.com.tr\/egitim-takvimi\/implementing-and-administering-cisco-solutions-ccna-2\/\"]}]},{\"@type\":\"ImageObject\",\"inLanguage\":\"en-US\",\"@id\":\"https:\/\/www.morten.com.tr\/egitim-takvimi\/implementing-and-administering-cisco-solutions-ccna-2\/#primaryimage\",\"url\":\"https:\/\/www.morten.com.tr\/wp-content\/uploads\/2023\/04\/evangeline-shaw-BdV23FLkmxQ-unsplash.jpg\",\"contentUrl\":\"https:\/\/www.morten.com.tr\/wp-content\/uploads\/2023\/04\/evangeline-shaw-BdV23FLkmxQ-unsplash.jpg\",\"width\":740,\"height\":412},{\"@type\":\"BreadcrumbList\",\"@id\":\"https:\/\/www.morten.com.tr\/egitim-takvimi\/implementing-and-administering-cisco-solutions-ccna-2\/#breadcrumb\",\"itemListElement\":[{\"@type\":\"ListItem\",\"position\":1,\"name\":\"Home\",\"item\":\"https:\/\/www.morten.com.tr\/\"},{\"@type\":\"ListItem\",\"position\":2,\"name\":\"E\u011fitim Takvimi\",\"item\":\"https:\/\/www.morten.com.tr\/egitim-takvimi\/\"},{\"@type\":\"ListItem\",\"position\":3,\"name\":\"Implementing and Administering Cisco Solutions (CCNA)\"}]},{\"@type\":\"WebSite\",\"@id\":\"https:\/\/www.morten.com.tr\/#website\",\"url\":\"https:\/\/www.morten.com.tr\/\",\"name\":\"Morten\",\"description\":\"\",\"publisher\":{\"@id\":\"https:\/\/www.morten.com.tr\/#organization\"},\"potentialAction\":[{\"@type\":\"SearchAction\",\"target\":{\"@type\":\"EntryPoint\",\"urlTemplate\":\"https:\/\/www.morten.com.tr\/?s={search_term_string}\"},\"query-input\":{\"@type\":\"PropertyValueSpecification\",\"valueRequired\":true,\"valueName\":\"search_term_string\"}}],\"inLanguage\":\"en-US\"},{\"@type\":\"Organization\",\"@id\":\"https:\/\/www.morten.com.tr\/#organization\",\"name\":\"Morten Bilgi ve \u0130leti\u015fim Hizmetleri A.\u015e.\",\"alternateName\":\"Morten\",\"url\":\"https:\/\/www.morten.com.tr\/\",\"logo\":{\"@type\":\"ImageObject\",\"inLanguage\":\"en-US\",\"@id\":\"https:\/\/www.morten.com.tr\/#\/schema\/logo\/image\/\",\"url\":\"https:\/\/www.morten.com.tr\/wp-content\/uploads\/2024\/11\/mortenbt.webp\",\"contentUrl\":\"https:\/\/www.morten.com.tr\/wp-content\/uploads\/2024\/11\/mortenbt.webp\",\"width\":265,\"height\":116,\"caption\":\"Morten Bilgi ve \u0130leti\u015fim Hizmetleri A.\u015e.\"},\"image\":{\"@id\":\"https:\/\/www.morten.com.tr\/#\/schema\/logo\/image\/\"},\"sameAs\":[\"https:\/\/www.facebook.com\/BTEgitimMorten\"]}]}<\/script>\n<!-- \/ Yoast SEO Premium plugin. -->","yoast_head_json":{"title":"Implementing and Administering Cisco Solutions (CCNA) - Morten","description":"Implementing and Administering Cisco Solutions (CCNA) - Morten","robots":{"index":"index","follow":"follow","max-snippet":"max-snippet:-1","max-image-preview":"max-image-preview:large","max-video-preview":"max-video-preview:-1"},"canonical":"https:\/\/www.morten.com.tr\/en\/egitim-takvimi\/implementing-and-administering-cisco-solutions-ccna-2\/","og_locale":"en_US","og_type":"article","og_title":"Implementing and Administering Cisco Solutions (CCNA)","og_description":"Implementing and Administering Cisco Solutions (CCNA) - Morten","og_url":"https:\/\/www.morten.com.tr\/en\/egitim-takvimi\/implementing-and-administering-cisco-solutions-ccna-2\/","og_site_name":"Morten","article_publisher":"https:\/\/www.facebook.com\/BTEgitimMorten","article_modified_time":"2026-02-16T11:56:49+00:00","og_image":[{"width":740,"height":412,"url":"https:\/\/www.morten.com.tr\/wp-content\/uploads\/2023\/04\/evangeline-shaw-BdV23FLkmxQ-unsplash.jpg","type":"image\/jpeg"}],"twitter_card":"summary_large_image","twitter_misc":{"Est. reading time":"2 minutes"},"schema":{"@context":"https:\/\/schema.org","@graph":[{"@type":"WebPage","@id":"https:\/\/www.morten.com.tr\/egitim-takvimi\/implementing-and-administering-cisco-solutions-ccna-2\/","url":"https:\/\/www.morten.com.tr\/egitim-takvimi\/implementing-and-administering-cisco-solutions-ccna-2\/","name":"Implementing and Administering Cisco Solutions (CCNA) - Morten","isPartOf":{"@id":"https:\/\/www.morten.com.tr\/#website"},"primaryImageOfPage":{"@id":"https:\/\/www.morten.com.tr\/egitim-takvimi\/implementing-and-administering-cisco-solutions-ccna-2\/#primaryimage"},"image":{"@id":"https:\/\/www.morten.com.tr\/egitim-takvimi\/implementing-and-administering-cisco-solutions-ccna-2\/#primaryimage"},"thumbnailUrl":"https:\/\/www.morten.com.tr\/wp-content\/uploads\/2023\/04\/evangeline-shaw-BdV23FLkmxQ-unsplash.jpg","datePublished":"2025-04-07T13:04:38+00:00","dateModified":"2026-02-16T11:56:49+00:00","description":"Implementing and Administering Cisco Solutions (CCNA) - Morten","breadcrumb":{"@id":"https:\/\/www.morten.com.tr\/egitim-takvimi\/implementing-and-administering-cisco-solutions-ccna-2\/#breadcrumb"},"inLanguage":"en-US","potentialAction":[{"@type":"ReadAction","target":["https:\/\/www.morten.com.tr\/egitim-takvimi\/implementing-and-administering-cisco-solutions-ccna-2\/"]}]},{"@type":"ImageObject","inLanguage":"en-US","@id":"https:\/\/www.morten.com.tr\/egitim-takvimi\/implementing-and-administering-cisco-solutions-ccna-2\/#primaryimage","url":"https:\/\/www.morten.com.tr\/wp-content\/uploads\/2023\/04\/evangeline-shaw-BdV23FLkmxQ-unsplash.jpg","contentUrl":"https:\/\/www.morten.com.tr\/wp-content\/uploads\/2023\/04\/evangeline-shaw-BdV23FLkmxQ-unsplash.jpg","width":740,"height":412},{"@type":"BreadcrumbList","@id":"https:\/\/www.morten.com.tr\/egitim-takvimi\/implementing-and-administering-cisco-solutions-ccna-2\/#breadcrumb","itemListElement":[{"@type":"ListItem","position":1,"name":"Home","item":"https:\/\/www.morten.com.tr\/"},{"@type":"ListItem","position":2,"name":"E\u011fitim Takvimi","item":"https:\/\/www.morten.com.tr\/egitim-takvimi\/"},{"@type":"ListItem","position":3,"name":"Implementing and Administering Cisco Solutions (CCNA)"}]},{"@type":"WebSite","@id":"https:\/\/www.morten.com.tr\/#website","url":"https:\/\/www.morten.com.tr\/","name":"Morten","description":"","publisher":{"@id":"https:\/\/www.morten.com.tr\/#organization"},"potentialAction":[{"@type":"SearchAction","target":{"@type":"EntryPoint","urlTemplate":"https:\/\/www.morten.com.tr\/?s={search_term_string}"},"query-input":{"@type":"PropertyValueSpecification","valueRequired":true,"valueName":"search_term_string"}}],"inLanguage":"en-US"},{"@type":"Organization","@id":"https:\/\/www.morten.com.tr\/#organization","name":"Morten Information and Communication Services Inc.","alternateName":"Morten","url":"https:\/\/www.morten.com.tr\/","logo":{"@type":"ImageObject","inLanguage":"en-US","@id":"https:\/\/www.morten.com.tr\/#\/schema\/logo\/image\/","url":"https:\/\/www.morten.com.tr\/wp-content\/uploads\/2024\/11\/mortenbt.webp","contentUrl":"https:\/\/www.morten.com.tr\/wp-content\/uploads\/2024\/11\/mortenbt.webp","width":265,"height":116,"caption":"Morten Bilgi ve \u0130leti\u015fim Hizmetleri A.\u015e."},"image":{"@id":"https:\/\/www.morten.com.tr\/#\/schema\/logo\/image\/"},"sameAs":["https:\/\/www.facebook.com\/BTEgitimMorten"]}]}},"_links":{"self":[{"href":"https:\/\/www.morten.com.tr\/en\/wp-json\/wp\/v2\/pages\/996701"}],"collection":[{"href":"https:\/\/www.morten.com.tr\/en\/wp-json\/wp\/v2\/pages"}],"about":[{"href":"https:\/\/www.morten.com.tr\/en\/wp-json\/wp\/v2\/types\/page"}],"author":[{"embeddable":true,"href":"https:\/\/www.morten.com.tr\/en\/wp-json\/wp\/v2\/users\/10"}],"replies":[{"embeddable":true,"href":"https:\/\/www.morten.com.tr\/en\/wp-json\/wp\/v2\/comments?post=996701"}],"version-history":[{"count":35,"href":"https:\/\/www.morten.com.tr\/en\/wp-json\/wp\/v2\/pages\/996701\/revisions"}],"predecessor-version":[{"id":998001,"href":"https:\/\/www.morten.com.tr\/en\/wp-json\/wp\/v2\/pages\/996701\/revisions\/998001"}],"up":[{"embeddable":true,"href":"https:\/\/www.morten.com.tr\/en\/wp-json\/wp\/v2\/pages\/1312"}],"wp:featuredmedia":[{"embeddable":true,"href":"https:\/\/www.morten.com.tr\/en\/wp-json\/wp\/v2\/media\/7567"}],"wp:attachment":[{"href":"https:\/\/www.morten.com.tr\/en\/wp-json\/wp\/v2\/media?parent=996701"}],"curies":[{"name":"wp","href":"https:\/\/api.w.org\/{rel}","templated":true}]}}