{"id":996776,"date":"2025-04-07T16:45:57","date_gmt":"2025-04-07T13:45:57","guid":{"rendered":"https:\/\/morten.com.tr\/?page_id=996776"},"modified":"2026-04-06T12:18:51","modified_gmt":"2026-04-06T09:18:51","slug":"implementing-cisco-application-centric-infrastructure-dcaci-3","status":"publish","type":"page","link":"https:\/\/www.morten.com.tr\/en\/egitim-takvimi\/implementing-cisco-application-centric-infrastructure-dcaci-3\/","title":{"rendered":"Implementing Cisco Application Centric Infrastructure (DCACI)"},"content":{"rendered":"<div data-elementor-type=\"wp-page\" data-elementor-id=\"996776\" class=\"elementor elementor-996776\" data-elementor-post-type=\"page\">\n\t\t\t\t\t\t<section class=\"elementor-section elementor-top-section elementor-element elementor-element-29c13e40 elementor-section-stretched elementor-section-boxed elementor-section-height-default elementor-section-height-default\" data-id=\"29c13e40\" data-element_type=\"section\" data-e-type=\"section\" data-settings=\"{&quot;stretch_section&quot;:&quot;section-stretched&quot;}\">\n\t\t\t\t\t\t<div class=\"elementor-container elementor-column-gap-no\">\n\t\t\t\t\t<div class=\"elementor-column elementor-col-50 elementor-top-column elementor-element elementor-element-37fbd0d1\" data-id=\"37fbd0d1\" data-element_type=\"column\" data-e-type=\"column\">\n\t\t\t<div class=\"elementor-widget-wrap elementor-element-populated\">\n\t\t\t\t\t\t<div class=\"elementor-element elementor-element-7562a2c5 elementor-widget elementor-widget-spacer\" data-id=\"7562a2c5\" data-element_type=\"widget\" data-e-type=\"widget\" data-widget_type=\"spacer.default\">\n\t\t\t\t<div class=\"elementor-widget-container\">\n\t\t\t\t\t\t\t<div class=\"elementor-spacer\">\n\t\t\t<div class=\"elementor-spacer-inner\"><\/div>\n\t\t<\/div>\n\t\t\t\t\t\t<\/div>\n\t\t\t\t<\/div>\n\t\t\t\t<section class=\"elementor-section elementor-inner-section elementor-element elementor-element-173e4248 elementor-section-full_width elementor-section-height-default elementor-section-height-default\" data-id=\"173e4248\" data-element_type=\"section\" data-e-type=\"section\" data-settings=\"{&quot;background_background&quot;:&quot;classic&quot;}\">\n\t\t\t\t\t\t<div class=\"elementor-container elementor-column-gap-no\">\n\t\t\t\t\t<div class=\"elementor-column elementor-col-100 elementor-inner-column elementor-element elementor-element-656d7d36\" data-id=\"656d7d36\" data-element_type=\"column\" data-e-type=\"column\">\n\t\t\t<div class=\"elementor-widget-wrap elementor-element-populated\">\n\t\t\t\t\t\t<div class=\"elementor-element elementor-element-4ddc75e7 elementor-widget elementor-widget-heading\" data-id=\"4ddc75e7\" data-element_type=\"widget\" data-e-type=\"widget\" data-widget_type=\"heading.default\">\n\t\t\t\t<div class=\"elementor-widget-container\">\n\t\t\t\t\t<h5 class=\"elementor-heading-title elementor-size-default\">Distance Learning<\/h5>\t\t\t\t<\/div>\n\t\t\t\t<\/div>\n\t\t\t\t<div class=\"elementor-element elementor-element-3b17d9fd elementor-widget elementor-widget-text-editor\" data-id=\"3b17d9fd\" data-element_type=\"widget\" data-e-type=\"widget\" data-widget_type=\"text-editor.default\">\n\t\t\t\t<div class=\"elementor-widget-container\">\n\t\t\t\t\t\t\t\t\t<p>11\/06\/2026<\/p>\t\t\t\t\t\t\t\t<\/div>\n\t\t\t\t<\/div>\n\t\t\t\t<div class=\"vamtam-has-theme-widget-styles elementor-element elementor-element-812fc59 elementor-widget elementor-widget-button\" data-id=\"812fc59\" data-element_type=\"widget\" data-e-type=\"widget\" data-widget_type=\"button.default\">\n\t\t\t\t<div class=\"elementor-widget-container\">\n\t\t\t\t\t\t\t\t\t<div class=\"elementor-button-wrapper\">\n\t\t\t\t\t<a class=\"elementor-button elementor-button-link elementor-size-sm\" href=\"tel:3036233127\">\n\t\t\t\t\t\t<span class=\"elementor-button-content-wrapper\">\n\t\t\t\t\t\t\t\t\t<span class=\"elementor-button-text\">09:30-16:30<\/span>\n\t\t\t\t\t<\/span>\n\t\t\t\t\t<\/a>\n\t\t\t\t<\/div>\n\t\t\t\t\t\t\t\t<\/div>\n\t\t\t\t<\/div>\n\t\t\t\t<div class=\"elementor-element elementor-element-791b0433 elementor-widget elementor-widget-text-editor\" data-id=\"791b0433\" data-element_type=\"widget\" data-e-type=\"widget\" data-widget_type=\"text-editor.default\">\n\t\t\t\t<div class=\"elementor-widget-container\">\n\t\t\t\t\t\t\t\t\t<p>Language of instruction: Turkish<\/p>\t\t\t\t\t\t\t\t<\/div>\n\t\t\t\t<\/div>\n\t\t\t\t<div class=\"vamtam-has-theme-widget-styles elementor-element elementor-element-39ab1a29 elementor-widget elementor-widget-button\" data-id=\"39ab1a29\" data-element_type=\"widget\" data-e-type=\"widget\" data-widget_type=\"button.default\">\n\t\t\t\t<div class=\"elementor-widget-container\">\n\t\t\t\t\t\t\t\t\t<div class=\"elementor-button-wrapper\">\n\t\t\t\t\t<a class=\"elementor-button elementor-button-link elementor-size-sm\" href=\"#elementor-action%3Aaction%3Dpopup%3Aopen%26settings%3DeyJpZCI6Ijc3MTgiLCJ0b2dnbGUiOmZhbHNlLCJhbGlnbl93aXRoX3BhcmVudCI6IiJ9\">\n\t\t\t\t\t\t<span class=\"elementor-button-content-wrapper\">\n\t\t\t\t\t\t\t\t\t<span class=\"elementor-button-text\">Sign up<\/span>\n\t\t\t\t\t<\/span>\n\t\t\t\t\t<\/a>\n\t\t\t\t<\/div>\n\t\t\t\t\t\t\t\t<\/div>\n\t\t\t\t<\/div>\n\t\t\t\t\t<\/div>\n\t\t<\/div>\n\t\t\t\t\t<\/div>\n\t\t<\/section>\n\t\t\t\t\t<\/div>\n\t\t<\/div>\n\t\t\t\t<div class=\"elementor-column elementor-col-50 elementor-top-column elementor-element elementor-element-433cd91c\" data-id=\"433cd91c\" data-element_type=\"column\" data-e-type=\"column\">\n\t\t\t<div class=\"elementor-widget-wrap elementor-element-populated\">\n\t\t\t\t\t\t<div class=\"elementor-element elementor-element-301fbcf elementor-widget elementor-widget-text-editor\" data-id=\"301fbcf\" data-element_type=\"widget\" data-e-type=\"widget\" data-widget_type=\"text-editor.default\">\n\t\t\t\t<div class=\"elementor-widget-container\">\n\t\t\t\t\t\t\t\t\t<p><strong>About Education<\/strong><\/p><p><strong>Implementing and Operating Cisco Enterprise Network Core Technologies (ENCOR)\u00a0<\/strong>training provides the knowledge and skills needed to set up, structure, operate and troubleshoot an organizational network. Education,\u00a0<strong>SD-Access<\/strong>\u00a0and\u00a0<strong>SD-WAN<\/strong>\u00a0You will learn security principles, automation and programmability applications within an enterprise network, while being introduced to overlay network design using solutions.<\/p><p><strong>Prerequisites<\/strong><\/p><p>Knowledge and skills you should have before attending this training:<\/p><ul><li>Implementation of corporate LAN networks<\/li><li>Basic knowledge of enterprise routing and wireless connections<\/li><li>Basic knowledge about Python scripting<\/li><\/ul>\t\t\t\t\t\t\t\t<\/div>\n\t\t\t\t<\/div>\n\t\t\t\t\t<\/div>\n\t\t<\/div>\n\t\t\t\t\t<\/div>\n\t\t<\/section>\n\t\t<div class=\"elementor-element elementor-element-67f8529 e-flex e-con-boxed e-con e-parent\" data-id=\"67f8529\" data-element_type=\"container\" data-e-type=\"container\">\n\t\t\t\t\t<div class=\"e-con-inner\">\n\t\t\t\t<div class=\"elementor-element elementor-element-21f8c1c elementor-widget elementor-widget-text-editor\" data-id=\"21f8c1c\" data-element_type=\"widget\" data-e-type=\"widget\" data-widget_type=\"text-editor.default\">\n\t\t\t\t<div class=\"elementor-widget-container\">\n\t\t\t\t\t\t\t\t\t<p><strong>Duration of Training<\/strong><\/p><p><strong>Toplam S\u00fcre:<\/strong>\u00a05 G\u00fcn (G\u00fcnde 6 saat)<br \/><strong>Toplam E\u011fitim Saati:<\/strong>\u00a030 saat<br \/><strong>E\u011fitim Format\u0131:<\/strong>\u00a0Uygulamal\u0131 ve interaktif y\u00fcz y\u00fcze \/online ortam<\/p><p><strong>Who Should Participate?<\/strong><\/p><ul><li>Beginner and intermediate level network engineers<\/li><li>Network administrators<\/li><li>Network support technicians<\/li><li>Network support technicians<\/li><\/ul><p><strong>Educational Content<\/strong><\/p><ul><li>Cisco Enterprise Network Architecture Review<\/li><li>Exploring Cisco Switching Pathways<\/li><li>Implementing Campus LAN Connectivity<\/li><li>Creating Redundant Switch Topology<\/li><li>Layer 2 Port Aggregation Application<\/li><li>EIGRP\u2019yi Anlama<\/li><li>Implementing OSPF<\/li><li>Optimizing OSPF<\/li><li>Exploring EBGP<\/li><li>Network Redundancy Implementation<\/li><li>NAT Application<\/li><li>Introduction to Virtualization Protocols and Techniques<\/li><li>Understanding Virtual Private Networks and Interfaces<\/li><li>Understanding Wireless Principles<\/li><li>Review Wireless Deployment Options<\/li><li>Understanding Wireless Transit and Location Services<\/li><li>Reviewing Wireless Access Point Operation<\/li><li>Implement Wireless Client Authentication<\/li><li>Troubleshoot Wireless Client Connection<\/li><li>Implementing Network Services<\/li><li>Using Network Analysis Tools<\/li><li>Infrastructure Security Implementation<\/li><li>Implementing Secure Access Control<\/li><li>Exploring the Basics of Python Programming<\/li><li>Exploring Network Programmability Protocols<\/li><li>Exploring Multicast Protocols<\/li><li>Understanding QoS<\/li><li>Enterprise Network Security Architecture Review<\/li><li>Exploring Automation and Assurance Using Cisco DNA Center<\/li><li>Reviewing the Cisco SD-Access Solution<\/li><li>Understanding the Operating Principles of Cisco SD-WAN Solution<\/li><\/ul><p><strong>What You Will Gain at the End of Training<\/strong><\/p><p>When you complete this training you will:<\/p><ul><li>You will develop basic configuration and troubleshooting skills for enterprise networks.<\/li><li>You will gain competence in network security, automation and programmability concepts.<\/li><li>You will gain an understanding of modern networking solutions such as SD-Access and SD-WAN.<\/li><\/ul>\t\t\t\t\t\t\t\t<\/div>\n\t\t\t\t<\/div>\n\t\t\t\t\t<\/div>\n\t\t\t\t<\/div>\n\t\t\t\t<\/div>","protected":false},"excerpt":{"rendered":"<p>E\u011fitimTakvimi<\/p>","protected":false},"author":10,"featured_media":7567,"parent":1312,"menu_order":0,"comment_status":"closed","ping_status":"closed","template":"","meta":{"_monsterinsights_skip_tracking":false,"_monsterinsights_sitenote_active":false,"_monsterinsights_sitenote_note":"","_monsterinsights_sitenote_category":0,"footnotes":""},"class_list":["post-996776","page","type-page","status-publish","has-post-thumbnail","hentry"],"yoast_head":"<!-- This site is optimized with the Yoast SEO Premium plugin v25.9 (Yoast SEO v25.9) - https:\/\/yoast.com\/wordpress\/plugins\/seo\/ -->\n<title>Implementing Cisco Application Centric Infrastructure (DCACI) - Morten<\/title>\n<meta name=\"description\" content=\"Implementing Cisco Application Centric Infrastructure (DCACI) - Morten\" \/>\n<meta name=\"robots\" content=\"index, follow, max-snippet:-1, max-image-preview:large, max-video-preview:-1\" \/>\n<link rel=\"canonical\" href=\"https:\/\/www.morten.com.tr\/en\/egitim-takvimi\/implementing-cisco-application-centric-infrastructure-dcaci-3\/\" \/>\n<meta property=\"og:locale\" content=\"en_US\" \/>\n<meta property=\"og:type\" content=\"article\" \/>\n<meta property=\"og:title\" content=\"Implementing Cisco Application Centric Infrastructure (DCACI)\" \/>\n<meta property=\"og:description\" content=\"Implementing Cisco Application Centric Infrastructure (DCACI) - Morten\" \/>\n<meta property=\"og:url\" content=\"https:\/\/www.morten.com.tr\/en\/egitim-takvimi\/implementing-cisco-application-centric-infrastructure-dcaci-3\/\" \/>\n<meta property=\"og:site_name\" content=\"Morten\" \/>\n<meta property=\"article:publisher\" content=\"https:\/\/www.facebook.com\/BTEgitimMorten\" \/>\n<meta property=\"article:modified_time\" content=\"2026-04-06T09:18:51+00:00\" \/>\n<meta property=\"og:image\" content=\"https:\/\/www.morten.com.tr\/wp-content\/uploads\/2023\/04\/evangeline-shaw-BdV23FLkmxQ-unsplash.jpg\" \/>\n\t<meta property=\"og:image:width\" content=\"740\" \/>\n\t<meta property=\"og:image:height\" content=\"412\" \/>\n\t<meta property=\"og:image:type\" content=\"image\/jpeg\" \/>\n<meta name=\"twitter:card\" content=\"summary_large_image\" \/>\n<meta name=\"twitter:label1\" content=\"Est. reading time\" \/>\n\t<meta name=\"twitter:data1\" content=\"2 minutes\" \/>\n<script type=\"application\/ld+json\" class=\"yoast-schema-graph\">{\"@context\":\"https:\/\/schema.org\",\"@graph\":[{\"@type\":\"WebPage\",\"@id\":\"https:\/\/www.morten.com.tr\/egitim-takvimi\/implementing-cisco-application-centric-infrastructure-dcaci-3\/\",\"url\":\"https:\/\/www.morten.com.tr\/egitim-takvimi\/implementing-cisco-application-centric-infrastructure-dcaci-3\/\",\"name\":\"Implementing Cisco Application Centric Infrastructure (DCACI) - Morten\",\"isPartOf\":{\"@id\":\"https:\/\/www.morten.com.tr\/#website\"},\"primaryImageOfPage\":{\"@id\":\"https:\/\/www.morten.com.tr\/egitim-takvimi\/implementing-cisco-application-centric-infrastructure-dcaci-3\/#primaryimage\"},\"image\":{\"@id\":\"https:\/\/www.morten.com.tr\/egitim-takvimi\/implementing-cisco-application-centric-infrastructure-dcaci-3\/#primaryimage\"},\"thumbnailUrl\":\"https:\/\/www.morten.com.tr\/wp-content\/uploads\/2023\/04\/evangeline-shaw-BdV23FLkmxQ-unsplash.jpg\",\"datePublished\":\"2025-04-07T13:45:57+00:00\",\"dateModified\":\"2026-04-06T09:18:51+00:00\",\"description\":\"Implementing Cisco Application Centric Infrastructure (DCACI) - Morten\",\"breadcrumb\":{\"@id\":\"https:\/\/www.morten.com.tr\/egitim-takvimi\/implementing-cisco-application-centric-infrastructure-dcaci-3\/#breadcrumb\"},\"inLanguage\":\"en-US\",\"potentialAction\":[{\"@type\":\"ReadAction\",\"target\":[\"https:\/\/www.morten.com.tr\/egitim-takvimi\/implementing-cisco-application-centric-infrastructure-dcaci-3\/\"]}]},{\"@type\":\"ImageObject\",\"inLanguage\":\"en-US\",\"@id\":\"https:\/\/www.morten.com.tr\/egitim-takvimi\/implementing-cisco-application-centric-infrastructure-dcaci-3\/#primaryimage\",\"url\":\"https:\/\/www.morten.com.tr\/wp-content\/uploads\/2023\/04\/evangeline-shaw-BdV23FLkmxQ-unsplash.jpg\",\"contentUrl\":\"https:\/\/www.morten.com.tr\/wp-content\/uploads\/2023\/04\/evangeline-shaw-BdV23FLkmxQ-unsplash.jpg\",\"width\":740,\"height\":412},{\"@type\":\"BreadcrumbList\",\"@id\":\"https:\/\/www.morten.com.tr\/egitim-takvimi\/implementing-cisco-application-centric-infrastructure-dcaci-3\/#breadcrumb\",\"itemListElement\":[{\"@type\":\"ListItem\",\"position\":1,\"name\":\"Home\",\"item\":\"https:\/\/www.morten.com.tr\/\"},{\"@type\":\"ListItem\",\"position\":2,\"name\":\"E\u011fitim Takvimi\",\"item\":\"https:\/\/www.morten.com.tr\/egitim-takvimi\/\"},{\"@type\":\"ListItem\",\"position\":3,\"name\":\"Implementing Cisco Application Centric Infrastructure (DCACI)\"}]},{\"@type\":\"WebSite\",\"@id\":\"https:\/\/www.morten.com.tr\/#website\",\"url\":\"https:\/\/www.morten.com.tr\/\",\"name\":\"Morten\",\"description\":\"\",\"publisher\":{\"@id\":\"https:\/\/www.morten.com.tr\/#organization\"},\"potentialAction\":[{\"@type\":\"SearchAction\",\"target\":{\"@type\":\"EntryPoint\",\"urlTemplate\":\"https:\/\/www.morten.com.tr\/?s={search_term_string}\"},\"query-input\":{\"@type\":\"PropertyValueSpecification\",\"valueRequired\":true,\"valueName\":\"search_term_string\"}}],\"inLanguage\":\"en-US\"},{\"@type\":\"Organization\",\"@id\":\"https:\/\/www.morten.com.tr\/#organization\",\"name\":\"Morten Bilgi ve \u0130leti\u015fim Hizmetleri A.\u015e.\",\"alternateName\":\"Morten\",\"url\":\"https:\/\/www.morten.com.tr\/\",\"logo\":{\"@type\":\"ImageObject\",\"inLanguage\":\"en-US\",\"@id\":\"https:\/\/www.morten.com.tr\/#\/schema\/logo\/image\/\",\"url\":\"https:\/\/www.morten.com.tr\/wp-content\/uploads\/2024\/11\/mortenbt.webp\",\"contentUrl\":\"https:\/\/www.morten.com.tr\/wp-content\/uploads\/2024\/11\/mortenbt.webp\",\"width\":265,\"height\":116,\"caption\":\"Morten Bilgi ve \u0130leti\u015fim Hizmetleri A.\u015e.\"},\"image\":{\"@id\":\"https:\/\/www.morten.com.tr\/#\/schema\/logo\/image\/\"},\"sameAs\":[\"https:\/\/www.facebook.com\/BTEgitimMorten\"]}]}<\/script>\n<!-- \/ Yoast SEO Premium plugin. -->","yoast_head_json":{"title":"Implementing Cisco Application Centric Infrastructure (DCACI) - Morten","description":"Implementing Cisco Application Centric Infrastructure (DCACI) - Morten","robots":{"index":"index","follow":"follow","max-snippet":"max-snippet:-1","max-image-preview":"max-image-preview:large","max-video-preview":"max-video-preview:-1"},"canonical":"https:\/\/www.morten.com.tr\/en\/egitim-takvimi\/implementing-cisco-application-centric-infrastructure-dcaci-3\/","og_locale":"en_US","og_type":"article","og_title":"Implementing Cisco Application Centric Infrastructure (DCACI)","og_description":"Implementing Cisco Application Centric Infrastructure (DCACI) - Morten","og_url":"https:\/\/www.morten.com.tr\/en\/egitim-takvimi\/implementing-cisco-application-centric-infrastructure-dcaci-3\/","og_site_name":"Morten","article_publisher":"https:\/\/www.facebook.com\/BTEgitimMorten","article_modified_time":"2026-04-06T09:18:51+00:00","og_image":[{"width":740,"height":412,"url":"https:\/\/www.morten.com.tr\/wp-content\/uploads\/2023\/04\/evangeline-shaw-BdV23FLkmxQ-unsplash.jpg","type":"image\/jpeg"}],"twitter_card":"summary_large_image","twitter_misc":{"Est. reading time":"2 minutes"},"schema":{"@context":"https:\/\/schema.org","@graph":[{"@type":"WebPage","@id":"https:\/\/www.morten.com.tr\/egitim-takvimi\/implementing-cisco-application-centric-infrastructure-dcaci-3\/","url":"https:\/\/www.morten.com.tr\/egitim-takvimi\/implementing-cisco-application-centric-infrastructure-dcaci-3\/","name":"Implementing Cisco Application Centric Infrastructure (DCACI) - Morten","isPartOf":{"@id":"https:\/\/www.morten.com.tr\/#website"},"primaryImageOfPage":{"@id":"https:\/\/www.morten.com.tr\/egitim-takvimi\/implementing-cisco-application-centric-infrastructure-dcaci-3\/#primaryimage"},"image":{"@id":"https:\/\/www.morten.com.tr\/egitim-takvimi\/implementing-cisco-application-centric-infrastructure-dcaci-3\/#primaryimage"},"thumbnailUrl":"https:\/\/www.morten.com.tr\/wp-content\/uploads\/2023\/04\/evangeline-shaw-BdV23FLkmxQ-unsplash.jpg","datePublished":"2025-04-07T13:45:57+00:00","dateModified":"2026-04-06T09:18:51+00:00","description":"Implementing Cisco Application Centric Infrastructure (DCACI) - Morten","breadcrumb":{"@id":"https:\/\/www.morten.com.tr\/egitim-takvimi\/implementing-cisco-application-centric-infrastructure-dcaci-3\/#breadcrumb"},"inLanguage":"en-US","potentialAction":[{"@type":"ReadAction","target":["https:\/\/www.morten.com.tr\/egitim-takvimi\/implementing-cisco-application-centric-infrastructure-dcaci-3\/"]}]},{"@type":"ImageObject","inLanguage":"en-US","@id":"https:\/\/www.morten.com.tr\/egitim-takvimi\/implementing-cisco-application-centric-infrastructure-dcaci-3\/#primaryimage","url":"https:\/\/www.morten.com.tr\/wp-content\/uploads\/2023\/04\/evangeline-shaw-BdV23FLkmxQ-unsplash.jpg","contentUrl":"https:\/\/www.morten.com.tr\/wp-content\/uploads\/2023\/04\/evangeline-shaw-BdV23FLkmxQ-unsplash.jpg","width":740,"height":412},{"@type":"BreadcrumbList","@id":"https:\/\/www.morten.com.tr\/egitim-takvimi\/implementing-cisco-application-centric-infrastructure-dcaci-3\/#breadcrumb","itemListElement":[{"@type":"ListItem","position":1,"name":"Home","item":"https:\/\/www.morten.com.tr\/"},{"@type":"ListItem","position":2,"name":"E\u011fitim Takvimi","item":"https:\/\/www.morten.com.tr\/egitim-takvimi\/"},{"@type":"ListItem","position":3,"name":"Implementing Cisco Application Centric Infrastructure (DCACI)"}]},{"@type":"WebSite","@id":"https:\/\/www.morten.com.tr\/#website","url":"https:\/\/www.morten.com.tr\/","name":"Morten","description":"","publisher":{"@id":"https:\/\/www.morten.com.tr\/#organization"},"potentialAction":[{"@type":"SearchAction","target":{"@type":"EntryPoint","urlTemplate":"https:\/\/www.morten.com.tr\/?s={search_term_string}"},"query-input":{"@type":"PropertyValueSpecification","valueRequired":true,"valueName":"search_term_string"}}],"inLanguage":"en-US"},{"@type":"Organization","@id":"https:\/\/www.morten.com.tr\/#organization","name":"Morten Information and Communication Services Inc.","alternateName":"Morten","url":"https:\/\/www.morten.com.tr\/","logo":{"@type":"ImageObject","inLanguage":"en-US","@id":"https:\/\/www.morten.com.tr\/#\/schema\/logo\/image\/","url":"https:\/\/www.morten.com.tr\/wp-content\/uploads\/2024\/11\/mortenbt.webp","contentUrl":"https:\/\/www.morten.com.tr\/wp-content\/uploads\/2024\/11\/mortenbt.webp","width":265,"height":116,"caption":"Morten Bilgi ve \u0130leti\u015fim Hizmetleri A.\u015e."},"image":{"@id":"https:\/\/www.morten.com.tr\/#\/schema\/logo\/image\/"},"sameAs":["https:\/\/www.facebook.com\/BTEgitimMorten"]}]}},"_links":{"self":[{"href":"https:\/\/www.morten.com.tr\/en\/wp-json\/wp\/v2\/pages\/996776"}],"collection":[{"href":"https:\/\/www.morten.com.tr\/en\/wp-json\/wp\/v2\/pages"}],"about":[{"href":"https:\/\/www.morten.com.tr\/en\/wp-json\/wp\/v2\/types\/page"}],"author":[{"embeddable":true,"href":"https:\/\/www.morten.com.tr\/en\/wp-json\/wp\/v2\/users\/10"}],"replies":[{"embeddable":true,"href":"https:\/\/www.morten.com.tr\/en\/wp-json\/wp\/v2\/comments?post=996776"}],"version-history":[{"count":39,"href":"https:\/\/www.morten.com.tr\/en\/wp-json\/wp\/v2\/pages\/996776\/revisions"}],"predecessor-version":[{"id":998075,"href":"https:\/\/www.morten.com.tr\/en\/wp-json\/wp\/v2\/pages\/996776\/revisions\/998075"}],"up":[{"embeddable":true,"href":"https:\/\/www.morten.com.tr\/en\/wp-json\/wp\/v2\/pages\/1312"}],"wp:featuredmedia":[{"embeddable":true,"href":"https:\/\/www.morten.com.tr\/en\/wp-json\/wp\/v2\/media\/7567"}],"wp:attachment":[{"href":"https:\/\/www.morten.com.tr\/en\/wp-json\/wp\/v2\/media?parent=996776"}],"curies":[{"name":"wp","href":"https:\/\/api.w.org\/{rel}","templated":true}]}}