{"id":997733,"date":"2025-11-13T14:19:16","date_gmt":"2025-11-13T11:19:16","guid":{"rendered":"https:\/\/www.morten.com.tr\/?page_id=997733"},"modified":"2025-11-14T15:54:00","modified_gmt":"2025-11-14T12:54:00","slug":"yonetilen-hizmetler","status":"publish","type":"page","link":"https:\/\/www.morten.com.tr\/en\/cozumlerimiz\/yonetilen-hizmetler\/","title":{"rendered":"Managed Services"},"content":{"rendered":"<div data-elementor-type=\"wp-page\" data-elementor-id=\"997733\" class=\"elementor elementor-997733\" data-elementor-post-type=\"page\">\n\t\t\t\t\t\t<section class=\"elementor-section elementor-top-section elementor-element elementor-element-005c51e elementor-section-content-middle elementor-reverse-mobile elementor-section-boxed elementor-section-height-default elementor-section-height-default\" data-id=\"005c51e\" data-element_type=\"section\" data-e-type=\"section\">\n\t\t\t\t\t\t<div class=\"elementor-container elementor-column-gap-no\">\n\t\t\t\t\t<div class=\"elementor-column elementor-col-50 elementor-top-column elementor-element elementor-element-dd024f3\" data-id=\"dd024f3\" data-element_type=\"column\" data-e-type=\"column\" data-settings=\"{&quot;background_background&quot;:&quot;classic&quot;}\">\n\t\t\t<div class=\"elementor-widget-wrap elementor-element-populated\">\n\t\t\t\t\t\t<div class=\"elementor-element elementor-element-dbac133 elementor-widget elementor-widget-spacer\" data-id=\"dbac133\" data-element_type=\"widget\" data-e-type=\"widget\" data-widget_type=\"spacer.default\">\n\t\t\t\t<div class=\"elementor-widget-container\">\n\t\t\t\t\t\t\t<div class=\"elementor-spacer\">\n\t\t\t<div class=\"elementor-spacer-inner\"><\/div>\n\t\t<\/div>\n\t\t\t\t\t\t<\/div>\n\t\t\t\t<\/div>\n\t\t\t\t\t<\/div>\n\t\t<\/div>\n\t\t\t\t<div class=\"elementor-column elementor-col-50 elementor-top-column elementor-element elementor-element-8a40fa3\" data-id=\"8a40fa3\" data-element_type=\"column\" data-e-type=\"column\">\n\t\t\t<div class=\"elementor-widget-wrap elementor-element-populated\">\n\t\t\t\t\t\t<div class=\"elementor-element elementor-element-4f3c43c elementor-widget elementor-widget-text-editor\" data-id=\"4f3c43c\" data-element_type=\"widget\" data-e-type=\"widget\" data-widget_type=\"text-editor.default\">\n\t\t\t\t<div class=\"elementor-widget-container\">\n\t\t\t\t\t\t\t\t\t<p><b><span lang=\"tr\" data-olk-copy-source=\"MessageBody\">Ensure Your Business Continuity with Morten Managed Services<\/span><\/b><\/p><p class=\"translation-block\"><span lang=\"tr\">In today\u2019s rapidly changing digital world, the uninterrupted and efficient operation of your IT infrastructure is critical. Our expert team, offering solutions integrated with Cisco technologies, monitors and optimizes your systems 24\/7, preventing potential problems before they occur, with managed services<\/span><span lang=\"tr\">\u00a0<\/span><b><span lang=\"tr\"> specifically designed for your business\u2019s needs.<\/span><span lang=\"tr\">\u00a0<\/span><span lang=\"tr\"><\/p><p><span lang=\"tr\">\u00a0<\/span><\/p><p><span lang=\"tr\">\u00a0<\/span><\/p><p><span lang=\"tr\">\u00a0<\/span><\/p>\t\t\t\t\t\t\t\t<\/div>\n\t\t\t\t<\/div>\n\t\t\t\t\t<\/div>\n\t\t<\/div>\n\t\t\t\t\t<\/div>\n\t\t<\/section>\n\t\t<div class=\"elementor-element elementor-element-e021a1a e-flex e-con-boxed e-con e-parent\" data-id=\"e021a1a\" data-element_type=\"container\" data-e-type=\"container\">\n\t\t\t\t\t<div class=\"e-con-inner\">\n\t\t\t\t<div class=\"elementor-element elementor-element-27f39cf elementor-widget elementor-widget-text-editor\" data-id=\"27f39cf\" data-element_type=\"widget\" data-e-type=\"widget\" data-widget_type=\"text-editor.default\">\n\t\t\t\t<div class=\"elementor-widget-container\">\n\t\t\t\t\t\t\t\t\t<p><b><span data-olk-copy-source=\"MessageBody\">The Value That Managed Services Will Add to Your Business<\/span><\/b><\/p><ul type=\"disc\"><li><b>Kesintisiz \u00c7al\u0131\u015fma:<\/b>\u00a07\/24 izleme ve proaktif m\u00fcdahale ile sistem kesintilerini minimuma indirir.<\/li><li class=\"translation-block\"><strong>Access to Expertise:<\/strong> Thanks to our certified experts, we take the burden of complex network management off your shoulders and streamline your operations with best practices.<\/li><li class=\"translation-block\"><strong>Cost Efficiency:<\/strong> Eliminates investment costs, reduces operational burden while keeping your budget under control with a predictable OPEX model.<\/li><li class=\"translation-block\"><b>Expert Support:<\/b> Always the right solution and fast action with our Cisco certified engineers.<\/li><li class=\"translation-block\"><strong>Focus on Core Businesses<\/strong>\u00a0Enable your internal IT team to spend more time on strategic projects. Simplify processes and increase efficiency by consolidating complex IT operations under a single managed services provider.<\/li><li class=\"translation-block\"><b>Security Assurance:<\/b> Your network is constantly monitored and threats are blocked before they occur.<\/li><li><b>Performans Art\u0131\u015f\u0131:<\/b>\u00a0A\u011f trafi\u011fi ve cihaz performans\u0131 d\u00fczenli analiz edilerek darbo\u011fazlar \u00f6nceden \u00e7\u00f6z\u00fcl\u00fcr.<\/li><li class=\"translation-block\"><b>Performance Increase:<\/b> Network traffic and device performance are regularly analyzed to prevent bottlenecks.<\/li><li class=\"translation-block\"><b>Flexible and Scalable:<\/b> Your infrastructure easily adapts as your business grows.<\/li><\/ul>\t\t\t\t\t\t\t\t<\/div>\n\t\t\t\t<\/div>\n\t\t\t\t\t<\/div>\n\t\t\t\t<\/div>\n\t\t<div class=\"elementor-element elementor-element-b1d906f e-flex e-con-boxed e-con e-parent\" data-id=\"b1d906f\" data-element_type=\"container\" data-e-type=\"container\">\n\t\t\t\t\t<div class=\"e-con-inner\">\n\t\t\t\t<div class=\"elementor-element elementor-element-e6a2f38 elementor-widget-divider--view-line elementor-widget elementor-widget-divider\" data-id=\"e6a2f38\" data-element_type=\"widget\" data-e-type=\"widget\" data-widget_type=\"divider.default\">\n\t\t\t\t<div class=\"elementor-widget-container\">\n\t\t\t\t\t\t\t<div class=\"elementor-divider\">\n\t\t\t<span class=\"elementor-divider-separator\">\n\t\t\t\t\t\t<\/span>\n\t\t<\/div>\n\t\t\t\t\t\t<\/div>\n\t\t\t\t<\/div>\n\t\t\t\t\t<\/div>\n\t\t\t\t<\/div>\n\t\t<div class=\"elementor-element elementor-element-2bf0b5d e-grid e-con-boxed e-con e-parent\" data-id=\"2bf0b5d\" data-element_type=\"container\" data-e-type=\"container\">\n\t\t\t\t\t<div class=\"e-con-inner\">\n\t\t\t\t<div class=\"elementor-element elementor-element-02eeb2e elementor-widget__width-initial elementor-cta--skin-classic elementor-animated-content elementor-bg-transform elementor-bg-transform-zoom-in elementor-widget elementor-widget-call-to-action\" data-id=\"02eeb2e\" data-element_type=\"widget\" data-e-type=\"widget\" data-widget_type=\"call-to-action.default\">\n\t\t\t\t<div class=\"elementor-widget-container\">\n\t\t\t\t\t\t\t<div class=\"elementor-cta\">\n\t\t\t\t\t\t\t<div class=\"elementor-cta__content\">\n\t\t\t\t\t\t\t\t\t<div class=\"elementor-content-item elementor-cta__content-item elementor-icon-wrapper elementor-cta__icon elementor-view-default\">\n\t\t\t\t\t\t<div class=\"elementor-icon\">\n\t\t\t\t\t\t\t<i aria-hidden=\"true\" class=\"vamtamtheme- vamtam-theme-Cloud\"><\/i>\t\t\t\t\t\t<\/div>\n\t\t\t\t\t<\/div>\n\t\t\t\t\n\t\t\t\t\t\t\t\t\t<h3 class=\"elementor-cta__title elementor-cta__content-item elementor-content-item\">\n\t\t\t\t\t\tManaged SD-WAN Services\t\t\t\t\t<\/h3>\n\t\t\t\t\n\t\t\t\t\t\t\t\t\t<div class=\"elementor-cta__description elementor-cta__content-item elementor-content-item\">\n\t\t\t\t\t\tMorten Managed SD-WAN Service provides a secure, flexible and centrally manageable network solution to accelerate customers' digital transformation processes. It enables companies to gain a competitive advantage with its high performance, comprehensive security, compliance and business continuity features.\t\t\t\t\t<\/div>\n\t\t\t\t\n\t\t\t\t\t\t\t\t\t<div class=\"elementor-cta__button-wrapper elementor-cta__content-item elementor-content-item\">\n\t\t\t\t\t<a class=\"elementor-cta__button elementor-button elementor-size-\" href=\"https:\/\/www.morten.com.tr\/en\/cozumlerimiz\/yonetilen-hizmetler\/yonetilen-sd-wan-hizmetleri\/\">\n\t\t\t\t\t\tShow More \t\t\t\t\t<\/a>\n\t\t\t\t\t<\/div>\n\t\t\t\t\t\t\t<\/div>\n\t\t\t\t\t\t<\/div>\n\t\t\t\t\t\t<\/div>\n\t\t\t\t<\/div>\n\t\t\t\t<div class=\"elementor-element elementor-element-8179659 elementor-cta--skin-classic elementor-animated-content elementor-bg-transform elementor-bg-transform-zoom-in elementor-widget elementor-widget-call-to-action\" data-id=\"8179659\" data-element_type=\"widget\" data-e-type=\"widget\" data-widget_type=\"call-to-action.default\">\n\t\t\t\t<div class=\"elementor-widget-container\">\n\t\t\t\t\t\t\t<div class=\"elementor-cta\">\n\t\t\t\t\t\t\t<div class=\"elementor-cta__content\">\n\t\t\t\t\t\t\t\t\t<div class=\"elementor-content-item elementor-cta__content-item elementor-icon-wrapper elementor-cta__icon elementor-view-default\">\n\t\t\t\t\t\t<div class=\"elementor-icon\">\n\t\t\t\t\t\t\t<i aria-hidden=\"true\" class=\"vamtamtheme- vamtam-theme-Process\"><\/i>\t\t\t\t\t\t<\/div>\n\t\t\t\t\t<\/div>\n\t\t\t\t\n\t\t\t\t\t\t\t\t\t<h3 class=\"elementor-cta__title elementor-cta__content-item elementor-content-item\">\n\t\t\t\t\t\tManaged Campus Access Services\t\t\t\t\t<\/h3>\n\t\t\t\t\n\t\t\t\t\t\t\t\t\t<div class=\"elementor-cta__description elementor-cta__content-item elementor-content-item translation-block\">On modern campuses, network management has become more critical than ever due to complex infrastructures and increasing security needs. <strong>Managed Campus Access<\/strong> is an enterprise-grade service that enables businesses to manage, secure, and optimize the performance of their campus networks end-to-end.<\/div>\n\t\t\t\t\n\t\t\t\t\t\t\t\t\t<div class=\"elementor-cta__button-wrapper elementor-cta__content-item elementor-content-item\">\n\t\t\t\t\t<a class=\"elementor-cta__button elementor-button elementor-size-\" href=\"https:\/\/www.morten.com.tr\/en\/cozumlerimiz\/yonetilen-hizmetler\/yonetilen-campus-access-hizmetleri\/\">\n\t\t\t\t\t\tShow More \t\t\t\t\t<\/a>\n\t\t\t\t\t<\/div>\n\t\t\t\t\t\t\t<\/div>\n\t\t\t\t\t\t<\/div>\n\t\t\t\t\t\t<\/div>\n\t\t\t\t<\/div>\n\t\t\t\t\t<\/div>\n\t\t\t\t<\/div>\n\t\t\t\t<\/div>","protected":false},"excerpt":{"rendered":"<p>Why hire an internal IT person, when you can have an entire team of IT experts for a fraction of the cost?<\/p>","protected":false},"author":8,"featured_media":0,"parent":465,"menu_order":0,"comment_status":"closed","ping_status":"closed","template":"","meta":{"_monsterinsights_skip_tracking":false,"_monsterinsights_sitenote_active":false,"_monsterinsights_sitenote_note":"","_monsterinsights_sitenote_category":0,"footnotes":""},"class_list":["post-997733","page","type-page","status-publish","hentry"],"yoast_head":"<!-- This site is optimized with the Yoast SEO Premium plugin v25.9 (Yoast SEO v25.9) - https:\/\/yoast.com\/wordpress\/plugins\/seo\/ -->\n<title>Y\u00f6netilen Hizmetler - Morten<\/title>\n<meta name=\"description\" content=\"Y\u00f6netilen Hizmetler - Morten - \u0130\u015f ihtiya\u00e7lar\u0131n\u0131za g\u00f6re uyarlanm\u0131\u015f, verimli ve g\u00fcvenli a\u011f altyap\u0131s\u0131 sa\u011flayan \u00f6zelle\u015ftirilmi\u015f a\u011f \u00e7\u00f6z\u00fcmlerini ke\u015ffedin.\" \/>\n<meta name=\"robots\" content=\"index, follow, max-snippet:-1, max-image-preview:large, max-video-preview:-1\" \/>\n<link rel=\"canonical\" href=\"https:\/\/www.morten.com.tr\/en\/cozumlerimiz\/yonetilen-hizmetler\/\" \/>\n<meta property=\"og:locale\" content=\"en_US\" \/>\n<meta property=\"og:type\" content=\"article\" \/>\n<meta property=\"og:title\" content=\"Y\u00f6netilen Hizmetler\" \/>\n<meta property=\"og:description\" content=\"Y\u00f6netilen Hizmetler - Morten - \u0130\u015f ihtiya\u00e7lar\u0131n\u0131za g\u00f6re uyarlanm\u0131\u015f, verimli ve g\u00fcvenli a\u011f altyap\u0131s\u0131 sa\u011flayan \u00f6zelle\u015ftirilmi\u015f a\u011f \u00e7\u00f6z\u00fcmlerini ke\u015ffedin.\" \/>\n<meta property=\"og:url\" content=\"https:\/\/www.morten.com.tr\/en\/cozumlerimiz\/yonetilen-hizmetler\/\" \/>\n<meta property=\"og:site_name\" content=\"Morten\" \/>\n<meta property=\"article:publisher\" content=\"https:\/\/www.facebook.com\/BTEgitimMorten\" \/>\n<meta property=\"article:modified_time\" content=\"2025-11-14T12:54:00+00:00\" \/>\n<meta name=\"twitter:card\" content=\"summary_large_image\" \/>\n<meta name=\"twitter:label1\" content=\"Est. reading time\" \/>\n\t<meta name=\"twitter:data1\" content=\"2 minutes\" \/>\n<script type=\"application\/ld+json\" class=\"yoast-schema-graph\">{\"@context\":\"https:\/\/schema.org\",\"@graph\":[{\"@type\":\"WebPage\",\"@id\":\"https:\/\/www.morten.com.tr\/cozumlerimiz\/yonetilen-hizmetler\/\",\"url\":\"https:\/\/www.morten.com.tr\/cozumlerimiz\/yonetilen-hizmetler\/\",\"name\":\"Y\u00f6netilen Hizmetler - Morten\",\"isPartOf\":{\"@id\":\"https:\/\/www.morten.com.tr\/#website\"},\"datePublished\":\"2025-11-13T11:19:16+00:00\",\"dateModified\":\"2025-11-14T12:54:00+00:00\",\"description\":\"Y\u00f6netilen Hizmetler - Morten - \u0130\u015f ihtiya\u00e7lar\u0131n\u0131za g\u00f6re uyarlanm\u0131\u015f, verimli ve g\u00fcvenli a\u011f altyap\u0131s\u0131 sa\u011flayan \u00f6zelle\u015ftirilmi\u015f a\u011f \u00e7\u00f6z\u00fcmlerini ke\u015ffedin.\",\"breadcrumb\":{\"@id\":\"https:\/\/www.morten.com.tr\/cozumlerimiz\/yonetilen-hizmetler\/#breadcrumb\"},\"inLanguage\":\"en-US\",\"potentialAction\":[{\"@type\":\"ReadAction\",\"target\":[\"https:\/\/www.morten.com.tr\/cozumlerimiz\/yonetilen-hizmetler\/\"]}]},{\"@type\":\"BreadcrumbList\",\"@id\":\"https:\/\/www.morten.com.tr\/cozumlerimiz\/yonetilen-hizmetler\/#breadcrumb\",\"itemListElement\":[{\"@type\":\"ListItem\",\"position\":1,\"name\":\"Home\",\"item\":\"https:\/\/www.morten.com.tr\/\"},{\"@type\":\"ListItem\",\"position\":2,\"name\":\"\u00c7\u00f6z\u00fcmlerimizY\u00f6nlendirme\",\"item\":\"https:\/\/morten.com.tr\/cozumlerimiz\/\"},{\"@type\":\"ListItem\",\"position\":3,\"name\":\"Y\u00f6netilen Hizmetler\"}]},{\"@type\":\"WebSite\",\"@id\":\"https:\/\/www.morten.com.tr\/#website\",\"url\":\"https:\/\/www.morten.com.tr\/\",\"name\":\"Morten\",\"description\":\"\",\"publisher\":{\"@id\":\"https:\/\/www.morten.com.tr\/#organization\"},\"potentialAction\":[{\"@type\":\"SearchAction\",\"target\":{\"@type\":\"EntryPoint\",\"urlTemplate\":\"https:\/\/www.morten.com.tr\/?s={search_term_string}\"},\"query-input\":{\"@type\":\"PropertyValueSpecification\",\"valueRequired\":true,\"valueName\":\"search_term_string\"}}],\"inLanguage\":\"en-US\"},{\"@type\":\"Organization\",\"@id\":\"https:\/\/www.morten.com.tr\/#organization\",\"name\":\"Morten Bilgi ve \u0130leti\u015fim Hizmetleri A.\u015e.\",\"alternateName\":\"Morten\",\"url\":\"https:\/\/www.morten.com.tr\/\",\"logo\":{\"@type\":\"ImageObject\",\"inLanguage\":\"en-US\",\"@id\":\"https:\/\/www.morten.com.tr\/#\/schema\/logo\/image\/\",\"url\":\"https:\/\/www.morten.com.tr\/wp-content\/uploads\/2024\/11\/mortenbt.webp\",\"contentUrl\":\"https:\/\/www.morten.com.tr\/wp-content\/uploads\/2024\/11\/mortenbt.webp\",\"width\":265,\"height\":116,\"caption\":\"Morten Bilgi ve \u0130leti\u015fim Hizmetleri A.\u015e.\"},\"image\":{\"@id\":\"https:\/\/www.morten.com.tr\/#\/schema\/logo\/image\/\"},\"sameAs\":[\"https:\/\/www.facebook.com\/BTEgitimMorten\"]}]}<\/script>\n<!-- \/ Yoast SEO Premium plugin. -->","yoast_head_json":{"title":"Y\u00f6netilen Hizmetler - Morten","description":"Y\u00f6netilen Hizmetler - Morten - \u0130\u015f ihtiya\u00e7lar\u0131n\u0131za g\u00f6re uyarlanm\u0131\u015f, verimli ve g\u00fcvenli a\u011f altyap\u0131s\u0131 sa\u011flayan \u00f6zelle\u015ftirilmi\u015f a\u011f \u00e7\u00f6z\u00fcmlerini ke\u015ffedin.","robots":{"index":"index","follow":"follow","max-snippet":"max-snippet:-1","max-image-preview":"max-image-preview:large","max-video-preview":"max-video-preview:-1"},"canonical":"https:\/\/www.morten.com.tr\/en\/cozumlerimiz\/yonetilen-hizmetler\/","og_locale":"en_US","og_type":"article","og_title":"Y\u00f6netilen Hizmetler","og_description":"Y\u00f6netilen Hizmetler - Morten - \u0130\u015f ihtiya\u00e7lar\u0131n\u0131za g\u00f6re uyarlanm\u0131\u015f, verimli ve g\u00fcvenli a\u011f altyap\u0131s\u0131 sa\u011flayan \u00f6zelle\u015ftirilmi\u015f a\u011f \u00e7\u00f6z\u00fcmlerini ke\u015ffedin.","og_url":"https:\/\/www.morten.com.tr\/en\/cozumlerimiz\/yonetilen-hizmetler\/","og_site_name":"Morten","article_publisher":"https:\/\/www.facebook.com\/BTEgitimMorten","article_modified_time":"2025-11-14T12:54:00+00:00","twitter_card":"summary_large_image","twitter_misc":{"Est. reading time":"2 minutes"},"schema":{"@context":"https:\/\/schema.org","@graph":[{"@type":"WebPage","@id":"https:\/\/www.morten.com.tr\/cozumlerimiz\/yonetilen-hizmetler\/","url":"https:\/\/www.morten.com.tr\/cozumlerimiz\/yonetilen-hizmetler\/","name":"Y\u00f6netilen Hizmetler - Morten","isPartOf":{"@id":"https:\/\/www.morten.com.tr\/#website"},"datePublished":"2025-11-13T11:19:16+00:00","dateModified":"2025-11-14T12:54:00+00:00","description":"Y\u00f6netilen Hizmetler - Morten - \u0130\u015f ihtiya\u00e7lar\u0131n\u0131za g\u00f6re uyarlanm\u0131\u015f, verimli ve g\u00fcvenli a\u011f altyap\u0131s\u0131 sa\u011flayan \u00f6zelle\u015ftirilmi\u015f a\u011f \u00e7\u00f6z\u00fcmlerini ke\u015ffedin.","breadcrumb":{"@id":"https:\/\/www.morten.com.tr\/cozumlerimiz\/yonetilen-hizmetler\/#breadcrumb"},"inLanguage":"en-US","potentialAction":[{"@type":"ReadAction","target":["https:\/\/www.morten.com.tr\/cozumlerimiz\/yonetilen-hizmetler\/"]}]},{"@type":"BreadcrumbList","@id":"https:\/\/www.morten.com.tr\/cozumlerimiz\/yonetilen-hizmetler\/#breadcrumb","itemListElement":[{"@type":"ListItem","position":1,"name":"Home","item":"https:\/\/www.morten.com.tr\/"},{"@type":"ListItem","position":2,"name":"\u00c7\u00f6z\u00fcmlerimizY\u00f6nlendirme","item":"https:\/\/morten.com.tr\/cozumlerimiz\/"},{"@type":"ListItem","position":3,"name":"Y\u00f6netilen Hizmetler"}]},{"@type":"WebSite","@id":"https:\/\/www.morten.com.tr\/#website","url":"https:\/\/www.morten.com.tr\/","name":"Morten","description":"","publisher":{"@id":"https:\/\/www.morten.com.tr\/#organization"},"potentialAction":[{"@type":"SearchAction","target":{"@type":"EntryPoint","urlTemplate":"https:\/\/www.morten.com.tr\/?s={search_term_string}"},"query-input":{"@type":"PropertyValueSpecification","valueRequired":true,"valueName":"search_term_string"}}],"inLanguage":"en-US"},{"@type":"Organization","@id":"https:\/\/www.morten.com.tr\/#organization","name":"Morten Information and Communication Services Inc.","alternateName":"Morten","url":"https:\/\/www.morten.com.tr\/","logo":{"@type":"ImageObject","inLanguage":"en-US","@id":"https:\/\/www.morten.com.tr\/#\/schema\/logo\/image\/","url":"https:\/\/www.morten.com.tr\/wp-content\/uploads\/2024\/11\/mortenbt.webp","contentUrl":"https:\/\/www.morten.com.tr\/wp-content\/uploads\/2024\/11\/mortenbt.webp","width":265,"height":116,"caption":"Morten Bilgi ve \u0130leti\u015fim Hizmetleri A.\u015e."},"image":{"@id":"https:\/\/www.morten.com.tr\/#\/schema\/logo\/image\/"},"sameAs":["https:\/\/www.facebook.com\/BTEgitimMorten"]}]}},"_links":{"self":[{"href":"https:\/\/www.morten.com.tr\/en\/wp-json\/wp\/v2\/pages\/997733"}],"collection":[{"href":"https:\/\/www.morten.com.tr\/en\/wp-json\/wp\/v2\/pages"}],"about":[{"href":"https:\/\/www.morten.com.tr\/en\/wp-json\/wp\/v2\/types\/page"}],"author":[{"embeddable":true,"href":"https:\/\/www.morten.com.tr\/en\/wp-json\/wp\/v2\/users\/8"}],"replies":[{"embeddable":true,"href":"https:\/\/www.morten.com.tr\/en\/wp-json\/wp\/v2\/comments?post=997733"}],"version-history":[{"count":22,"href":"https:\/\/www.morten.com.tr\/en\/wp-json\/wp\/v2\/pages\/997733\/revisions"}],"predecessor-version":[{"id":997792,"href":"https:\/\/www.morten.com.tr\/en\/wp-json\/wp\/v2\/pages\/997733\/revisions\/997792"}],"up":[{"embeddable":true,"href":"https:\/\/www.morten.com.tr\/en\/wp-json\/wp\/v2\/pages\/465"}],"wp:attachment":[{"href":"https:\/\/www.morten.com.tr\/en\/wp-json\/wp\/v2\/media?parent=997733"}],"curies":[{"name":"wp","href":"https:\/\/api.w.org\/{rel}","templated":true}]}}